{"id":241,"date":"2014-09-08T15:15:25","date_gmt":"2014-09-08T18:15:25","guid":{"rendered":"https:\/\/exatas.ufpr.br\/degraf\/?page_id=241"},"modified":"2024-03-12T11:07:47","modified_gmt":"2024-03-12T14:07:47","slug":"graphica2007fl","status":"publish","type":"page","link":"https:\/\/exatas.ufpr.br\/degraf\/graphica2007fl\/","title":{"rendered":"Graphica 2007"},"content":{"rendered":"<p><a href=\"https:\/\/www.degraf.ufpr.br\/graphica2007\/\" target=\"_blank\" rel=\"noopener\"><img decoding=\"async\" class=\"alignleft\" src=\"https:\/\/exatas.ufpr.br\/degraf\/wp-content\/uploads\/sites\/2\/2024\/03\/graphicaLogo.jpg\" alt=\"graphica\" \/><\/a><\/p>\n<p class=\"normal\">VII International Conference on Graphics Engineering for Arts and Design<br \/>\nXVIII Simp\u00f3sio Nacional de Geometria Descritiva e Desenho T\u00e9cnico<br \/>\nRealizado de 11 a 14 de novembro de 2007 na UFPR<br \/>\nISBN do Livro de Resumos: 978-85-61172-00-8<br \/>\nISBN do CD: 978-85-61172-01-5<\/p>\n<p class=\"normal\"><a href=\"fotos-graphica\">Clique aqui<\/a> para ver as fotos do evento<\/p>\n<hr \/>\n<h5>Trabalhos publicados em ordem alfab\u00e9tica:<\/h5>\n<div class=\"not4\"><a href=\"graphica2007a\">Letra A<\/a><\/div>\n<div class=\"not4\"><a href=\"graphica2007bc\">B-C<\/a><\/div>\n<div class=\"not4\"><a href=\"graphica2007de\">D-E<\/a><\/div>\n<div class=\"not4\">F-L<\/div>\n<div class=\"not4\"><a href=\"graphica2007mo\">M-O<\/a><\/div>\n<div class=\"not4\"><a href=\"graphica2007pr\">P-R<\/a><\/div>\n<div class=\"not4\"><a href=\"graphica2007su\">S-U<\/a><\/div>\n<table>\n<tbody>\n<tr>\n<td><a href=\"https:\/\/www.degraf.ufpr.br\/graphica2007\/artigos\/FERRAMENTAS.pdf\" target=\"_blank\" rel=\"noopener\">FERRAMENTAS E ABORDAGENS INERENTES AO ATO PROJETUAL: UMA PROPOSTA DE GUIA REFLEXIVO NO PROJETO DE PRODUTO<\/a><br \/>\nElbrio Martins Rodrigues, Simone Melo da Rosa<\/td>\n<\/tr>\n<tr>\n<td><a href=\"https:\/\/www.degraf.ufpr.br\/graphica2007\/artigos\/FORMACAOEMLINGUAGEM.pdf\" target=\"_blank\" rel=\"noopener\">FORMA\u00c7\u00c3O EM LINGUAGEM VISUAL<\/a><br \/>\nEsequiel Rodrigues Oliveira, Maria Ignez Rocha David, Maria Ruth Machado Fellows, Soraya Barcellos Izar<\/td>\n<\/tr>\n<tr>\n<td><a href=\"https:\/\/www.degraf.ufpr.br\/graphica2007\/artigos\/FORMA%20E%20PERCEPCAO%20VISUAL.pdf\" target=\"_blank\" rel=\"noopener\">FORMA E PERCEP\u00c7\u00c3O VISUAL<\/a><br \/>\nEvandro de Morais Ramos, Rosemara Staub Barros Zago<\/td>\n<\/tr>\n<tr>\n<td><a href=\"https:\/\/www.degraf.ufpr.br\/graphica2007\/artigos\/Mini-Curso7.pdf\" target=\"_blank\" rel=\"noopener\">Fun\u00e7\u00f5es da imagem no fazer pedag\u00f3gico<\/a><br \/>\nIan\u00ea de Almeida D&#8217;Angelo, Arl\u00facia Gomes Saraiva<\/td>\n<\/tr>\n<tr>\n<td><a href=\"https:\/\/www.degraf.ufpr.br\/graphica2007\/artigos\/FUNDAMENTOS.pdf\" target=\"_blank\" rel=\"noopener\">FUNDAMENTOS MORFLOGICOS DEL DISE\u00d1O APLICACI\u00d3N A UN AREA ARTISTICA<\/a><br \/>\nAlejandra L. Macchi<\/td>\n<\/tr>\n<tr>\n<td><a href=\"https:\/\/www.degraf.ufpr.br\/graphica2007\/artigos\/GEOMETRIADESCRITIVA.pdf\" target=\"_blank\" rel=\"noopener\">GEOMETRIA DESCRITIVA &#8211; UMA EXPERI\u00caNCIA DID\u00c1TICA<\/a><br \/>\nMarly Terezinha Quadri Sim\u00f5es da Silva<\/td>\n<\/tr>\n<tr>\n<td><a href=\"https:\/\/www.degraf.ufpr.br\/graphica2007\/artigos\/GEOMETRIADINAMICADACONSTRUCAO.pdf\" target=\"_blank\" rel=\"noopener\">GEOMETRIA DIN\u00c2MICA \u2013 DA CONSTRU\u00c7\u00c3O \u00c0 UTILIZA\u00c7\u00c3O DE UM SOFTWARE NO ENSINO<\/a><br \/>\nDeise Maria Bertholdi Costa, Josu\u00e9 Ervin Musial, Zizelane Mateus<\/td>\n<\/tr>\n<tr>\n<td><a href=\"https:\/\/www.degraf.ufpr.br\/graphica2007\/artigos\/GEOMETRIAFRACTALANALISE.pdf\" target=\"_blank\" rel=\"noopener\">GEOMETRIA FRACTAL: AN\u00c1LISE DE SOFTWARES GR\u00c1FICOS EDUCACIONAIS<\/a><br \/>\nMarizilda dos Santos Menezes, Ricardo Mendon\u00e7a Rinaldi<\/td>\n<\/tr>\n<tr>\n<td><a href=\"https:\/\/www.degraf.ufpr.br\/graphica2007\/artigos\/GEOMETRIAFRACTAL.pdf\" target=\"_blank\" rel=\"noopener\">GEOMETRIA FRACTAL UMA NOVA PROPOSTA PARA O ENSINO DO DESENHO GEOM\u00c9TRICO<\/a><br \/>\nMarizilda dos Santos Menezes, Ricardo Mendon\u00e7a Rinaldi<\/td>\n<\/tr>\n<tr>\n<td><a href=\"https:\/\/www.degraf.ufpr.br\/graphica2007\/artigos\/GEOMETRIAORDENADOR.pdf\" target=\"_blank\" rel=\"noopener\">GEOMETR\u00cdA, ORDENADOR Y CULTURA IN MATERIAL<\/a><br \/>\nAndrea Giordano, Luisa Bifulco<\/td>\n<\/tr>\n<tr>\n<td><a href=\"https:\/\/www.degraf.ufpr.br\/graphica2007\/artigos\/HISTORICODARELACAOECOMUNICA.pdf\" target=\"_blank\" rel=\"noopener\">HIST\u00d3RICO DA RELA\u00c7\u00c3O E COMUNICA\u00c7\u00c3O GR\u00c1FICA ENTRE PROJETO DE ARQUITETURA E O PROJETO DE ESTRUTURA<\/a><br \/>\nMateus Gouv\u00eaa de Sousa<\/td>\n<\/tr>\n<tr>\n<td><a href=\"https:\/\/www.degraf.ufpr.br\/graphica2007\/artigos\/HyperCAL.pdf\" target=\"_blank\" rel=\"noopener\">HyperCAL3D \u2013 MODELADOR DE S\u00d3LIDOS PARA GEOMETRIA DESCRITIVA<\/a><br \/>\nAnelise Todeschini Hoffmann, F\u00e1bio Gon\u00e7alves Teixeira, Jos\u00e9 Lu\u00eds Farinatti Aymone, R\u00e9gio Pierre da Silva, T\u00e2nia Lu\u00edsa Koltermann da Silva<\/td>\n<\/tr>\n<tr>\n<td><a href=\"https:\/\/www.degraf.ufpr.br\/graphica2007\/artigos\/IIDISEGNO.pdf\" target=\"_blank\" rel=\"noopener\">II DISEGNO NELLE CARTE STRUTTURATE<\/a><br \/>\nCarolina Carluccio<\/td>\n<\/tr>\n<tr>\n<td><a href=\"https:\/\/www.degraf.ufpr.br\/graphica2007\/artigos\/IMAGEM%20E%20TECNOLOGIA.pdf\" target=\"_blank\" rel=\"noopener\">IMAGEM E TECNOLOGIA<\/a><br \/>\nIvoeide de Fran\u00e7a Costa, Marcelo Jo\u00e3o Alves da Silva, Maria da Concei\u00e7\u00e3o Amaral Alves<\/td>\n<\/tr>\n<tr>\n<td><a href=\"https:\/\/www.degraf.ufpr.br\/graphica2007\/artigos\/IMAGEM%20UMA%20ABORDAGEM%20HISTORICA.pdf\" target=\"_blank\" rel=\"noopener\">IMAGEM \u2013 UMA ABORDAGEM HIST\u00d3RICA<\/a><br \/>\nIvoneide de Fran\u00e7a Costa, Marcelo Jo\u00e3o Alves da Silva, Maria da Concei\u00e7\u00e3o Amaral Alves<\/td>\n<\/tr>\n<tr>\n<td><a href=\"https:\/\/www.degraf.ufpr.br\/graphica2007\/artigos\/IMPLEMENTACAO.pdf\" target=\"_blank\" rel=\"noopener\">IMPLEMENTA\u00c7\u00c3O DA APRENDIZAGEM BASEADA EM PROJETOS NA GEOMETRIA DESCRITIVA<\/a><br \/>\nAnelise Todeschini Hoffmann, F\u00e1bio Gon\u00e7alves Teixeira, R\u00e9gio Pierre da Silva, T\u00e2nia Lu\u00edsa Koltermann da Silva<\/td>\n<\/tr>\n<tr>\n<td><a href=\"https:\/\/www.degraf.ufpr.br\/graphica2007\/artigos\/IMPORTANCIA.pdf\" target=\"_blank\" rel=\"noopener\">IMPORT\u00c2NCIA DO GERENCIAMENTO DE CORES PARA O DESIGN GR\u00c1FICO<\/a><br \/>\nDr. Jo\u00e3o Fernando Marar, Rodrigo Holdschip<\/td>\n<\/tr>\n<tr>\n<td><a href=\"https:\/\/www.degraf.ufpr.br\/graphica2007\/artigos\/IMPRIMINDO.pdf\" target=\"_blank\" rel=\"noopener\">IMPRIMINDO ID\u00c9IAS UM ESTUDO DE VIABILIZA\u00c7\u00c3O DO USO DE IMPRESSORAS 3D PARA A CONFEC\u00c7\u00c3O DE MAQUETES ARQUITET\u00d4NICAS<\/a><br \/>\nCarlos Vaz, D\u00e9bora Cypriano, \u00c9rica Pinheiro, Gabriela Celani, Momchil Stoyanov<\/td>\n<\/tr>\n<tr>\n<td><a href=\"https:\/\/www.degraf.ufpr.br\/graphica2007\/artigos\/INFORMATIZANDO.pdf\" target=\"_blank\" rel=\"noopener\">INFORMATIZANDO E MODELANDO A GEOMETRIA GR\u00c1FICA<\/a><br \/>\nLa\u00edze Fernandes de Asevedo, M\u00f4nica Maria Fernandes de Lima, Sheila Oliveira de Carvalho<\/td>\n<\/tr>\n<tr>\n<td><a href=\"https:\/\/www.degraf.ufpr.br\/graphica2007\/artigos\/Mini-Curso6.pdf\" target=\"_blank\" rel=\"noopener\">Inicia\u00e7\u00e3o ao uso do software Cabri 3D<\/a><br \/>\nMarie Claire R. P\u00f3la, Maria Bernadete Barison<\/td>\n<\/tr>\n<tr>\n<td><a href=\"https:\/\/www.degraf.ufpr.br\/graphica2007\/artigos\/INVESTIGACAO.pdf\" target=\"_blank\" rel=\"noopener\">INVESTIGA\u00c7\u00c3O DE METODOLOGIA DE ENSINO DE GEOMETRIA DESCRITIVA: uma experi\u00eancia com estudantes de arquitetura e urbanismo<\/a><br \/>\nJos\u00e9 Euz\u00e9bio Costa Silveira<\/td>\n<\/tr>\n<tr>\n<td><a href=\"https:\/\/www.degraf.ufpr.br\/graphica2007\/artigos\/LAGEOMETRIA.pdf\" target=\"_blank\" rel=\"noopener\">LA GEOMETR\u00cdA, SOPORTE DE LA IDEA EN EL PROCESO DEL DISE\u00d1O<\/a><br \/>\nEsther Vallejo Lobete, Fernando Fad\u00f3n Salazar, Jos\u00e9 Enrique Cer\u00f3n Hoyos<\/td>\n<\/tr>\n<tr>\n<td><a href=\"https:\/\/www.degraf.ufpr.br\/graphica2007\/artigos\/LOSMIRADORES.pdf\" target=\"_blank\" rel=\"noopener\">LOS MIRADORES DE COSAS. PARTICULARIDADES DEL OBSERVADOR PREDISCIPLINAR<\/a><br \/>\nRoxana Soprano<\/td>\n<\/tr>\n<tr>\n<td><a href=\"https:\/\/www.degraf.ufpr.br\/graphica2007\/artigos\/LUCI.pdf\" target=\"_blank\" rel=\"noopener\">LUCI ED OMBRE TRA ARCHITETTURA E DISEGNO<\/a><br \/>\nSalvatore Barba<\/td>\n<\/tr>\n<\/tbody>\n<\/table>\n","protected":false},"excerpt":{"rendered":"<p>VII International Conference on Graphics Engineering for Arts and Design XVIII Simp\u00f3sio Nacional de Geometria Descritiva e Desenho T\u00e9cnico Realizado de 11 a 14 de novembro de 2007 na UFPR ISBN do Livro de Resumos: 978-85-61172-00-8 ISBN do CD: 978-85-61172-01-5&hellip; <\/p>\n","protected":false},"author":1,"featured_media":0,"parent":0,"menu_order":0,"comment_status":"closed","ping_status":"closed","template":"","meta":{"footnotes":""},"class_list":["post-241","page","type-page","status-publish","hentry"],"_links":{"self":[{"href":"https:\/\/exatas.ufpr.br\/degraf\/wp-json\/wp\/v2\/pages\/241","targetHints":{"allow":["GET"]}}],"collection":[{"href":"https:\/\/exatas.ufpr.br\/degraf\/wp-json\/wp\/v2\/pages"}],"about":[{"href":"https:\/\/exatas.ufpr.br\/degraf\/wp-json\/wp\/v2\/types\/page"}],"author":[{"embeddable":true,"href":"https:\/\/exatas.ufpr.br\/degraf\/wp-json\/wp\/v2\/users\/1"}],"replies":[{"embeddable":true,"href":"https:\/\/exatas.ufpr.br\/degraf\/wp-json\/wp\/v2\/comments?post=241"}],"version-history":[{"count":8,"href":"https:\/\/exatas.ufpr.br\/degraf\/wp-json\/wp\/v2\/pages\/241\/revisions"}],"predecessor-version":[{"id":2621,"href":"https:\/\/exatas.ufpr.br\/degraf\/wp-json\/wp\/v2\/pages\/241\/revisions\/2621"}],"wp:attachment":[{"href":"https:\/\/exatas.ufpr.br\/degraf\/wp-json\/wp\/v2\/media?parent=241"}],"curies":[{"name":"wp","href":"https:\/\/api.w.org\/{rel}","templated":true}]}}