{"id":238,"date":"2014-09-08T15:11:23","date_gmt":"2014-09-08T18:11:23","guid":{"rendered":"https:\/\/exatas.ufpr.br\/degraf\/?page_id=238"},"modified":"2024-03-12T11:25:39","modified_gmt":"2024-03-12T14:25:39","slug":"graphica2007de","status":"publish","type":"page","link":"https:\/\/exatas.ufpr.br\/degraf\/graphica2007de\/","title":{"rendered":"Graphica 2007"},"content":{"rendered":"\n<p><a href=\"https:\/\/www.degraf.ufpr.br\/graphica2007\/\" target=\"_blank\" rel=\"noopener\"><img decoding=\"async\" class=\"alignleft\" src=\"https:\/\/exatas.ufpr.br\/degraf\/wp-content\/uploads\/sites\/2\/2024\/03\/graphicaLogo.jpg\" alt=\"graphica\" \/><\/a><\/p>\n\n\n\n<p>VII International Conference on Graphics Engineering for Arts and Design<br>XVIII Simp\u00f3sio Nacional de Geometria Descritiva e Desenho T\u00e9cnico<br>Realizado de 11 a 14 de novembro de 2007 na UFPR<br>ISBN do Livro de Resumos: 978-85-61172-00-8<br>ISBN do CD: 978-85-61172-01-5<\/p>\n\n\n\n<p><a href=\"fotos-graphica\">Clique aqui<\/a> para ver as fotos do evento<\/p>\n\n\n\n<hr class=\"wp-block-separator has-alpha-channel-opacity\" \/>\n\n\n\n<h5 class=\"wp-block-heading\">Trabalhos publicados em ordem alfab\u00e9tica:<\/h5>\n\n\n\n<div class=\"not4\"><a href=\"graphica2007a\">Letra A<\/a><\/div>\n\n\n\n<div class=\"not4\"><a href=\"graphica2007bc\">B-C<\/a><\/div>\n\n\n\n<div class=\"not4\">D-E<\/div>\n\n\n\n<div class=\"not4\"><a href=\"graphica2007fl\">F-L<\/a><\/div>\n\n\n\n<div class=\"not4\"><a href=\"graphica2007mo\">M-O<\/a><\/div>\n\n\n\n<div class=\"not4\"><a href=\"graphica2007pr\">P-R<\/a><\/div>\n\n\n\n<div class=\"not4\"><a href=\"graphica2007su\">S-U<\/a><\/div>\n\n\n\n<table><tbody><tr><td><a href=\"https:\/\/www.degraf.ufpr.br\/graphica2007\/artigos\/DAWEB.pdf\" target=\"_blank\" rel=\"noopener\">DA WEB2.0 AO LEARNING2.0: NOVAS OPORTUNIDADES E DESAFIOS PARA O DESIGN DE INTERFACES DE APRENDIZAGEM<\/a><br>Maria Laura Martinez, S\u00e9rgio Leal Ferreira<\/td><\/tr><tr><td><a href=\"https:\/\/www.degraf.ufpr.br\/graphica2007\/artigos\/Mini-Curso5.pdf\" target=\"_blank\" rel=\"noopener\">(Des)cobrindo a Geometria nas coberturas<\/a><br>Eliane Panisson<\/td><\/tr><tr><td><a href=\"https:\/\/www.degraf.ufpr.br\/graphica2007\/artigos\/DESENHODEOBS.pdf\" target=\"_blank\" rel=\"noopener\">DESENHO DE OBSERVA\u00c7\u00c3O UMA REFLEX\u00c3O SOBRE O ENSINO DO DESENHO NA FORMA\u00c7\u00c3O DO ARQUITETO NA ERA DA INFORMATIZA\u00c7\u00c3O<\/a><br>Daniela Mendes Cidade<\/td><\/tr><tr><td><a href=\"https:\/\/www.degraf.ufpr.br\/graphica2007\/artigos\/DESENHODEEMBALAGEM.pdf\" target=\"_blank\" rel=\"noopener\">DESENHO DE EMBALAGEM PRODUTO, IMAGEM E SEDU\u00c7\u00c3O<\/a><br>Ana Tereza Carvalho Cerqueira, Rob\u00e9rico Celso Gomes dos Santos, T\u00e2nia Regina Dias Silva Pereira, Telma Dias Silva dos Anjos<\/td><\/tr><tr><td><a href=\"https:\/\/www.degraf.ufpr.br\/graphica2007\/artigos\/Mini-Curso3.pdf\" target=\"_blank\" rel=\"noopener\">Desenho gestual: pensar sem palavras<\/a><br>Beatriz Regina Dorfmann<\/td><\/tr><tr><td><a href=\"https:\/\/www.degraf.ufpr.br\/graphica2007\/artigos\/DESENHODEPERSPECTIVAEHISTORIA.pdf\" target=\"_blank\" rel=\"noopener\">DESENHO DE PERSPECTIVA E HIST\u00d3RIA DA ARQUITETURA EM BUSCA DE UMA INTERDISCIPLINARIDADE<\/a><br>Ang\u00e9lika Peixoto, Cristiana Griz, Gisele de Carvalho<\/td><\/tr><tr><td><a href=\"https:\/\/www.degraf.ufpr.br\/graphica2007\/artigos\/DESENHOERESIGNIFICACA.pdf\" target=\"_blank\" rel=\"noopener\">DESENHO E RE-SIGNIFICA\u00c7\u00c3O<\/a><br>Gustavo Anschau Rick, Paulo Horn Regal<\/td><\/tr><tr><td><a href=\"https:\/\/www.degraf.ufpr.br\/graphica2007\/artigos\/DESENHO,%20FOTOGRAFIA%20E%20CULTURA.pdf\" target=\"_blank\" rel=\"noopener\">DESENHO, FOTOGRAFIA E CULTURA NA ERA DA INFORM\u00c1TICA<\/a><br>Edson Dias Ferreira<\/td><\/tr><tr><td><a href=\"https:\/\/www.degraf.ufpr.br\/graphica2007\/artigos\/DESENVOLVIMENTODEUMSOFTWARE.pdf\" target=\"_blank\" rel=\"noopener\">DESENVOLVIMENTO DE UM <em>SOFTWARE<\/em> PARA O APRENDIZADO DE GEOMETRIA DESCRITIVA<\/a><br>Deise Maria Bertholdi Costa, Helder Geovane Gomes de Lima<\/td><\/tr><tr><td><a href=\"https:\/\/www.degraf.ufpr.br\/graphica2007\/artigos\/DIRETRIZES.pdf\" target=\"_blank\" rel=\"noopener\">DIRETRIZES PARA O DESENVOLVIMENTO E MANUTEN\u00c7\u00c3O DE CURSOS A DIST\u00c2NCIA DE CAD 2D<\/a><br>Adriano Grangeiro Pilger, Daniel S\u00e9rgio Presta Garcia, Mariana Pacheco Abegg, Maur\u00edcio Moreira e Silva Bernardes<\/td><\/tr><tr><td><a href=\"https:\/\/www.degraf.ufpr.br\/graphica2007\/artigos\/DISEGNOGRAFISMI.pdf\" target=\"_blank\" rel=\"noopener\">DISEGNO, GRAFISMI E MULTICULTURALIT\u00c0 PERCORSI DIDATTICI<\/a><br>Valeria Nuzzo<\/td><\/tr><tr><td><a href=\"https:\/\/www.degraf.ufpr.br\/graphica2007\/artigos\/DISENO.pdf\" target=\"_blank\" rel=\"noopener\">DISE\u00d1O DE INFORMACI\u00d3N PARA COMUNICACION MULTIMEDIAL<\/a><br>Alejandra L.Macchi<\/td><\/tr><tr><td><a href=\"https:\/\/www.degraf.ufpr.br\/graphica2007\/artigos\/DISPLAYS.pdf\" target=\"_blank\" rel=\"noopener\">DISPLAYS INTERATIVOS COMO FERRAMENTA DE COMUNICA\u00c7\u00c3O NO PROCESSO DE PROJETO DE ARQUITETURA<\/a><br>Gabriela Celani, Thales Augusto Filipini Righi<\/td><\/tr><tr><td><a href=\"https:\/\/www.degraf.ufpr.br\/graphica2007\/artigos\/DISPONIBILIZANDO.pdf\" target=\"_blank\" rel=\"noopener\">DISPONIBILIZANDO MODELOS TRIDIMENSIONAIS DE PATRIM\u00d4NIO ARQUITET\u00d4NICO PELA INTERNET<\/a><br>Estela Costa, Neusa Rodrigues Felix, Ricardo Brod M\u00e9ndez<\/td><\/tr><tr><td><a href=\"https:\/\/www.degraf.ufpr.br\/graphica2007\/artigos\/ELEMENTOSPARA.pdf\" target=\"_blank\" rel=\"noopener\">ELEMENTOS PARA AN\u00c1LISE DA SINALIZA\u00c7\u00c3O DE PONTOS TUR\u00cdSTICOS<\/a><br>Nadja Lisboa da Silveira Guedes, Rafael Manjares Le\u00e3o<\/td><\/tr><tr><td><a href=\"https:\/\/www.degraf.ufpr.br\/graphica2007\/artigos\/ELEMENTOS.pdf\" target=\"_blank\" rel=\"noopener\">ELEMENTOS PROJETIVOS PROPOR\u00c7\u00c3O, OPERACIONALIZA\u00c7\u00c3O E CRIATIVIDADE<\/a><br>Marco Ant\u00f4nio Rossi, Roberta Barban Franceschi<\/td><\/tr><tr><td><a href=\"https:\/\/www.degraf.ufpr.br\/graphica2007\/artigos\/EMBALAGENS.pdf\" target=\"_blank\" rel=\"noopener\">EMBALAGENS MULTIFUNCIONAIS PARA MANGAS DA CLASSE <em>HADEN<\/em><\/a><br>Olympio Jos\u00e9 Pinheiro, Priscilla Maria Cardoso Garone<\/td><\/tr><tr><td><a href=\"https:\/\/www.degraf.ufpr.br\/graphica2007\/artigos\/ENSINO.pdf\" target=\"_blank\" rel=\"noopener\">ENSINO\/APRENDIZAGEM DE GR\u00c1FICA DIGITAL PARA ARQUITETURA, NA MODALIDADE A DIST\u00c2NCIA<\/a><br>Adriane Borda Almeida da Silva, Izabel Lopes Brum, Neusa Mariza Leite Rodrigues Felix<\/td><\/tr><tr><td><a href=\"https:\/\/www.degraf.ufpr.br\/graphica2007\/artigos\/ESCREVEREDESENHAR.pdf\" target=\"_blank\" rel=\"noopener\">ESCREVER E DESENHAR UMA INTERSEC\u00c7\u00c3O NO CONTEXTO EDUCACIONAL DO BRASIL SETECENTISTA<\/a><br>Ant\u00f4nio Wilson Silva de Souza<\/td><\/tr><tr><td><a href=\"https:\/\/www.degraf.ufpr.br\/graphica2007\/artigos\/ESPACOGD.pdf\" target=\"_blank\" rel=\"noopener\">ESPA\u00c7O GD &#8211; UMA EXPERI\u00caNCIA SEMIPRESENCIAL DE ENSINO DE GEOMETRIA DESCRITIVA<\/a><br>Alvaro Jos\u00e9 Rodrigues de Lima, Cristina Jasbinschek Haguenauer, Gerson Gomes Cunha, Luciana Guimar\u00e3es Rodrigues de Lima<\/td><\/tr><tr><td><a href=\"https:\/\/www.degraf.ufpr.br\/graphica2007\/artigos\/ESTUDODAEVOLUCAO.pdf\" target=\"_blank\" rel=\"noopener\">ESTUDO DA EVOLU\u00c7\u00c3O URBANA DO BAIRRO DA LAGOA, RIO DE JANEIRO, EM UMA VIS\u00c3O TRIDIMENSIONAL<\/a><br>Aur\u00e9lio Antonio Mendes Nogueira, Cristina Grafanassi Tranjan, Gerson Gomes Cunha, Isolina Severo Sanchotene<\/td><\/tr><tr><td><a href=\"https:\/\/www.degraf.ufpr.br\/graphica2007\/artigos\/ESTUDODAGEOMETRIA.pdf\" target=\"_blank\" rel=\"noopener\">ESTUDO DA GEOMETRIA GR\u00c1FICA POR COMPUTADOR<\/a><br>Maria Madalena dos Santos Patek, Rafael Manjares Le\u00e3o<\/td><\/tr><tr><td><a href=\"https:\/\/www.degraf.ufpr.br\/graphica2007\/artigos\/ESTUDODESOLUCOES.pdf\" target=\"_blank\" rel=\"noopener\">ESTUDO DE SOLU\u00c7\u00d5ES PARA VISUALIZA\u00c7\u00c3O E SIMULA\u00c7\u00d5ES DE PROJETOS EM VIRTUAL HERITAGE<\/a><br>Aur\u00e9lio Antonio Mendes Nogueira, Cristina Grafanassi Tranjan, Isolina Severo Sanchotene, Marcelo Vinicius Gomes da Silva<\/td><\/tr><tr><td><a href=\"https:\/\/www.degraf.ufpr.br\/graphica2007\/artigos\/ESTRUTURASGEOMETRICAS.pdf\" target=\"_blank\" rel=\"noopener\">ESTRUTURAS GEOM\u00c9TRICAS EXPLORA\u00c7\u00c3O, ORGANIZA\u00c7\u00c3O E CONSTRU\u00c7\u00c3O DO CONHECIMENTO<\/a><br>Aniceh Farah Neves, Ricardo Mendon\u00e7a Rinaldi, Roberto Alcarria do Nascimento<\/td><\/tr><tr><td><a href=\"https:\/\/www.degraf.ufpr.br\/graphica2007\/artigos\/EXERCICIOS.pdf\" target=\"_blank\" rel=\"noopener\">EXERC\u00cdCIOS INFORMATIZADOS PARA AUX\u00cdLIO NO DESENVOLVIMENTO DA VISUALIZA\u00c7\u00c3O ESPACIAL<\/a><br>Angela Dias Velasco, Gerardo Prieto Ad\u00e1nez<\/td><\/tr><tr><td><a href=\"https:\/\/www.degraf.ufpr.br\/graphica2007\/artigos\/EXPERIENCIADELAAPLICACION.pdf\" target=\"_blank\" rel=\"noopener\">EXPERIENCIA DE LA APLICACI\u00d3N DE UN SOFTWARE DE SIMULACION TRIDIMENSIONAL PARA LA ENSE\u00d1ANZA DE DISE\u00d1O<\/a><br>Eduardo Franco, Lucia Fortuna, Jose Molinuevo, Hernan Lucero<\/td><\/tr><tr><td><a href=\"https:\/\/www.degraf.ufpr.br\/graphica2007\/artigos\/EXPERIENCIAS.pdf\" target=\"_blank\" rel=\"noopener\">EXPERI\u00caNCIAS EM ARTES VISUAIS E MATEM\u00c1TICA NUMA VIS\u00c3O TRANSDISCIPLINAR<\/a><br>Alvaro Jos\u00e9 Rodrigues de Lima, Cristina Jasbinschek Haguenauer, Luciana Guimar\u00e3es Rodrigues de Lima, Rosim\u00e9ri Corr\u00eaa Fran\u00e7a<\/td><\/tr><tr><td><a href=\"https:\/\/www.degraf.ufpr.br\/graphica2007\/artigos\/EXTRACAO.pdf\" target=\"_blank\" rel=\"noopener\">EXTRA\u00c7\u00c3O DE INFORMA\u00c7\u00c3O DE ARQUIVOS VETORIAIS PARA DADOS EM PROBLEMA DE GRAFOS<\/a><br>Alexsander Petry, Henrique Jos\u00e9 Souza Coutinho, Igor Neumaier Rubert<\/td><\/tr><\/tbody><\/table>\n","protected":false},"excerpt":{"rendered":"<p>VII International Conference on Graphics Engineering for Arts and DesignXVIII Simp\u00f3sio Nacional de Geometria Descritiva e Desenho T\u00e9cnicoRealizado de 11 a 14 de novembro de 2007 na UFPRISBN do Livro de Resumos: 978-85-61172-00-8ISBN do CD: 978-85-61172-01-5 Clique aqui para ver&hellip; <\/p>\n","protected":false},"author":1,"featured_media":0,"parent":0,"menu_order":0,"comment_status":"closed","ping_status":"closed","template":"","meta":{"footnotes":""},"class_list":["post-238","page","type-page","status-publish","hentry"],"_links":{"self":[{"href":"https:\/\/exatas.ufpr.br\/degraf\/wp-json\/wp\/v2\/pages\/238","targetHints":{"allow":["GET"]}}],"collection":[{"href":"https:\/\/exatas.ufpr.br\/degraf\/wp-json\/wp\/v2\/pages"}],"about":[{"href":"https:\/\/exatas.ufpr.br\/degraf\/wp-json\/wp\/v2\/types\/page"}],"author":[{"embeddable":true,"href":"https:\/\/exatas.ufpr.br\/degraf\/wp-json\/wp\/v2\/users\/1"}],"replies":[{"embeddable":true,"href":"https:\/\/exatas.ufpr.br\/degraf\/wp-json\/wp\/v2\/comments?post=238"}],"version-history":[{"count":10,"href":"https:\/\/exatas.ufpr.br\/degraf\/wp-json\/wp\/v2\/pages\/238\/revisions"}],"predecessor-version":[{"id":2629,"href":"https:\/\/exatas.ufpr.br\/degraf\/wp-json\/wp\/v2\/pages\/238\/revisions\/2629"}],"wp:attachment":[{"href":"https:\/\/exatas.ufpr.br\/degraf\/wp-json\/wp\/v2\/media?parent=238"}],"curies":[{"name":"wp","href":"https:\/\/api.w.org\/{rel}","templated":true}]}}