{"id":230,"date":"2014-09-08T15:02:55","date_gmt":"2014-09-08T18:02:55","guid":{"rendered":"https:\/\/exatas.ufpr.br\/degraf\/?page_id=230"},"modified":"2024-03-12T11:03:33","modified_gmt":"2024-03-12T14:03:33","slug":"graphica2007bc","status":"publish","type":"page","link":"https:\/\/exatas.ufpr.br\/degraf\/graphica2007bc\/","title":{"rendered":"Graphica 2007"},"content":{"rendered":"<p><a href=\"https:\/\/www.degraf.ufpr.br\/graphica2007\/\" target=\"_blank\" rel=\"noopener\"><img decoding=\"async\" class=\"alignleft\" src=\"https:\/\/exatas.ufpr.br\/degraf\/wp-content\/uploads\/sites\/2\/2024\/03\/graphicaLogo.jpg\" alt=\"graphica\" \/><\/a><\/p>\n<p class=\"normal\">VII International Conference on Graphics Engineering for Arts and Design<br \/>\nXVIII Simp\u00f3sio Nacional de Geometria Descritiva e Desenho T\u00e9cnico<br \/>\nRealizado de 11 a 14 de novembro de 2007 na UFPR<br \/>\nISBN do Livro de Resumos: 978-85-61172-00-8<br \/>\nISBN do CD: 978-85-61172-01-5<\/p>\n<p class=\"normal\"><a href=\"fotos-graphica\">Clique aqui<\/a> para ver as fotos do evento<\/p>\n<hr \/>\n<h5>Trabalhos publicados em ordem alfab\u00e9tica:<\/h5>\n<div class=\"not4\"><a href=\"graphica2007a\">Letra A<\/a><\/div>\n<div class=\"not4\">B-C<\/div>\n<div class=\"not4\"><a href=\"graphica2007de\">D-E<\/a><\/div>\n<div class=\"not4\"><a href=\"graphica2007fl\">F-L<\/a><\/div>\n<div class=\"not4\"><a href=\"graphica2007mo\">M-O<\/a><\/div>\n<div class=\"not4\"><a href=\"graphica2007pr\">P-R<\/a><\/div>\n<div class=\"not4\"><a href=\"graphica2007su\">S-U<\/a><\/div>\n<table>\n<tbody>\n<tr>\n<td><a href=\"https:\/\/www.degraf.ufpr.br\/graphica2007\/artigos\/BIM.pdf\" target=\"_blank\" rel=\"noopener\">BIM STRATEGIES IN ARCHITECTURAL PROJECT MANAGEMENT<\/a><br \/>\nCarlo Biagini<\/td>\n<\/tr>\n<tr>\n<td><a href=\"https:\/\/www.degraf.ufpr.br\/graphica2007\/artigos\/Mini-Curso1.pdf\" target=\"_blank\" rel=\"noopener\"> Caminhos do Olhar para representa\u00e7\u00e3o gr\u00e1fica da perspectiva \u00e0 m\u00e3o livre<\/a><br \/>\nIan\u00ea de Almeida D&#8217;Angelo, Arl\u00facia Gomes Saraiva<\/td>\n<\/tr>\n<tr>\n<td><a href=\"https:\/\/www.degraf.ufpr.br\/graphica2007\/artigos\/CAPACITACAOPARAPRODUCAO.pdf\" target=\"_blank\" rel=\"noopener\">CAPACITA\u00c7\u00c3O PARA PRODU\u00c7\u00c3O GR\u00c1FICA E ART\u00cdSTICA PARA EAD E TV DIGITAL<\/a><br \/>\nV\u00e2nia Cristina Pires Nogueira Valente<\/td>\n<\/tr>\n<tr>\n<td><a href=\"https:\/\/www.degraf.ufpr.br\/graphica2007\/artigos\/Classificacao.pdf\" target=\"_blank\" rel=\"noopener\">CLASSIFICA\u00c7\u00c3O DE REPRESENTA\u00c7\u00d5ES GR\u00c1FICAS DIGITAIS &#8211; UM ESTUDO SOBRE A VISUALIZA\u00c7\u00c3O DE MARCAS NA INTERNET<\/a><br \/>\nAbner Guedes, Denise Aristimunha de Lima, Felipe Etchegaray Heidrich<\/td>\n<\/tr>\n<tr>\n<td><a href=\"https:\/\/www.degraf.ufpr.br\/graphica2007\/artigos\/COMPARACAO.pdf\" target=\"_blank\" rel=\"noopener\">COMPARA\u00c7\u00c3O: SOLID EDGE, AUTOCAD OU PRANCHETA NO DESENHO PARA OS CURSOS DE ENGENHARIA?<\/a><br \/>\nMarco Ant\u00f4nio Rossi, Maria do Carmo Jampaulo Pl\u00e1cido Palhaci, Roberto Deganutti<\/td>\n<\/tr>\n<tr>\n<td><a href=\"https:\/\/www.degraf.ufpr.br\/graphica2007\/artigos\/COMPUTACAO.pdf\" target=\"_blank\" rel=\"noopener\">COMPUTA\u00c7\u00c3O GR\u00c1FICA TRIDIMENSIONAL E ENSINO DE ARQUITETURA: UMA EXPERI\u00caNCIA PEDAG\u00d3GICA<\/a><br \/>\nMax Lira Veras Xavier de Andrade<\/td>\n<\/tr>\n<tr>\n<td><a href=\"https:\/\/www.degraf.ufpr.br\/graphica2007\/artigos\/COMUNICACAOGRAFICA.pdf\" target=\"_blank\" rel=\"noopener\">COMUNICA\u00c7\u00c3O GR\u00c1FICA ENTRE PROFISSIONAIS PARCEIROS NO PROJETO DE EDIF\u00cdCIOS, NA ERA DIGITAL<\/a><br \/>\nAlexandre Monteiro de Menezes, Ludmila Cabizuca Carvalho Ferreira de Oliveira, Maria de Lourdes Silva Viana, M\u00e1rio Lucio Pereira Junior<\/td>\n<\/tr>\n<tr>\n<td><a href=\"https:\/\/www.degraf.ufpr.br\/graphica2007\/artigos\/CONCEITOS.pdf\" target=\"_blank\" rel=\"noopener\">CONCEITOS DA GEOMETRIA DOS FRACTAIS NA S\u00c9TIMA S\u00c9RIE DO ENSINO FUNDAMENTAL<\/a><br \/>\nElaine Fraga Veit<\/td>\n<\/tr>\n<tr>\n<td><a href=\"https:\/\/www.degraf.ufpr.br\/graphica2007\/artigos\/CONHECIMENTOSDEDESENHO.pdf\" target=\"_blank\" rel=\"noopener\">CONHECIMENTOS DE DESENHO UTILIZADOS POR ALUNOS EGRESSOS DO CURSO SUPERIOR DE TECNOLOGIA EM MATERIAIS PARA EDIFICA\u00c7\u00d5ES<\/a><br \/>\nM\u00e1rcia Cristina de Costa Trindade Cyrino, Marie-Claire Ribeiro P\u00f3la, Luiz Becher<\/td>\n<\/tr>\n<tr>\n<td><a href=\"https:\/\/www.degraf.ufpr.br\/graphica2007\/artigos\/CONSTRUCAODEPADROES.pdf\" target=\"_blank\" rel=\"noopener\">CONSTRU\u00c7\u00c3O DE PADR\u00d5ES ISL\u00c2MICOS NO ENSINO DE DESENHO GEOM\u00c9TRICO: ARTESANATO &amp; TECNOLOGIA<\/a><br \/>\nMaria Bernadete Barison, Marie Claire Ribeiro P\u00f3la<\/td>\n<\/tr>\n<tr>\n<td><a href=\"https:\/\/www.degraf.ufpr.br\/graphica2007\/artigos\/CONVERTENDO.pdf\" target=\"_blank\" rel=\"noopener\">CONVERTENDO MODELOS VIRTUAIS 3D EM DESENHOS BIDIMENSIONAIS<\/a><br \/>\nCaroline Campos Cova, Claudio C\u00e9sar Pinto Soares<\/td>\n<\/tr>\n<tr>\n<td><a href=\"https:\/\/www.degraf.ufpr.br\/graphica2007\/artigos\/CROQUI.pdf\" target=\"_blank\" rel=\"noopener\">CROQUI X MODELO TRIDIMENSIONAL X MAQUETE ELETR\u00d4NICA<\/a><br \/>\nGlaucia Augusto Fonseca, Madalena Grimaldi de Carvalho<\/td>\n<\/tr>\n<tr>\n<td><a href=\"https:\/\/www.degraf.ufpr.br\/graphica2007\/artigos\/CULTURASORAIS.pdf\" target=\"_blank\" rel=\"noopener\">CULTURAS ORAIS E LINGUAGEM GR\u00c1FICA<\/a><br \/>\nJacqueline Aparecida Gon\u00e7alves Fernandes de Castro, Marizilda dos Santos Menezes<\/td>\n<\/tr>\n<\/tbody>\n<\/table>\n","protected":false},"excerpt":{"rendered":"<p>VII International Conference on Graphics Engineering for Arts and Design XVIII Simp\u00f3sio Nacional de Geometria Descritiva e Desenho T\u00e9cnico Realizado de 11 a 14 de novembro de 2007 na UFPR ISBN do Livro de Resumos: 978-85-61172-00-8 ISBN do CD: 978-85-61172-01-5&hellip; <\/p>\n","protected":false},"author":1,"featured_media":0,"parent":0,"menu_order":0,"comment_status":"closed","ping_status":"closed","template":"","meta":{"footnotes":""},"class_list":["post-230","page","type-page","status-publish","hentry"],"_links":{"self":[{"href":"https:\/\/exatas.ufpr.br\/degraf\/wp-json\/wp\/v2\/pages\/230","targetHints":{"allow":["GET"]}}],"collection":[{"href":"https:\/\/exatas.ufpr.br\/degraf\/wp-json\/wp\/v2\/pages"}],"about":[{"href":"https:\/\/exatas.ufpr.br\/degraf\/wp-json\/wp\/v2\/types\/page"}],"author":[{"embeddable":true,"href":"https:\/\/exatas.ufpr.br\/degraf\/wp-json\/wp\/v2\/users\/1"}],"replies":[{"embeddable":true,"href":"https:\/\/exatas.ufpr.br\/degraf\/wp-json\/wp\/v2\/comments?post=230"}],"version-history":[{"count":9,"href":"https:\/\/exatas.ufpr.br\/degraf\/wp-json\/wp\/v2\/pages\/230\/revisions"}],"predecessor-version":[{"id":2617,"href":"https:\/\/exatas.ufpr.br\/degraf\/wp-json\/wp\/v2\/pages\/230\/revisions\/2617"}],"wp:attachment":[{"href":"https:\/\/exatas.ufpr.br\/degraf\/wp-json\/wp\/v2\/media?parent=230"}],"curies":[{"name":"wp","href":"https:\/\/api.w.org\/{rel}","templated":true}]}}