{"id":209,"date":"2014-09-08T13:37:51","date_gmt":"2014-09-08T16:37:51","guid":{"rendered":"https:\/\/exatas.ufpr.br\/degraf\/?page_id=209"},"modified":"2024-03-12T11:04:08","modified_gmt":"2024-03-12T14:04:08","slug":"graphica2007a","status":"publish","type":"page","link":"https:\/\/exatas.ufpr.br\/degraf\/graphica2007a\/","title":{"rendered":"Graphica 2007"},"content":{"rendered":"<p><a href=\"https:\/\/www.degraf.ufpr.br\/graphica2007\/\" rel=\"attachment wp-att-2607\"><img loading=\"lazy\" decoding=\"async\" class=\"wp-image-2607 size-full alignleft\" src=\"https:\/\/exatas.ufpr.br\/degraf\/wp-content\/uploads\/sites\/2\/2024\/03\/graphicaLogo.jpg\" alt=\"\" width=\"220\" height=\"81\" \/><\/a><\/p>\n<p class=\"normal\">VII International Conference on Graphics Engineering for Arts and Design<br \/>XVIII Simp\u00f3sio Nacional de Geometria Descritiva e Desenho T\u00e9cnico<br \/>Realizado de 11 a 14 de novembro de 2007 na UFPR<br \/>ISBN do Livro de Resumos: 978-85-61172-00-8<br \/>ISBN do CD: 978-85-61172-01-5<\/p>\n<p class=\"normal\"><a href=\"fotos-graphica\">Clique aqui<\/a> para ver as fotos do evento<\/p>\n<hr \/>\n<h5>Trabalhos publicados em ordem alfab\u00e9tica:<\/h5>\n<div class=\"not4\">Letra A<\/div>\n<div class=\"not4\"><a href=\"graphica2007bc\">B-C<\/a><\/div>\n<div class=\"not4\"><a href=\"graphica2007de\">D-E<\/a><\/div>\n<div class=\"not4\"><a href=\"graphica2007fl\">F-L<\/a><\/div>\n<div class=\"not4\"><a href=\"graphica2007mo\">M-O<\/a><\/div>\n<div class=\"not4\"><a href=\"graphica2007pr\">P-R<\/a><\/div>\n<div class=\"not4\"><a href=\"graphica2007su\">S-U<\/a><\/div>\n<table>\n<tbody>\n<tr>\n<td><a href=\"https:\/\/www.degraf.ufpr.br\/graphica2007\/artigos\/AAPLICACAO.pdf\" target=\"_blank\" rel=\"noopener\">A APLICA\u00c7\u00c3O DO DESENHO NO JULGAMENTO HORTICULTURAL DAS ORQUIDACEAE<\/a><br \/>Adriana Augusta Benigno dos Santos Luz,Thiago Erir Cadete Meneguzzo<\/td>\n<\/tr>\n<tr>\n<td><a href=\"https:\/\/www.degraf.ufpr.br\/graphica2007\/artigos\/ACONTRIBUICAODATECNOLOGIA.pdf\" target=\"_blank\" rel=\"noopener\">A CONTRIBUI\u00c7\u00c3O DA TECNOLOGIA NA REPRESENTA\u00c7\u00c3O DOS PROJETOS DE GEOMETRIAS COMPLEXAS<\/a><br \/>Silvana Rocha Brand\u00e3o Machado<\/td>\n<\/tr>\n<tr>\n<td><a href=\"https:\/\/www.degraf.ufpr.br\/graphica2007\/artigos\/ACONTRIBUICAODODESENHO.pdf\" target=\"_blank\" rel=\"noopener\">A CONTRIBUI\u00c7\u00c3O DO DESENHO DE OBSERVA\u00c7\u00c3O NO PROCESSO DE ENSINO-APRENDIZAGEM<\/a><br \/>Andr\u00e9a Faria Andrade, Keilla Cristina Arsie, Odete Mariza Cionek, Vanessa Pedro Bom Rutes<\/td>\n<\/tr>\n<tr>\n<td><a href=\"https:\/\/www.degraf.ufpr.br\/graphica2007\/artigos\/ACONTRIBUICAO.pdf\" target=\"_blank\" rel=\"noopener\">A CONTRIBUI\u00c7\u00c3O DOS PROT\u00d3TIPOS R\u00c1PIDOS NO PROCESSO DE PROJETO EM ARQUITETURA<\/a><br \/>Mario Lasar Segall, Nieri Soares de Ara\u00fajo, Wilson Florio<\/td>\n<\/tr>\n<tr>\n<td><a href=\"https:\/\/www.degraf.ufpr.br\/graphica2007\/artigos\/ADESIGN.pdf\" target=\"_blank\" rel=\"noopener\">A DESIGN TEACHING METHOD USING SHAPE GRAMMARS<\/a><br \/>\u00c9rica Pinheiro, Doris Kowaltowski, Gabriela Celani, Gelly Mendes, Regiane Pupo<\/td>\n<\/tr>\n<tr>\n<td><a href=\"https:\/\/www.degraf.ufpr.br\/graphica2007\/artigos\/AESTEREOSCOPIA.pdf\" target=\"_blank\" rel=\"noopener\">A ESTEREOSCOPIA PARA FINS ARQUITET\u00d4NICOS E URBAN\u00cdSTICOS<\/a><br \/>Ricardo Brod M\u00e9ndez, Sthefania Campos Habeyche<\/td>\n<\/tr>\n<tr>\n<td><a href=\"https:\/\/www.degraf.ufpr.br\/graphica2007\/artigos\/AEVOLUCAO.pdf\" target=\"_blank\" rel=\"noopener\">A EVOLU\u00c7\u00c3O DOS M\u00c9TODOS DE VISUALIZA\u00c7\u00c3O DO ESPA\u00c7O URBANO COM BASE NA FOTOGRAFIA<\/a><br \/>Fabiana Silva de Garcia, Ricardo Brod M\u00e9ndez<\/td>\n<\/tr>\n<tr>\n<td><a href=\"https:\/\/www.degraf.ufpr.br\/graphica2007\/artigos\/AEXCLUSAO.pdf\" target=\"_blank\" rel=\"noopener\">A EXCLUS\u00c3O DA CADEIRA DE PERSPECTIVA NO CURSO DE PINTURA E A CRIA\u00c7\u00c3O DE M\u00c9TODO ALTERNATIVO<\/a><br \/>Anita de S\u00e1 Benevides Braga Delmas<\/td>\n<\/tr>\n<tr>\n<td><a href=\"https:\/\/www.degraf.ufpr.br\/graphica2007\/artigos\/AEXPRESSAO.pdf\" target=\"_blank\" rel=\"noopener\">A EXPRESS\u00c3O GR\u00c1FICA APLICADA NA PREPARA\u00c7\u00c3O PARA O TIRO DA ARTILHARIA DE CAMPANHA<\/a><br \/>Jo\u00e3o Vanderlei da Silva Concei\u00e7\u00e3o, Simone da Silva Soria Medina<\/td>\n<\/tr>\n<tr>\n<td><a href=\"https:\/\/www.degraf.ufpr.br\/graphica2007\/artigos\/AGEOMETRIADINAMICA.pdf\" target=\"_blank\" rel=\"noopener\">A GEOMETRIA DIN\u00c2MICA COMO FERRAMENTA DE ESTUDO NA TEORIA DOS ESPA\u00c7OS NORMADOS<\/a><br \/>Deise Maria Bertholdi Costa, Jos\u00e9 Carlos Cifuentes, Josu\u00e9 Ervin Musial<\/td>\n<\/tr>\n<tr>\n<td><a href=\"https:\/\/www.degraf.ufpr.br\/graphica2007\/artigos\/AGEOMETRIANADISCIPLINA.pdf\" target=\"_blank\" rel=\"noopener\">A GEOMETRIA NA DISCIPLINA DE MATEM\u00c1TICA: A ABORDAGEM DOS LIVROS DID\u00c1TICOS<\/a><br \/>Adriana Augusta Benigno dos Santos Luz, Jo\u00e3o Paulo Ferraz de Oliveira, Mirian Luciane Jacon, Nadia Strobel De Luca,<br \/>Sandra Paula Scudeler Alves<\/td>\n<\/tr>\n<tr>\n<td><a href=\"https:\/\/www.degraf.ufpr.br\/graphica2007\/artigos\/AGEOMETRIA.pdf\" target=\"_blank\" rel=\"noopener\">A GEOMETRIA VAI \u00c0 ESCOLA<\/a><br \/>Delson Lima Filho,F\u00e1bio De Macedo<\/td>\n<\/tr>\n<tr>\n<td><a href=\"https:\/\/www.degraf.ufpr.br\/graphica2007\/artigos\/AGRAFICA.pdf\" target=\"_blank\" rel=\"noopener\">A GR\u00c1FICA DIGITAL NA FAU\/UFRJ EXPERI\u00caNCIAS E POSSIBILIDADES NO ENSINO DE ARQUITETURA<\/a><br \/>Ethel Pinheiro, Naylor Barbosa Vilas Boas<\/td>\n<\/tr>\n<tr>\n<td><a href=\"https:\/\/www.degraf.ufpr.br\/graphica2007\/artigos\/A%20MATEMATICA%20DA%20ARQUITETURA%20IDEAL.pdf\" target=\"_blank\" rel=\"noopener\">A MATEM\u00c1TICA DA ARQUITETURA IDEAL<\/a><br \/>Maria Madalena dos Santos<\/td>\n<\/tr>\n<tr>\n<td><a href=\"https:\/\/www.degraf.ufpr.br\/graphica2007\/artigos\/AMBIENTES.pdf\" target=\"_blank\" rel=\"noopener\">AMBIENTES MODULARES E USU\u00c1RIOS NOVATOS<\/a><br \/>Lisandra Andrade, V\u00e2nia Ribas Ulbricht<\/td>\n<\/tr>\n<tr>\n<td><a href=\"https:\/\/www.degraf.ufpr.br\/graphica2007\/artigos\/AMBIENTEVIRTUALDEAPRENDIZAGEM.pdf\" target=\"_blank\" rel=\"noopener\">AMBIENTE VIRTUAL DE APRENDIZAGEM COMO APOIO A DISCIPLINAS DE PROJETO ARQUITET\u00d4NICO<\/a><br \/>Alice Theresinha Cybis Pereira, Luisa Rodrigues F\u00e9lix Dalla Vecchia<\/td>\n<\/tr>\n<tr>\n<td><a href=\"https:\/\/www.degraf.ufpr.br\/graphica2007\/artigos\/AMBIENTEVIRTUAL.pdf\" target=\"_blank\" rel=\"noopener\">AMBIENTE VIRTUAL PARA APRENDIZAGEM DA REPRESENTA\u00c7\u00c3O EM PROJETOS DE CONSTRU\u00c7\u00c3O<\/a><br \/>Alexandre M\u00fcller, Leticia Diesel<\/td>\n<\/tr>\n<tr>\n<td><a href=\"https:\/\/www.degraf.ufpr.br\/graphica2007\/artigos\/AMODALIDADE.pdf\" target=\"_blank\" rel=\"noopener\">A MODALIDADE D NO CONCEITO DE SIMETRIA<\/a><br \/>Andr\u00e9a Faria Andrade, Andreliz Baumann Kusmenkovsky, Josiane Stresser Cardoso, Mirian Luciane Jacon<\/td>\n<\/tr>\n<tr>\n<td><a href=\"https:\/\/www.degraf.ufpr.br\/graphica2007\/artigos\/AMPLIANDO.pdf\" target=\"_blank\" rel=\"noopener\">AMPLIANDO O ALCANCE DA EXPRESS\u00c3O GR\u00c1FICA EM PROL DA QUALIDADE PROJETUAL<\/a><br \/>Bruna Milam Almeida, Claudio C\u00e9sar Pinto Soares<\/td>\n<\/tr>\n<tr>\n<td><a href=\"https:\/\/www.degraf.ufpr.br\/graphica2007\/artigos\/ANALISE.pdf\" target=\"_blank\" rel=\"noopener\">AN\u00c1LISE DA APLICA\u00c7\u00c3O DE FERRAMENTA DE E-LEARNING EM DISCIPLINA DE DESENHO T\u00c9CNICO<\/a><br \/>Alexandre Sobral de Rezende, Maur\u00edcio Moreira e Silva Bernardes<\/td>\n<\/tr>\n<tr>\n<td><a href=\"https:\/\/www.degraf.ufpr.br\/graphica2007\/artigos\/ANALISEEAPLICACAODESOFTWARELIVRE.pdf\" target=\"_blank\" rel=\"noopener\">AN\u00c1LISE E APLICA\u00c7\u00c3O DE SOFTWARE LIVRE PARA O ESTUDO DE CONSTRU\u00c7\u00d5ES GR\u00c1FICAS NA GEOMETRIA<\/a><br \/>Ismar Frango Silveira, Waldiney Bolgheroni<\/td>\n<\/tr>\n<tr>\n<td><a href=\"https:\/\/www.degraf.ufpr.br\/graphica2007\/artigos\/ANIMACION.pdf\" target=\"_blank\" rel=\"noopener\">ANIMACI\u00d3N DEL FUNCIONAMIENTO DE UN TROQUEL<\/a><br \/>Esther Vallejo Lobete, Fernando Fad\u00f3n Salazar, Jos\u00e9 Enrique Cer\u00f3n Hoyos<\/td>\n<\/tr>\n<tr>\n<td><a href=\"https:\/\/www.degraf.ufpr.br\/graphica2007\/artigos\/APARAMETRIZACAOEAENGENHARIA.pdf\" target=\"_blank\" rel=\"noopener\">A PARAMETRIZA\u00c7\u00c3O E A ENGENHARIA<\/a><br \/>Alexandra Oliveira Fran\u00e7a Hayama, Angela Dias Velasco, Mauro Pedro Peres<\/td>\n<\/tr>\n<tr>\n<td><a href=\"https:\/\/www.degraf.ufpr.br\/graphica2007\/artigos\/APARENCIA.pdf\" target=\"_blank\" rel=\"noopener\">APAR\u00caNCIA TRAVESTI &#8211; REDESENHO, COMPORTAMENTO E VESTIMENTA<\/a><br \/>Caroline Barreto de Lima<\/td>\n<\/tr>\n<tr>\n<td><a href=\"https:\/\/www.degraf.ufpr.br\/graphica2007\/artigos\/APLICABILIDADE.pdf\" target=\"_blank\" rel=\"noopener\">APLICABILIDADE DAS TRANSFORMA\u00c7\u00d5ES PONTUAIS NAS CRIA\u00c7\u00d5ES ART\u00cdSTICAS<\/a><br \/>Elaine Vidal Oliveira, Marlene Rodrigues Medrado, Rodrigo Ribeiro Coutinho, Sonia S\u00e1 Vianna<\/td>\n<\/tr>\n<tr>\n<td><a href=\"https:\/\/www.degraf.ufpr.br\/graphica2007\/artigos\/APLICACIONES.pdf\" target=\"_blank\" rel=\"noopener\">APLICACIONES DID\u00c1CTICAS DE MODELADO DE S\u00d3LIDOS Y VISTAS AUTOM\u00c1TICAS CON AutoCAD<\/a><br \/>Rub\u00e9n Dar\u00edo Morelli<\/td>\n<\/tr>\n<tr>\n<td><a href=\"https:\/\/www.degraf.ufpr.br\/graphica2007\/artigos\/Applied.pdf\" target=\"_blank\" rel=\"noopener\">APPLIED TECHNIQUES OF GEOMETRIC CONSTRUCTION IN FREE HAND SKETCHES &#8211; A COURSE OF TECHNICAL DRAWING FOR ENGINEERS<\/a><br \/>Guilherme W. Lebr\u00e3o, Gustavo M. Razzante Filho, Jorge Kawamura, Roberto Scalco<\/td>\n<\/tr>\n<tr>\n<td><a href=\"https:\/\/www.degraf.ufpr.br\/graphica2007\/artigos\/APRENDIZADODEESTRUTURAS.pdf\" target=\"_blank\" rel=\"noopener\">APRENDIZADO DE ESTRUTURAS AUXILIADO PELA GEOMETRIA DIN\u00c2MICA INTERATIVA UMA ABORDAGEM FEONOMENOGR\u00c1FICA<\/a><br \/>Maria Bernardete Barison, C\u00e9sar Ballarotti, Marie Claire Ribeiro P\u00f3la<\/td>\n<\/tr>\n<tr>\n<td><a href=\"https:\/\/www.degraf.ufpr.br\/graphica2007\/artigos\/APRENDIZAGEMDASFORMAS.pdf\" target=\"_blank\" rel=\"noopener\">APRENDIZAGEM DAS FORMAS GEOM\u00c9TRICAS NA LICENCIATURA E ENGENHARIAS DA UNIPAMPA\/BAG\u00c9<\/a><br \/>Cristiano. C. Ferreira, Vera L\u00facia D. Ferreira<\/td>\n<\/tr>\n<tr>\n<td><a href=\"https:\/\/www.degraf.ufpr.br\/graphica2007\/artigos\/APRENDIZAGEMDASIMETRIA.pdf\" target=\"_blank\" rel=\"noopener\">APRENDIZAGEM DA SIMETRIA ATRAV\u00c9S DE UMA SEQ\u00dc\u00caNCIA DID\u00c1TICA<\/a><br \/>Gilson Braviano<\/td>\n<\/tr>\n<tr>\n<td><a href=\"https:\/\/www.degraf.ufpr.br\/graphica2007\/artigos\/APRODUCAO.pdf\" target=\"_blank\" rel=\"noopener\">A PRODU\u00c7\u00c3O DE V\u00cdDEOS ESTEREOSC\u00d3PICOS NO BRASIL ENSINO, ARTE E TECNOLOGIA<\/a><br \/>Alexandre Vieira Maschio, Olympio Jos\u00e9 Pinheiro<\/td>\n<\/tr>\n<tr>\n<td><a href=\"https:\/\/www.degraf.ufpr.br\/graphica2007\/artigos\/APROTOTIPAGEM.pdf\" target=\"_blank\" rel=\"noopener\">A PROTOTIPAGEM R\u00c1PIDA NO PROCESSO DE PRODU\u00c7\u00c3O DE MAQUETES DE ARQUITETURA<\/a><br \/>Beatriz Carra Bertho, Gabriela Celani<\/td>\n<\/tr>\n<tr>\n<td><a href=\"https:\/\/www.degraf.ufpr.br\/graphica2007\/artigos\/ARAZAOAUREA.pdf\" target=\"_blank\" rel=\"noopener\">A RAZ\u00c3O \u00c1UREA NOS LADRILHOS DE ROGER PENROSE: A SUA DESMISTIFICA\u00c7\u00c3O<\/a><br \/>Franck Ren\u00e9 Gilbert Bellemain, Poliana Marques de Almeida Alves Cavalcanti, Robson da Silva Souza<\/td>\n<\/tr>\n<tr>\n<td><a href=\"https:\/\/www.degraf.ufpr.br\/graphica2007\/artigos\/AREPRESENTACAODASUPERFICIETOPOGRAFICA.pdf\" target=\"_blank\" rel=\"noopener\">A REPRESENTA\u00c7\u00c3O DA SUPERF\u00cdCIE TOPOGR\u00c1FICA ATRAV\u00c9S DE MODELOS DIGITAIS DE TERRENO<\/a><br \/>Alex Soria Medina, Simone da Silva Soria Medina<\/td>\n<\/tr>\n<tr>\n<td><a href=\"https:\/\/www.degraf.ufpr.br\/graphica2007\/artigos\/AREALIDADE.pdf\" target=\"_blank\" rel=\"noopener\">A REALIDADE AUMENTADA NO ENSINO DA GEOMETRIA DESCRITIVA<\/a><br \/>Alvaro Jos\u00e9 Rodrigues de Lima, Cristina Jasbinschek Haguenauer, Gerson Gomes Cunha<\/td>\n<\/tr>\n<tr>\n<td><a href=\"https:\/\/www.degraf.ufpr.br\/graphica2007\/artigos\/ARELACAODOCUBISMO.pdf\" target=\"_blank\" rel=\"noopener\">A RELA\u00c7\u00c3O DO CUBISMO COM AS GEOMETRIAS N\u00c3O-EUCLIDIANAS<\/a><br \/>Jos\u00e9 Marcos Rom\u00e3o da Silva, Maria Antonia Benutti<\/td>\n<\/tr>\n<tr>\n<td><a href=\"https:\/\/www.degraf.ufpr.br\/graphica2007\/artigos\/ASRELACOES.pdf\" target=\"_blank\" rel=\"noopener\">AS RELA\u00c7\u00d5ES INTERDISCIPLINARES NO ENSINO DO DESENHO: UM INSTRUMENTO FACILITADOR NA CONSTRU\u00c7\u00c3O DO CONHECIMENTO HUMANO<\/a><br \/>Adriana Augusta Benigno dos Santos Luz<\/td>\n<\/tr>\n<tr>\n<td><a href=\"https:\/\/www.degraf.ufpr.br\/graphica2007\/artigos\/A%20TEORIA%20DA%20PERSPECTIVA%20FUNDAMENTADA%20PELA%20GEOMETRIA%20PROJETIV.pdf\" target=\"_blank\" rel=\"noopener\">A TEORIA DA PERSPECTIVA FUNDAMENTADA PELA GEOMETRIA PROJETIVA<\/a><br \/>Maria Madalena Santos, Nadja Lisboa da Silveira Guedes<\/td>\n<\/tr>\n<tr>\n<td><a href=\"https:\/\/www.degraf.ufpr.br\/graphica2007\/artigos\/AUSABILIDADE.pdf\" target=\"_blank\" rel=\"noopener\">A USABILIDADE EM UM AMBIENTE MULTIM\u00cdDIA DE DESENHO GEOM\u00c9TRICO<\/a><br \/>Angela Dias Velasco, Vagner de Sousa Beserra<\/td>\n<\/tr>\n<tr>\n<td><a href=\"https:\/\/www.degraf.ufpr.br\/graphica2007\/artigos\/minicurso9.pdf\" target=\"_blank\" rel=\"noopener\">Avalia\u00e7\u00e3o da usabilidade em WebDesign<\/a><br \/>Maria Laura Martinez<\/td>\n<\/tr>\n<tr>\n<td><a href=\"https:\/\/www.degraf.ufpr.br\/graphica2007\/artigos\/AVALIACAODAUTILIZACAO.pdf\" target=\"_blank\" rel=\"noopener\">AVALIA\u00c7\u00c3O DA UTILIZA\u00c7\u00c3O DE T\u00c9CNICAS DE ESTEREOSCOPIA PARA APRESENTA\u00c7\u00c3O DE CONCEITOS DE GEOMETRIA DESCRITIVA<\/a><br \/>Alexsander Petry, Fernanda Caetano Cardoso, Henrique Jos\u00e9 Souza Coutinho, Dr.<\/td>\n<\/tr>\n<tr>\n<td><a href=\"https:\/\/www.degraf.ufpr.br\/graphica2007\/artigos\/AVALIACAO.pdf\" target=\"_blank\" rel=\"noopener\">AVALIA\u00c7\u00c3O DE CRIT\u00c9RIOS GR\u00c1FICOS A PARTIR DE UMA PLANILHA<\/a><br \/>Ant\u00f4nio Carlos de Souza, Arnoldo Debatin Neto, Luis Alberto G\u00f3me<\/td>\n<\/tr>\n<tr>\n<td><a href=\"https:\/\/www.degraf.ufpr.br\/graphica2007\/artigos\/AVALIANDO.pdf\" target=\"_blank\" rel=\"noopener\">AVALIANDO A APTID\u00c3O ESPACIAL DE ESTUDANTES EM UM CURSO DE GEOMETRIA GR\u00c1FICA<\/a><br \/>Eduardo Toledo Santos, Rodrigo Duarte Seabra<\/td>\n<\/tr>\n<tr>\n<td><a href=\"https:\/\/www.degraf.ufpr.br\/graphica2007\/artigos\/AVISUALIZACAO.pdf\" target=\"_blank\" rel=\"noopener\">A VISUALIZA\u00c7\u00c3O COMO FATOR DE RUPTURA NOS CONCEITOS GEOM\u00c9TRICOS<\/a><br \/>Iolanda Andrade Campos Almeida, Marcelo C\u00e2mara dos Santos<\/td>\n<\/tr>\n<\/tbody>\n<\/table>\n\n\n\n","protected":false},"excerpt":{"rendered":"<p>VII International Conference on Graphics Engineering for Arts and DesignXVIII Simp\u00f3sio Nacional de Geometria Descritiva e Desenho T\u00e9cnicoRealizado de 11 a 14 de novembro de 2007 na UFPRISBN do Livro de Resumos: 978-85-61172-00-8ISBN do CD: 978-85-61172-01-5 Clique aqui para ver&hellip; <\/p>\n","protected":false},"author":1,"featured_media":0,"parent":0,"menu_order":0,"comment_status":"closed","ping_status":"closed","template":"","meta":{"footnotes":""},"class_list":["post-209","page","type-page","status-publish","hentry"],"_links":{"self":[{"href":"https:\/\/exatas.ufpr.br\/degraf\/wp-json\/wp\/v2\/pages\/209","targetHints":{"allow":["GET"]}}],"collection":[{"href":"https:\/\/exatas.ufpr.br\/degraf\/wp-json\/wp\/v2\/pages"}],"about":[{"href":"https:\/\/exatas.ufpr.br\/degraf\/wp-json\/wp\/v2\/types\/page"}],"author":[{"embeddable":true,"href":"https:\/\/exatas.ufpr.br\/degraf\/wp-json\/wp\/v2\/users\/1"}],"replies":[{"embeddable":true,"href":"https:\/\/exatas.ufpr.br\/degraf\/wp-json\/wp\/v2\/comments?post=209"}],"version-history":[{"count":34,"href":"https:\/\/exatas.ufpr.br\/degraf\/wp-json\/wp\/v2\/pages\/209\/revisions"}],"predecessor-version":[{"id":2618,"href":"https:\/\/exatas.ufpr.br\/degraf\/wp-json\/wp\/v2\/pages\/209\/revisions\/2618"}],"wp:attachment":[{"href":"https:\/\/exatas.ufpr.br\/degraf\/wp-json\/wp\/v2\/media?parent=209"}],"curies":[{"name":"wp","href":"https:\/\/api.w.org\/{rel}","templated":true}]}}