{"id":2027,"date":"2020-03-05T09:41:13","date_gmt":"2020-03-05T12:41:13","guid":{"rendered":"https:\/\/exatas.ufpr.br\/degraf\/?page_id=2027"},"modified":"2024-06-26T13:17:17","modified_gmt":"2024-06-26T16:17:17","slug":"comissoes","status":"publish","type":"page","link":"https:\/\/exatas.ufpr.br\/degraf\/comissoes\/","title":{"rendered":"Comiss\u00f5es e Colegiados"},"content":{"rendered":"<table style=\"height: 2890px\" width=\"568\">\n<tbody>\n<tr>\n<td colspan=\"3\" width=\"315\">\u00a0REPRESENTANTES DE 2024<\/td>\n<td width=\"253\"><\/td>\n<\/tr>\n<tr>\n<td rowspan=\"22\">SETOR<\/td>\n<td rowspan=\"2\">Comit\u00ea Setorial de Extens\u00e3o<\/td>\n<td>TITULAR<\/td>\n<td>Arabella Natal Galv\u00e3o da Silva<\/td>\n<\/tr>\n<tr>\n<td>SUPLENTE<\/td>\n<td>Elen Andrea Janzen Lor<\/td>\n<\/tr>\n<tr>\n<td><\/td>\n<td><\/td>\n<td><\/td>\n<\/tr>\n<tr>\n<td rowspan=\"2\">Comit\u00ea Setorial de Pesquisa<\/td>\n<td>TITULAR<\/td>\n<td>Deise Maria Bertholdi Costa<\/td>\n<\/tr>\n<tr>\n<td>SUPLENTE<\/td>\n<td>M\u00e1rcio Fontana Catapan<\/td>\n<\/tr>\n<tr>\n<td><\/td>\n<td><\/td>\n<td><\/td>\n<\/tr>\n<tr>\n<td rowspan=\"2\">Comit\u00ea Setorial de Monitoria<\/td>\n<td>TITULAR<\/td>\n<td>Anderson Roges Teixeira G\u00f3es<\/td>\n<\/tr>\n<tr>\n<td>SUPLENTE<\/td>\n<td>Andrea Faria Andrade<\/td>\n<\/tr>\n<tr>\n<td><\/td>\n<td><\/td>\n<td><\/td>\n<\/tr>\n<tr>\n<td rowspan=\"3\">Comiss\u00e3o de Patrim\u00f4nio<\/td>\n<td>TITULAR<\/td>\n<td>Junior Ferri<\/td>\n<\/tr>\n<tr>\n<td>TITULAR<\/td>\n<td>Luciana Klug Madeira Fran\u00e7\u00f3ia<\/td>\n<\/tr>\n<tr>\n<td>TITULAR<\/td>\n<td>M\u00e1rcio Henrique de Sousa Carboni<\/td>\n<\/tr>\n<tr>\n<td style=\"text-align: left\">Comit\u00ea\u00a0Setorial de Planejamento e Acompanhamento de Retorno \u00e0s Aulas Pr\u00e1ticas<\/td>\n<td>\u00a0TITULAR<\/td>\n<td>***Encerrado em maio de 2021<\/td>\n<\/tr>\n<tr>\n<td rowspan=\"8\">NDE Express\u00e3o Gr\u00e1fica<\/td>\n<td>PRESIDENTE<\/td>\n<td>Andersion Roges Teixeira G\u00f3es<\/td>\n<\/tr>\n<tr>\n<td>VICE<\/td>\n<td>Francine Aidie Rossi<\/td>\n<\/tr>\n<tr>\n<td>TITULAR<\/td>\n<td>Adriana Vaz<\/td>\n<\/tr>\n<tr>\n<td>TITULAR<\/td>\n<td>Em\u00edlio Eiji Kavamura<\/td>\n<\/tr>\n<tr>\n<td>TITULAR<\/td>\n<td>Francisco de Alencar<\/td>\n<\/tr>\n<tr>\n<td>TITULAR<\/td>\n<td>Deise Maria Bertholdi Costa<\/td>\n<\/tr>\n<tr>\n<td>TITULAR<\/td>\n<td>Arabella Natal Galv\u00e3o da Silva<\/td>\n<\/tr>\n<tr>\n<td>TITULAR<\/td>\n<td>Isabella de Souza Sierra<\/td>\n<\/tr>\n<tr>\n<td><\/td>\n<td><\/td>\n<td><\/td>\n<\/tr>\n<tr>\n<td><\/td>\n<td><\/td>\n<td><\/td>\n<td><\/td>\n<\/tr>\n<tr>\n<td rowspan=\"12\">DEPARTAMENTO<\/td>\n<td rowspan=\"4\">Comiss\u00e3o de Carga Hor\u00e1ria<\/td>\n<td>TITULAR<\/td>\n<td>Chefia<\/td>\n<\/tr>\n<tr>\n<td>TITULAR<\/td>\n<td>Coordena\u00e7\u00e3o<\/td>\n<\/tr>\n<tr>\n<td>TITULAR<\/td>\n<td>Simone da Silva Soria Medina<\/td>\n<\/tr>\n<tr>\n<td>TITULAR<\/td>\n<td>Adriana Vaz<\/td>\n<\/tr>\n<tr>\n<td><\/td>\n<td><\/td>\n<td><\/td>\n<\/tr>\n<tr>\n<td rowspan=\"3\" width=\"233\">Comiss\u00e3o de Avalia\u00e7\u00e3o fichas 2<\/td>\n<td>TITULAR<\/td>\n<td><\/td>\n<\/tr>\n<tr>\n<td>TITULAR<\/td>\n<td>encerrada*<\/td>\n<\/tr>\n<tr>\n<td>TITULAR<\/td>\n<td><\/td>\n<\/tr>\n<tr>\n<td><\/td>\n<td><\/td>\n<td><\/td>\n<\/tr>\n<tr>\n<td rowspan=\"3\" width=\"233\">Comiss\u00e3o de Planejamento e Afastamento Docente<\/td>\n<td>TITULAR<\/td>\n<td>Adriana VazArabella Natal Galv\u00e3o da Silva<\/td>\n<\/tr>\n<tr>\n<td>TITULAR<\/td>\n<td>M\u00e1rcio Fontana Catapan<\/td>\n<\/tr>\n<tr>\n<td>TITULAR<\/td>\n<td>M\u00e1rcio Henrique de Sousa Carboni<\/td>\n<\/tr>\n<tr>\n<td><\/td>\n<td><\/td>\n<td><\/td>\n<td><\/td>\n<\/tr>\n<tr>\n<td rowspan=\"13\">CURSO<\/td>\n<td rowspan=\"3\" width=\"233\">Comiss\u00e3o de Orienta\u00e7\u00e3o de Est\u00e1gio (COE)<\/td>\n<td><\/td>\n<td><\/td>\n<\/tr>\n<tr>\n<td>TITULAR<\/td>\n<td>Andrea Faria Andrade<\/td>\n<\/tr>\n<tr>\n<td>TITULAR<\/td>\n<td>Adriana Vaz<\/td>\n<\/tr>\n<tr>\n<td><\/td>\n<td><\/td>\n<td><\/td>\n<\/tr>\n<tr>\n<td rowspan=\"2\" width=\"233\">Comiss\u00e3o de Acompanhamento de TCC (CATCC)<\/td>\n<td>TITULAR<\/td>\n<td>Em\u00edlio Eiji Kavamura<\/td>\n<\/tr>\n<tr>\n<td>TITULAR<\/td>\n<td>Isabella de Souza SierraJos\u00e9 Ernesto Bueno Wills<\/td>\n<\/tr>\n<tr>\n<td><\/td>\n<td><\/td>\n<td><\/td>\n<\/tr>\n<tr>\n<td rowspan=\"2\" width=\"233\">Comiss\u00e3o de Atividades Formativas (COAF)<\/td>\n<td>TITULAR<\/td>\n<td>Drielle Sanchez Leitner<\/td>\n<\/tr>\n<tr>\n<td>TITULAR<\/td>\n<td>M\u00e1rcio Fontana Catapan<\/td>\n<\/tr>\n<tr>\n<td><\/td>\n<td><\/td>\n<td><\/td>\n<\/tr>\n<tr>\n<td rowspan=\"3\" width=\"233\"><\/td>\n<td><\/td>\n<td><\/td>\n<\/tr>\n<tr>\n<td><\/td>\n<td><\/td>\n<\/tr>\n<tr>\n<td><\/td>\n<td><\/td>\n<\/tr>\n<tr>\n<td><\/td>\n<td><\/td>\n<td><\/td>\n<td><\/td>\n<\/tr>\n<tr>\n<td rowspan=\"5\">CHEFIA \/ COORD.<\/td>\n<td rowspan=\"2\">Chefia DEGRAF<\/td>\n<td>TITULAR<\/td>\n<td>M\u00e1rcio Henrique de Sousa Carboni<\/td>\n<\/tr>\n<tr>\n<td>SUPLENTE<\/td>\n<td>Isabella de Souza Sierra<\/td>\n<\/tr>\n<tr>\n<td><\/td>\n<td><\/td>\n<td><\/td>\n<\/tr>\n<tr>\n<td rowspan=\"2\">Coordena\u00e7\u00e3o CEGRAF<\/td>\n<td>TITULAR<\/td>\n<td>Anderson Roges Teixeira G\u00f3es<\/td>\n<\/tr>\n<tr>\n<td>SUPLENTE<\/td>\n<td>Francine Aidie Rossi<\/td>\n<\/tr>\n<tr>\n<td><\/td>\n<td><\/td>\n<td><\/td>\n<td><\/td>\n<\/tr>\n<tr>\n<td rowspan=\"4\"><\/td>\n<td width=\"233\"><\/td>\n<td><\/td>\n<td><\/td>\n<\/tr>\n<tr>\n<td><\/td>\n<td><\/td>\n<td><\/td>\n<\/tr>\n<tr>\n<td><\/td>\n<td><\/td>\n<td><\/td>\n<\/tr>\n<tr>\n<td><\/td>\n<td><\/td>\n<td><\/td>\n<\/tr>\n<\/tbody>\n<\/table>\n<p>Colegiados 2024<\/p>\n<table dir=\"ltr\" border=\"1\" cellspacing=\"0\" cellpadding=\"0\" data-sheets-root=\"1\">\n<colgroup>\n<col width=\"131\" \/>\n<col width=\"100\" \/>\n<col width=\"240\" \/><\/colgroup>\n<tbody>\n<tr>\n<td><\/td>\n<td><\/td>\n<td data-sheets-value=\"{&quot;1&quot;:3,&quot;3&quot;:2024}\">2024<\/td>\n<\/tr>\n<tr>\n<td colspan=\"1\" rowspan=\"12\" data-sheets-value=\"{&quot;1&quot;:2,&quot;2&quot;:&quot;Express\u00e3o Gr\u00e1fica&quot;}\">\n<div>Express\u00e3o Gr\u00e1fica<\/div>\n<\/td>\n<td data-sheets-value=\"{&quot;1&quot;:2,&quot;2&quot;:&quot;PRESIDENTE&quot;}\">PRESIDENTE<\/td>\n<td data-sheets-value=\"{&quot;1&quot;:2,&quot;2&quot;:&quot;Anderson Roges Teixeira G\u00f3es&quot;}\">Anderson Roges Teixeira G\u00f3es<\/td>\n<\/tr>\n<tr>\n<td data-sheets-value=\"{&quot;1&quot;:2,&quot;2&quot;:&quot;TITULAR&quot;}\">TITULAR<\/td>\n<td data-sheets-value=\"{&quot;1&quot;:2,&quot;2&quot;:&quot;Francine Aidie Rossi&quot;}\">Francine Aidie Rossi<\/td>\n<\/tr>\n<tr>\n<td data-sheets-value=\"{&quot;1&quot;:2,&quot;2&quot;:&quot;TITULAR&quot;}\">TITULAR<\/td>\n<td data-sheets-value=\"{&quot;1&quot;:2,&quot;2&quot;:&quot;Andrea Faria Andrade&quot;}\">Andrea Faria Andrade<\/td>\n<\/tr>\n<tr>\n<td data-sheets-value=\"{&quot;1&quot;:2,&quot;2&quot;:&quot;SUPLENTE&quot;}\">SUPLENTE<\/td>\n<td data-sheets-value=\"{&quot;1&quot;:2,&quot;2&quot;:&quot;Adriana Vaz&quot;}\">Adriana Vaz<\/td>\n<\/tr>\n<tr>\n<td data-sheets-value=\"{&quot;1&quot;:2,&quot;2&quot;:&quot;TITULAR&quot;}\">TITULAR<\/td>\n<td data-sheets-value=\"{&quot;1&quot;:2,&quot;2&quot;:&quot;Arabella Natal Galv\u00e3o da Silva&quot;}\">Arabella Natal Galv\u00e3o da Silva<\/td>\n<\/tr>\n<tr>\n<td data-sheets-value=\"{&quot;1&quot;:2,&quot;2&quot;:&quot;SUPLENTE&quot;}\">SUPLENTE<\/td>\n<td data-sheets-value=\"{&quot;1&quot;:2,&quot;2&quot;:&quot;Deise Maria Bertholdi Costa&quot;}\">Deise Maria Bertholdi Costa<\/td>\n<\/tr>\n<tr>\n<td data-sheets-value=\"{&quot;1&quot;:2,&quot;2&quot;:&quot;TITULAR&quot;}\">TITULAR<\/td>\n<td data-sheets-value=\"{&quot;1&quot;:2,&quot;2&quot;:&quot;M\u00e1rcio Fontana Catapan&quot;}\">M\u00e1rcio Fontana Catapan<\/td>\n<\/tr>\n<tr>\n<td data-sheets-value=\"{&quot;1&quot;:2,&quot;2&quot;:&quot;SUPLENTE&quot;}\">SUPLENTE<\/td>\n<td data-sheets-value=\"{&quot;1&quot;:2,&quot;2&quot;:&quot;Em\u00edlio Eiji Kavamura&quot;}\">Em\u00edlio Eiji Kavamura<\/td>\n<\/tr>\n<tr>\n<td data-sheets-value=\"{&quot;1&quot;:2,&quot;2&quot;:&quot;TITULAR&quot;}\">TITULAR<\/td>\n<td data-sheets-value=\"{&quot;1&quot;:2,&quot;2&quot;:&quot;Drielle Sanchez Leitner&quot;}\">Drielle Sanchez Leitner<\/td>\n<\/tr>\n<tr>\n<td data-sheets-value=\"{&quot;1&quot;:2,&quot;2&quot;:&quot;SUPLENTE&quot;}\">SUPLENTE<\/td>\n<td data-sheets-value=\"{&quot;1&quot;:2,&quot;2&quot;:&quot;M\u00e1rcio Henrique de Sousa Carboni&quot;}\">M\u00e1rcio Henrique de Sousa Carboni<\/td>\n<\/tr>\n<tr>\n<td data-sheets-value=\"{&quot;1&quot;:2,&quot;2&quot;:&quot;TITULAR&quot;}\">TITULAR<\/td>\n<td data-sheets-value=\"{&quot;1&quot;:2,&quot;2&quot;:&quot;Isabella de Souza Sierra&quot;}\">Isabella de Souza Sierra<\/td>\n<\/tr>\n<tr>\n<td data-sheets-value=\"{&quot;1&quot;:2,&quot;2&quot;:&quot;SUPLENTE&quot;}\">SUPLENTE<\/td>\n<td data-sheets-value=\"{&quot;1&quot;:2,&quot;2&quot;:&quot;Elen Andrea Janzen Lor&quot;}\">Elen Andrea Janzen Lor<\/td>\n<\/tr>\n<tr>\n<td><\/td>\n<td><\/td>\n<td><\/td>\n<\/tr>\n<tr>\n<td colspan=\"1\" rowspan=\"2\" data-sheets-value=\"{&quot;1&quot;:2,&quot;2&quot;:&quot;Arquitetura&quot;}\">\n<div>Arquitetura<\/div>\n<\/td>\n<td data-sheets-value=\"{&quot;1&quot;:2,&quot;2&quot;:&quot;TITULAR&quot;}\">TITULAR<\/td>\n<td data-sheets-value=\"{&quot;1&quot;:2,&quot;2&quot;:&quot;M\u00e1rcio Henrique de Sousa Carboni&quot;}\">M\u00e1rcio Henrique de Sousa Carboni<\/td>\n<\/tr>\n<tr>\n<td data-sheets-value=\"{&quot;1&quot;:2,&quot;2&quot;:&quot;SUPLENTE&quot;}\">SUPLENTE<\/td>\n<td data-sheets-value=\"{&quot;1&quot;:2,&quot;2&quot;:&quot;Jos\u00e9 Ernesto Bueno Wills&quot;}\">Jos\u00e9 Ernesto Bueno Wills<\/td>\n<\/tr>\n<tr>\n<td><\/td>\n<td><\/td>\n<td><\/td>\n<\/tr>\n<tr>\n<td colspan=\"1\" rowspan=\"2\" data-sheets-value=\"{&quot;1&quot;:2,&quot;2&quot;:&quot;Artes Visuais&quot;}\">\n<div>Artes Visuais<\/div>\n<\/td>\n<td data-sheets-value=\"{&quot;1&quot;:2,&quot;2&quot;:&quot;TITULAR&quot;}\">TITULAR<\/td>\n<td data-sheets-value=\"{&quot;1&quot;:2,&quot;2&quot;:&quot;-&quot;}\">&#8211;<\/td>\n<\/tr>\n<tr>\n<td data-sheets-value=\"{&quot;1&quot;:2,&quot;2&quot;:&quot;SUPLENTE&quot;}\">SUPLENTE<\/td>\n<td data-sheets-value=\"{&quot;1&quot;:2,&quot;2&quot;:&quot;-&quot;}\">&#8211;<\/td>\n<\/tr>\n<tr>\n<td><\/td>\n<td><\/td>\n<td><\/td>\n<\/tr>\n<tr>\n<td colspan=\"1\" rowspan=\"2\" data-sheets-value=\"{&quot;1&quot;:2,&quot;2&quot;:&quot;Eng. Agron\u00f4mica&quot;}\">\n<div>Eng. Agron\u00f4mica<\/div>\n<\/td>\n<td data-sheets-value=\"{&quot;1&quot;:2,&quot;2&quot;:&quot;TITULAR&quot;}\">TITULAR<\/td>\n<td data-sheets-value=\"{&quot;1&quot;:2,&quot;2&quot;:&quot;Em\u00edlio Eiji Kavamura&quot;}\">Em\u00edlio Eiji Kavamura<\/td>\n<\/tr>\n<tr>\n<td data-sheets-value=\"{&quot;1&quot;:2,&quot;2&quot;:&quot;SUPLENTE&quot;}\">SUPLENTE<\/td>\n<td data-sheets-value=\"{&quot;1&quot;:2,&quot;2&quot;:&quot;Jos\u00e9 Ernesto Bueno Wills&quot;}\">Jos\u00e9 Ernesto Bueno Wills<\/td>\n<\/tr>\n<tr>\n<td><\/td>\n<td><\/td>\n<td><\/td>\n<\/tr>\n<tr>\n<td colspan=\"1\" rowspan=\"2\" data-sheets-value=\"{&quot;1&quot;:2,&quot;2&quot;:&quot;Eng. Cartogr\u00e1fica&quot;}\">\n<div>Eng. Cartogr\u00e1fica<\/div>\n<\/td>\n<td data-sheets-value=\"{&quot;1&quot;:2,&quot;2&quot;:&quot;TITULAR&quot;}\">TITULAR<\/td>\n<td data-sheets-value=\"{&quot;1&quot;:2,&quot;2&quot;:&quot;Zuleica Faria de Medeiros&quot;}\">Zuleica Faria de Medeiros<\/td>\n<\/tr>\n<tr>\n<td data-sheets-value=\"{&quot;1&quot;:2,&quot;2&quot;:&quot;SUPLENTE&quot;}\">SUPLENTE<\/td>\n<td data-sheets-value=\"{&quot;1&quot;:2,&quot;2&quot;:&quot;Andrea Faria Andrade&quot;}\">Andrea Faria Andrade<\/td>\n<\/tr>\n<tr>\n<td><\/td>\n<td><\/td>\n<td><\/td>\n<\/tr>\n<tr>\n<td colspan=\"1\" rowspan=\"2\" data-sheets-value=\"{&quot;1&quot;:2,&quot;2&quot;:&quot;Eng. Civil&quot;}\">\n<div>Eng. Civil<\/div>\n<\/td>\n<td data-sheets-value=\"{&quot;1&quot;:2,&quot;2&quot;:&quot;TITULAR&quot;}\">TITULAR<\/td>\n<td data-sheets-value=\"{&quot;1&quot;:2,&quot;2&quot;:&quot;Deise Maria Bertholdi Costa&quot;}\">Deise Maria Bertholdi Costa<\/td>\n<\/tr>\n<tr>\n<td data-sheets-value=\"{&quot;1&quot;:2,&quot;2&quot;:&quot;SUPLENTE&quot;}\">SUPLENTE<\/td>\n<td data-sheets-value=\"{&quot;1&quot;:2,&quot;2&quot;:&quot;Simone da Silva Soria Medina&quot;}\">Simone da Silva Soria Medina<\/td>\n<\/tr>\n<tr>\n<td><\/td>\n<td><\/td>\n<td><\/td>\n<\/tr>\n<tr>\n<td colspan=\"1\" rowspan=\"2\" data-sheets-value=\"{&quot;1&quot;:2,&quot;2&quot;:&quot;Eng. El\u00e9trica&quot;}\">\n<div>Eng. El\u00e9trica<\/div>\n<\/td>\n<td data-sheets-value=\"{&quot;1&quot;:2,&quot;2&quot;:&quot;TITULAR&quot;}\">TITULAR<\/td>\n<td data-sheets-value=\"{&quot;1&quot;:2,&quot;2&quot;:&quot;Emerson Rolkouski&quot;}\">Emerson Rolkouski<\/td>\n<\/tr>\n<tr>\n<td data-sheets-value=\"{&quot;1&quot;:2,&quot;2&quot;:&quot;SUPLENTE&quot;}\">SUPLENTE<\/td>\n<td data-sheets-value=\"{&quot;1&quot;:2,&quot;2&quot;:&quot;Isabella de Souza Sierra&quot;}\">Isabella de Souza Sierra<\/td>\n<\/tr>\n<tr>\n<td><\/td>\n<td><\/td>\n<td data-sheets-value=\"{&quot;1&quot;:2,&quot;2&quot;:&quot;Francisco de Alencar&quot;}\">Francisco de Alencar<\/td>\n<\/tr>\n<tr>\n<td colspan=\"1\" rowspan=\"2\" data-sheets-value=\"{&quot;1&quot;:2,&quot;2&quot;:&quot;Eng. Florestal&quot;}\">\n<div>Eng. Florestal<\/div>\n<\/td>\n<td data-sheets-value=\"{&quot;1&quot;:2,&quot;2&quot;:&quot;TITULAR&quot;}\">TITULAR<\/td>\n<td data-sheets-value=\"{&quot;1&quot;:2,&quot;2&quot;:&quot;Francisco de Alencar&quot;}\">Francisco de Alencar<\/td>\n<\/tr>\n<tr>\n<td data-sheets-value=\"{&quot;1&quot;:2,&quot;2&quot;:&quot;SUPLENTE&quot;}\">SUPLENTE<\/td>\n<td data-sheets-value=\"{&quot;1&quot;:2,&quot;2&quot;:&quot;Francine Aidie Rossi&quot;}\">Francine Aidie Rossi<\/td>\n<\/tr>\n<tr>\n<td><\/td>\n<td><\/td>\n<td><\/td>\n<\/tr>\n<tr>\n<td colspan=\"1\" rowspan=\"2\" data-sheets-value=\"{&quot;1&quot;:2,&quot;2&quot;:&quot;Eng. Ind. Madeireira&quot;}\">\n<div>Eng. Ind. Madeireira<\/div>\n<\/td>\n<td data-sheets-value=\"{&quot;1&quot;:2,&quot;2&quot;:&quot;TITULAR&quot;}\">TITULAR<\/td>\n<td data-sheets-value=\"{&quot;1&quot;:2,&quot;2&quot;:&quot;Zuleica Faria de Medeiros&quot;}\">Zuleica Faria de Medeiros<\/td>\n<\/tr>\n<tr>\n<td data-sheets-value=\"{&quot;1&quot;:2,&quot;2&quot;:&quot;SUPLENTE&quot;}\">SUPLENTE<\/td>\n<td data-sheets-value=\"{&quot;1&quot;:2,&quot;2&quot;:&quot;Francisco de Alencar&quot;}\">Francisco de Alencar<\/td>\n<\/tr>\n<tr>\n<td><\/td>\n<td><\/td>\n<td><\/td>\n<\/tr>\n<tr>\n<td colspan=\"1\" rowspan=\"2\" data-sheets-value=\"{&quot;1&quot;:2,&quot;2&quot;:&quot;Eng. Qu\u00edmica&quot;}\">\n<div>Eng. Qu\u00edmica<\/div>\n<\/td>\n<td data-sheets-value=\"{&quot;1&quot;:2,&quot;2&quot;:&quot;TITULAR&quot;}\">TITULAR<\/td>\n<td data-sheets-value=\"{&quot;1&quot;:2,&quot;2&quot;:&quot;Paulo Henrique Siqueira&quot;}\">Paulo Henrique Siqueira<\/td>\n<\/tr>\n<tr>\n<td data-sheets-value=\"{&quot;1&quot;:2,&quot;2&quot;:&quot;SUPLENTE&quot;}\">SUPLENTE<\/td>\n<td data-sheets-value=\"{&quot;1&quot;:2,&quot;2&quot;:&quot;Elen Andrea Janzen Lor&quot;}\">Elen Andrea Janzen Lor<\/td>\n<\/tr>\n<tr>\n<td><\/td>\n<td><\/td>\n<td><\/td>\n<\/tr>\n<tr>\n<td colspan=\"1\" rowspan=\"2\" data-sheets-value=\"{&quot;1&quot;:2,&quot;2&quot;:&quot;Qu\u00edmica&quot;}\">\n<div>Qu\u00edmica<\/div>\n<\/td>\n<td data-sheets-value=\"{&quot;1&quot;:2,&quot;2&quot;:&quot;TITULAR&quot;}\">TITULAR<\/td>\n<td data-sheets-value=\"{&quot;1&quot;:2,&quot;2&quot;:&quot;Zuleica Faria de Medeiros&quot;}\">Zuleica Faria de Medeiros<\/td>\n<\/tr>\n<tr>\n<td data-sheets-value=\"{&quot;1&quot;:2,&quot;2&quot;:&quot;SUPLENTE&quot;}\">SUPLENTE<\/td>\n<td data-sheets-value=\"{&quot;1&quot;:2,&quot;2&quot;:&quot;B\u00e1rbara de C\u00e1ssia Xavier Cassins Aguiar&quot;}\">B\u00e1rbara de C\u00e1ssia Xavier Cassins Aguiar<\/td>\n<\/tr>\n<tr>\n<td><\/td>\n<td><\/td>\n<td><\/td>\n<\/tr>\n<tr>\n<td colspan=\"1\" rowspan=\"2\" data-sheets-value=\"{&quot;1&quot;:2,&quot;2&quot;:&quot;Eng. De Produ\u00e7\u00e3o&quot;}\">\n<div>Eng. De Produ\u00e7\u00e3o<\/div>\n<\/td>\n<td data-sheets-value=\"{&quot;1&quot;:2,&quot;2&quot;:&quot;TITULAR&quot;}\">TITULAR<\/td>\n<td data-sheets-value=\"{&quot;1&quot;:2,&quot;2&quot;:&quot;B\u00e1rbara de C\u00e1ssia Xavier Cassins Aguiar&quot;}\">B\u00e1rbara de C\u00e1ssia Xavier Cassins Aguiar<\/td>\n<\/tr>\n<tr>\n<td data-sheets-value=\"{&quot;1&quot;:2,&quot;2&quot;:&quot;SUPLENTE&quot;}\">SUPLENTE<\/td>\n<td data-sheets-value=\"{&quot;1&quot;:2,&quot;2&quot;:&quot;Arabella Natal Galv\u00e3o da Silva&quot;}\">Arabella Natal Galv\u00e3o da Silva<\/td>\n<\/tr>\n<tr>\n<td><\/td>\n<td><\/td>\n<td><\/td>\n<\/tr>\n<tr>\n<td colspan=\"1\" rowspan=\"2\" data-sheets-value=\"{&quot;1&quot;:2,&quot;2&quot;:&quot;Matem\u00e1tica&quot;}\">\n<div>Matem\u00e1tica<\/div>\n<\/td>\n<td data-sheets-value=\"{&quot;1&quot;:2,&quot;2&quot;:&quot;TITULAR&quot;}\">TITULAR<\/td>\n<td data-sheets-value=\"{&quot;1&quot;:2,&quot;2&quot;:&quot;Emerson Rolkouski&quot;}\">Emerson Rolkouski<\/td>\n<\/tr>\n<tr>\n<td data-sheets-value=\"{&quot;1&quot;:2,&quot;2&quot;:&quot;SUPLENTE&quot;}\">SUPLENTE<\/td>\n<td data-sheets-value=\"{&quot;1&quot;:2,&quot;2&quot;:&quot;Simone da Silva Soria Medina&quot;}\">Simone da Silva Soria Medina<\/td>\n<\/tr>\n<tr>\n<td><\/td>\n<td><\/td>\n<td><\/td>\n<\/tr>\n<tr>\n<td colspan=\"1\" rowspan=\"2\" data-sheets-value=\"{&quot;1&quot;:2,&quot;2&quot;:&quot;Eng. Ambiental&quot;}\">\n<div>Eng. Ambiental<\/div>\n<\/td>\n<td data-sheets-value=\"{&quot;1&quot;:2,&quot;2&quot;:&quot;TITULAR&quot;}\">TITULAR<\/td>\n<td data-sheets-value=\"{&quot;1&quot;:2,&quot;2&quot;:&quot;Drielle Sanchez Leitner&quot;}\">Drielle Sanchez Leitner<\/td>\n<\/tr>\n<tr>\n<td data-sheets-value=\"{&quot;1&quot;:2,&quot;2&quot;:&quot;SUPLENTE&quot;}\">SUPLENTE<\/td>\n<td data-sheets-value=\"{&quot;1&quot;:2,&quot;2&quot;:&quot;Paulo Henrique Siqueira&quot;}\">Paulo Henrique Siqueira<\/td>\n<\/tr>\n<\/tbody>\n<\/table>\n","protected":false},"excerpt":{"rendered":"<p>\u00a0REPRESENTANTES DE 2024 SETOR Comit\u00ea Setorial de Extens\u00e3o TITULAR Arabella Natal Galv\u00e3o da Silva SUPLENTE Elen Andrea Janzen Lor Comit\u00ea Setorial de Pesquisa TITULAR Deise Maria Bertholdi Costa SUPLENTE M\u00e1rcio Fontana Catapan Comit\u00ea Setorial de Monitoria TITULAR Anderson Roges Teixeira&hellip; <\/p>\n","protected":false},"author":22,"featured_media":0,"parent":0,"menu_order":0,"comment_status":"closed","ping_status":"closed","template":"","meta":{"footnotes":""},"class_list":["post-2027","page","type-page","status-publish","hentry"],"_links":{"self":[{"href":"https:\/\/exatas.ufpr.br\/degraf\/wp-json\/wp\/v2\/pages\/2027","targetHints":{"allow":["GET"]}}],"collection":[{"href":"https:\/\/exatas.ufpr.br\/degraf\/wp-json\/wp\/v2\/pages"}],"about":[{"href":"https:\/\/exatas.ufpr.br\/degraf\/wp-json\/wp\/v2\/types\/page"}],"author":[{"embeddable":true,"href":"https:\/\/exatas.ufpr.br\/degraf\/wp-json\/wp\/v2\/users\/22"}],"replies":[{"embeddable":true,"href":"https:\/\/exatas.ufpr.br\/degraf\/wp-json\/wp\/v2\/comments?post=2027"}],"version-history":[{"count":12,"href":"https:\/\/exatas.ufpr.br\/degraf\/wp-json\/wp\/v2\/pages\/2027\/revisions"}],"predecessor-version":[{"id":2666,"href":"https:\/\/exatas.ufpr.br\/degraf\/wp-json\/wp\/v2\/pages\/2027\/revisions\/2666"}],"wp:attachment":[{"href":"https:\/\/exatas.ufpr.br\/degraf\/wp-json\/wp\/v2\/media?parent=2027"}],"curies":[{"name":"wp","href":"https:\/\/api.w.org\/{rel}","templated":true}]}}