{"id":2023,"date":"2020-03-05T09:25:23","date_gmt":"2020-03-05T12:25:23","guid":{"rendered":"https:\/\/exatas.ufpr.br\/degraf\/?page_id=2023"},"modified":"2024-06-26T13:15:38","modified_gmt":"2024-06-26T16:15:38","slug":"colegiados","status":"publish","type":"page","link":"https:\/\/exatas.ufpr.br\/degraf\/colegiados\/","title":{"rendered":"Colegiados"},"content":{"rendered":"<p>Segue abaixo tabela dos representantes dos colegiados para 2023:<\/p>\n<table border=\"1\" width=\"820\" cellspacing=\"0\" cellpadding=\"0\">\n<tbody>\n<tr>\n<td style=\"text-align: center\" height=\"22\"><strong>Curso<\/strong><\/td>\n<td style=\"text-align: center\"><strong>\u00a0Situa\u00e7\u00e3o\u00a0\u00a0<\/strong><\/td>\n<td style=\"text-align: center\"><strong>Representante<\/strong><\/td>\n<td style=\"text-align: center\"><strong>Contato<\/strong><\/td>\n<\/tr>\n<tr>\n<td rowspan=\"2\" height=\"47\">Arquitetura<\/td>\n<td>TITULAR<\/td>\n<td>M\u00e1rcio Henrique de Sousa Carboni<\/td>\n<td>mhcarboni@ufpr.br<\/td>\n<\/tr>\n<tr>\n<td height=\"24\">SUPLENTE<\/td>\n<td>Jos\u00e9 Ernesto Bueno Wills<\/td>\n<td>ernestobueno@ufpr.br<\/td>\n<\/tr>\n<tr>\n<td rowspan=\"2\" height=\"47\"><\/td>\n<td><\/td>\n<td><\/td>\n<td><\/td>\n<\/tr>\n<tr>\n<td height=\"24\"><\/td>\n<td><\/td>\n<td><\/td>\n<\/tr>\n<tr>\n<td rowspan=\"2\" height=\"47\">Eng. Agron\u00f4mica<\/td>\n<td>TITULAR<\/td>\n<td>Em\u00edlio Eiji Kavamura<\/td>\n<td>emilio.kavamura@ufpr.br<\/td>\n<\/tr>\n<tr>\n<td height=\"24\">SUPLENTE<\/td>\n<td>Jos\u00e9 Ernesto Bueno Wills<\/td>\n<td>ernestobueno@ufpr.br<\/td>\n<\/tr>\n<tr>\n<td rowspan=\"2\" height=\"47\">Eng. Cartogr\u00e1fica<\/td>\n<td>TITULAR<\/td>\n<td>Zuleica Faria de Medeiros<\/td>\n<td>zuleicamedeirosufpr@gmail.com<\/p>\n<p>zmedeiro@ufpr.br<\/td>\n<\/tr>\n<tr>\n<td height=\"24\">SUPLENTE<\/td>\n<td>Andrea Faria Andrade<\/td>\n<td>afariandrade@gmail.com<\/td>\n<\/tr>\n<tr>\n<td rowspan=\"2\" height=\"47\">Eng. Civil<\/td>\n<td>TITULAR<\/td>\n<td>Deise Maria Bertholdi Costa<\/td>\n<td>deise@ufpr.br<\/td>\n<\/tr>\n<tr>\n<td height=\"24\">SUPLENTE<\/td>\n<td>Simone da Silva Soria<\/td>\n<td>simone.silva.medina@gmail.com<\/p>\n<p>moni@ufpr.br<\/td>\n<\/tr>\n<tr>\n<td rowspan=\"2\" height=\"47\">Eng. El\u00e9trica<\/td>\n<td>TITULAR<\/td>\n<td>Emerson Rolkouski<\/td>\n<td>marciocatapan@gmail.com<\/td>\n<\/tr>\n<tr>\n<td height=\"24\">SUPLENTE<\/td>\n<td>\u00a0Isabella de Souza Sierra<\/td>\n<td>isabella.sierra@ufpr.br<\/td>\n<\/tr>\n<tr>\n<td rowspan=\"2\" height=\"47\">Eng. Florestal<\/td>\n<td>TITULAR<\/td>\n<td>Francisco de Alencar<\/td>\n<td>alencardesign@ufpr.br<\/p>\n<p>chicodealencar@uol.com.br<\/td>\n<\/tr>\n<tr>\n<td height=\"24\">SUPLENTE<\/td>\n<td>Francine Aidie Rossi<\/td>\n<td>rossi@ufpr.br<\/td>\n<\/tr>\n<tr>\n<td rowspan=\"2\" height=\"47\">Eng. Ind. Madeireira<\/td>\n<td>TITULAR<\/td>\n<td>Zuleica Faria de Medeiros<\/td>\n<td>zuleicamedeirosufpr@gmail.com<\/p>\n<p>zmedeiro@ufpr.br<\/td>\n<\/tr>\n<tr>\n<td height=\"24\">SUPLENTE<\/td>\n<td>Francisco de Alencar<\/td>\n<td>alencardesign@ufpr.br<\/p>\n<p>chicodealencar@uol.com.br<\/td>\n<\/tr>\n<tr>\n<td rowspan=\"2\" height=\"47\">Eng. Qu\u00edmica<\/td>\n<td>TITULAR<\/td>\n<td>Paulo Henrique Siqueira<\/td>\n<td>paulohs@ufpr.br<\/td>\n<\/tr>\n<tr>\n<td height=\"24\">SUPLENTE<\/td>\n<td>Elen Andrea Janzen Lor<\/td>\n<td>elen@ufpr.br<\/td>\n<\/tr>\n<tr>\n<td rowspan=\"2\" height=\"47\">Qu\u00edmica<\/td>\n<td>TITULAR<\/td>\n<td>Zuleica Faria de Medeiros<\/td>\n<td>zuleicamedeirosufpr@gmail.com<\/p>\n<p>zmedeiro@ufpr.br<\/td>\n<\/tr>\n<tr>\n<td height=\"24\">SUPLENTE<\/td>\n<td>B\u00e1rbara de C\u00e1ssia Xavier Cassins Aguiar<\/td>\n<td>babi.eg@ufpr.br<\/td>\n<\/tr>\n<tr>\n<td rowspan=\"2\" height=\"47\">Eng. De Produ\u00e7\u00e3o<\/td>\n<td>TITULAR<\/td>\n<td>B\u00e1rbara de C\u00e1ssia Xavier Cassins Aguiar<\/td>\n<td>babi.eg@ufpr.br<\/td>\n<\/tr>\n<tr>\n<td height=\"24\">SUPLENTE<\/td>\n<td>Arabella Natal Galv\u00e3o da Silva<\/td>\n<td>arabellagalvao@ufpr.br<\/td>\n<\/tr>\n<tr>\n<td rowspan=\"2\" height=\"47\">Matem\u00e1tica<\/td>\n<td>TITULAR<\/td>\n<td>Emerson Rolkouski<\/td>\n<td>rolkouski@uol.com.br<\/td>\n<\/tr>\n<tr>\n<td height=\"24\">SUPLENTE<\/td>\n<td>Simone da Silva Soria Medina<\/td>\n<td>simone.silva.medina@gmail.com<\/p>\n<p>moni@ufpr.br<\/td>\n<\/tr>\n<tr>\n<td rowspan=\"2\" height=\"47\">Eng. Ambiental<\/td>\n<td>TITULAR<\/td>\n<td>Drielle Sanchez Leitner<\/td>\n<td>drielle@ufpr.br<\/td>\n<\/tr>\n<tr>\n<td height=\"24\">SUPLENTE<\/td>\n<td>Paulo Henrique Siqueira<\/td>\n<td>paulohs@ufpr.br<\/td>\n<\/tr>\n<\/tbody>\n<\/table>\n<table style=\"height: 986px\" width=\"646\">\n<tbody>\n<tr>\n<td rowspan=\"12\" width=\"137\">Express\u00e3o Gr\u00e1fica<\/td>\n<td width=\"64\">PRESIDENTE<\/td>\n<td width=\"198\">Anderson Roges Teixeira G\u00f3es<\/td>\n<\/tr>\n<tr>\n<td>TITULAR<\/td>\n<td>Francine Aidie Rossi<\/td>\n<\/tr>\n<tr>\n<td>TITULAR<\/td>\n<td>Andrea Faria Andrade<\/td>\n<\/tr>\n<tr>\n<td>SUPLENTE<\/td>\n<td>Adriana Vaz<\/td>\n<\/tr>\n<tr>\n<td>TITULAR<\/td>\n<td>Arabella Natal Galv\u00e3o da Silva<\/td>\n<\/tr>\n<tr>\n<td>SUPLENTE<\/td>\n<td>Deise Maria Bertholdi Costa<\/td>\n<\/tr>\n<tr>\n<td>TITULAR<\/td>\n<td>M\u00e1rcio Fontana Catapan<\/td>\n<\/tr>\n<tr>\n<td>SUPLENTE<\/td>\n<td>Em\u00edlio Eiji Kavamura<\/td>\n<\/tr>\n<tr>\n<td>TITULAR<\/td>\n<td>Drielle Sanchez Leitner<\/td>\n<\/tr>\n<tr>\n<td>SUPLENTE<\/td>\n<td>M\u00e1rcio Henrique de Sousa Carboni<\/td>\n<\/tr>\n<tr>\n<td>TITULAR<\/td>\n<td>Isabella de Souza Sierra<\/td>\n<\/tr>\n<tr>\n<td>SUPLENTE<\/td>\n<td>Elen Andrea Janzen Lor<\/td>\n<\/tr>\n<\/tbody>\n<\/table>\n","protected":false},"excerpt":{"rendered":"<p>Segue abaixo tabela dos representantes dos colegiados para 2023: Curso \u00a0Situa\u00e7\u00e3o\u00a0\u00a0 Representante Contato Arquitetura TITULAR M\u00e1rcio Henrique de Sousa Carboni mhcarboni@ufpr.br SUPLENTE Jos\u00e9 Ernesto Bueno Wills ernestobueno@ufpr.br Eng. Agron\u00f4mica TITULAR Em\u00edlio Eiji Kavamura emilio.kavamura@ufpr.br SUPLENTE Jos\u00e9 Ernesto Bueno Wills ernestobueno@ufpr.br&hellip; <\/p>\n","protected":false},"author":22,"featured_media":0,"parent":0,"menu_order":0,"comment_status":"closed","ping_status":"closed","template":"","meta":{"footnotes":""},"class_list":["post-2023","page","type-page","status-publish","hentry"],"_links":{"self":[{"href":"https:\/\/exatas.ufpr.br\/degraf\/wp-json\/wp\/v2\/pages\/2023","targetHints":{"allow":["GET"]}}],"collection":[{"href":"https:\/\/exatas.ufpr.br\/degraf\/wp-json\/wp\/v2\/pages"}],"about":[{"href":"https:\/\/exatas.ufpr.br\/degraf\/wp-json\/wp\/v2\/types\/page"}],"author":[{"embeddable":true,"href":"https:\/\/exatas.ufpr.br\/degraf\/wp-json\/wp\/v2\/users\/22"}],"replies":[{"embeddable":true,"href":"https:\/\/exatas.ufpr.br\/degraf\/wp-json\/wp\/v2\/comments?post=2023"}],"version-history":[{"count":10,"href":"https:\/\/exatas.ufpr.br\/degraf\/wp-json\/wp\/v2\/pages\/2023\/revisions"}],"predecessor-version":[{"id":2665,"href":"https:\/\/exatas.ufpr.br\/degraf\/wp-json\/wp\/v2\/pages\/2023\/revisions\/2665"}],"wp:attachment":[{"href":"https:\/\/exatas.ufpr.br\/degraf\/wp-json\/wp\/v2\/media?parent=2023"}],"curies":[{"name":"wp","href":"https:\/\/api.w.org\/{rel}","templated":true}]}}