{"id":187,"date":"2014-09-08T13:26:20","date_gmt":"2014-09-08T16:26:20","guid":{"rendered":"https:\/\/exatas.ufpr.br\/degraf\/?page_id=187"},"modified":"2014-09-08T13:29:08","modified_gmt":"2014-09-08T16:29:08","slug":"linhas-de-pesquisa","status":"publish","type":"page","link":"https:\/\/exatas.ufpr.br\/degraf\/linhas-de-pesquisa\/","title":{"rendered":"Linhas de pesquisa"},"content":{"rendered":"<ul>\n<li class=\"normal\"><b>Computa\u00e7\u00e3o gr\u00e1fica:<\/b> educa\u00e7\u00e3o, ferramenta para computa\u00e7\u00e3o gr\u00e1fica, desenvolvimento de softwares gr\u00e1ficos, aplica\u00e7\u00f5es interdisciplinares da computa\u00e7\u00e3o gr\u00e1fica e anima\u00e7\u00e3o gr\u00e1fica.<\/li>\n<li class=\"normal\"><b>Geometria:<\/b> educa\u00e7\u00e3o, projeto de produto, degraf t\u00e9cnico, geometria plana, geometria espacial, sistemas de proje\u00e7\u00e3o, geometria descritiva, aplica\u00e7\u00f5es interdisciplinares da geometria.<\/li>\n<\/ul>\n<p>                 <strong><br \/>\n                Foi suspensa a abertura de nova turma do curso de Especializa\u00e7\u00e3o em Express\u00e3o Gr\u00e1fica no Ensino para 2010,  pois o curso est\u00e1 sendo reformulado para abertura em breve.<\/strong><\/p>\n","protected":false},"excerpt":{"rendered":"<p>Computa\u00e7\u00e3o gr\u00e1fica: educa\u00e7\u00e3o, ferramenta para computa\u00e7\u00e3o gr\u00e1fica, desenvolvimento de softwares gr\u00e1ficos, aplica\u00e7\u00f5es interdisciplinares da computa\u00e7\u00e3o gr\u00e1fica e anima\u00e7\u00e3o gr\u00e1fica. Geometria: educa\u00e7\u00e3o, projeto de produto, degraf t\u00e9cnico, geometria plana, geometria espacial, sistemas de proje\u00e7\u00e3o, geometria descritiva, aplica\u00e7\u00f5es interdisciplinares da geometria. Foi&hellip; <\/p>\n","protected":false},"author":1,"featured_media":0,"parent":0,"menu_order":0,"comment_status":"closed","ping_status":"closed","template":"","meta":{"footnotes":""},"class_list":["post-187","page","type-page","status-publish","hentry"],"_links":{"self":[{"href":"https:\/\/exatas.ufpr.br\/degraf\/wp-json\/wp\/v2\/pages\/187","targetHints":{"allow":["GET"]}}],"collection":[{"href":"https:\/\/exatas.ufpr.br\/degraf\/wp-json\/wp\/v2\/pages"}],"about":[{"href":"https:\/\/exatas.ufpr.br\/degraf\/wp-json\/wp\/v2\/types\/page"}],"author":[{"embeddable":true,"href":"https:\/\/exatas.ufpr.br\/degraf\/wp-json\/wp\/v2\/users\/1"}],"replies":[{"embeddable":true,"href":"https:\/\/exatas.ufpr.br\/degraf\/wp-json\/wp\/v2\/comments?post=187"}],"version-history":[{"count":2,"href":"https:\/\/exatas.ufpr.br\/degraf\/wp-json\/wp\/v2\/pages\/187\/revisions"}],"predecessor-version":[{"id":196,"href":"https:\/\/exatas.ufpr.br\/degraf\/wp-json\/wp\/v2\/pages\/187\/revisions\/196"}],"wp:attachment":[{"href":"https:\/\/exatas.ufpr.br\/degraf\/wp-json\/wp\/v2\/media?parent=187"}],"curies":[{"name":"wp","href":"https:\/\/api.w.org\/{rel}","templated":true}]}}