{"id":153,"date":"2014-09-08T12:45:21","date_gmt":"2014-09-08T15:45:21","guid":{"rendered":"https:\/\/exatas.ufpr.br\/degraf\/?page_id=153"},"modified":"2014-09-08T12:45:53","modified_gmt":"2014-09-08T15:45:53","slug":"ementas-antigas","status":"publish","type":"page","link":"https:\/\/exatas.ufpr.br\/degraf\/ementas-antigas\/","title":{"rendered":"Ementas antigas"},"content":{"rendered":"<div class=\"not4\">\n                \t<a target=\"_blank\" href=\"\/docs_degraf\/ementas\/001.pdf\">CD001 &#8211; Desenho Geom\u00e9trico I<\/a>\n            \t<\/div>\n<div class=\"not4\">\n                \t<a target=\"_blank\" href=\"\/docs_degraf\/ementas\/002.pdf\">CD002 &#8211; Desenho Geom\u00e9trico II<\/a>\n            \t<\/div>\n<div class=\"not4\">\n                \t<a target=\"_blank\" href=\"\/docs_degraf\/ementas\/003.pdf\">CD003 &#8211; Geometria Descritiva I<\/a>\n            \t<\/div>\n<div class=\"not4\">\n                \t<a target=\"_blank\" href=\"\/docs_degraf\/ementas\/004.pdf\">CD004 &#8211; Geometria Descritiva II<\/a>\n            \t<\/div>\n<div class=\"not4\">\n                \t<a target=\"_blank\" href=\"\/docs_degraf\/ementas\/005.pdf\">CD005 &#8211; Geometria Descritiva I<\/a>\n            \t<\/div>\n<div class=\"not4\">\n                \t<a target=\"_blank\" href=\"\/docs_degraf\/ementas\/006.pdf\">CD006 &#8211; Nomografia<\/a>\n            \t<\/div>\n<div class=\"not4\">\n                \t<a target=\"_blank\" href=\"\/docs_degraf\/ementas\/007.pdf\">CD007 &#8211; Desenho T\u00e9cnico I<\/a>\n            \t<\/div>\n<div class=\"not4\">\n                \t<a target=\"_blank\" href=\"\/docs_degraf\/ementas\/008.pdf\">CD008 &#8211; Desenho T\u00e9cnico II<\/a>\n            \t<\/div>\n<div class=\"not4\">\n                \t<a target=\"_blank\" href=\"\/docs_degraf\/ementas\/009.pdf\">CD009 &#8211; Desenho T\u00e9cnico III<\/a>\n            \t<\/div>\n<div class=\"not4\">\n                \t<a target=\"_blank\" href=\"\/docs_degraf\/ementas\/010.pdf\">CD010 &#8211; Express\u00e3o Gr\u00e1fica I<\/a>\n            \t<\/div>\n<div class=\"not4\">\n                \t<a target=\"_blank\" href=\"\/docs_degraf\/ementas\/011.pdf\">CD011 &#8211; Express\u00e3o Gr\u00e1fica II<\/a>\n            \t<\/div>\n<div class=\"not4\">\n                \t<a target=\"_blank\" href=\"\/docs_degraf\/ementas\/012.pdf\">CD012 &#8211; Desenho Geol\u00f3gico<\/a>\n            \t<\/div>\n<div class=\"not4\">\n                \t<a target=\"_blank\" href=\"\/docs_degraf\/ementas\/013.pdf\">CD013 &#8211; Desenho T\u00e9cnico<\/a>\n            \t<\/div>\n<div class=\"not4\">\n                \t<a target=\"_blank\" href=\"\/docs_degraf\/ementas\/016.pdf\">CD016 &#8211; Geometria Descritiva<\/a>\n            \t<\/div>\n<div class=\"not4\">\n                \t<a target=\"_blank\" href=\"\/docs_degraf\/ementas\/017.pdf\">CD017 &#8211; Desenho T\u00e9cnico I<\/a>\n            \t<\/div>\n<div class=\"not4\">\n\t\t\t\t\t<a target=\"_blank\" href=\"\/docs_degraf\/ementas\/018.pdf\">CD018 &#8211; Perspectiva<\/a>\n            \t<\/div>\n<div class=\"not4\">\n                \t<a target=\"_blank\" href=\"\/docs_degraf\/ementas\/019.pdf\">CD019 &#8211; Proje\u00e7\u00f5es Cotadas<\/a>\n            \t<\/div>\n<div class=\"not4\">\n                \t<a target=\"_blank\" href=\"\/docs_degraf\/ementas\/022.pdf\">CD022 &#8211; Desenho T\u00e9cnico III<\/a>\n            \t<\/div>\n<div class=\"not4\">\n                \t<a target=\"_blank\" href=\"\/docs_degraf\/ementas\/023.pdf\">CD023 &#8211; Geometria Descritiva II<\/a>\n            \t<\/div>\n<div class=\"not4\">\n                \t<a target=\"_blank\" href=\"\/docs_degraf\/ementas\/025.pdf\">CD025 &#8211; Projetos Integrados em Geometria<\/a>\n            \t<\/div>\n<div class=\"not4\">\n                \t<a target=\"_blank\" href=\"\/docs_degraf\/ementas\/045.pdf\">CD045 &#8211; Perspectiva<\/a>\n            \t<\/div>\n<div class=\"not4\">\n                \t<a target=\"_blank\" href=\"\/docs_degraf\/ementas\/401.pdf\">CD401 &#8211; Geometria Descritiva e Desenho T\u00e9cnico I<\/a>\n            \t<\/div>\n<div class=\"not4\">\n                \t<a target=\"_blank\" href=\"\/docs_degraf\/ementas\/402.pdf\">CD402 &#8211; Geometria Descritiva E Desenho T\u00e9cnico II<\/a>\n            \t<\/div>\n<div class=\"not4\">\n                \t<a target=\"_blank\" href=\"\/docs_degraf\/ementas\/403.pdf\">CD403 &#8211; Geometria Descritiva e Perspectiva<\/a>\n            \t<\/div>\n<div class=\"not4\">\n                \t<a target=\"_blank\" href=\"\/docs_degraf\/ementas\/404.pdf\">CD404 &#8211; Geometria Descritiva A<\/a>\n            \t<\/div>\n<div class=\"not4\">\n                \t<a target=\"_blank\" href=\"\/docs_degraf\/ementas\/405.pdf\">CD405 &#8211; Desenho Geom\u00e9trico A<\/a>\n            \t<\/div>\n<div class=\"not4\">\n                \t<a target=\"_blank\" href=\"\/docs_degraf\/ementas\/406.pdf\">CD406 &#8211; Geometria Descritiva B<\/a>\n            \t<\/div>\n<div class=\"not4\">\n                \t<a target=\"_blank\" href=\"\/docs_degraf\/ementas\/407.pdf\">CD407 &#8211; Desenho T\u00e9cnico A<\/a>\n            \t<\/div>\n<div class=\"not4\">\n                \t<a target=\"_blank\" href=\"\/docs_degraf\/ementas\/408.pdf\">CD408 &#8211; Geometria Euclideana<\/a>\n            \t<\/div>\n<div class=\"not4\">\n                \t<a target=\"_blank\" href=\"\/docs_degraf\/ementas\/409.pdf\">CD409 &#8211; Linguagem Inst das Tec de Rep Gr\u00e1fica I<\/a>\n            \t<\/div>\n<div class=\"not4\">\n                \t<a target=\"_blank\" href=\"\/docs_degraf\/ementas\/410.pdf\">CD410 &#8211; Linguagem Inst das Tec de Rep Gr\u00e1fica II<\/a>\n            \t<\/div>\n<div class=\"not4\">\n                \t<a target=\"_blank\" href=\"\/docs_degraf\/ementas\/411.pdf\">CD411 &#8211; T\u00e9cnica de Representa\u00e7\u00e3o Gr\u00e1fica <\/a>\n            \t<\/div>\n<div class=\"not4\">\n                \t<a target=\"_blank\" href=\"\/docs_degraf\/ementas\/412.pdf\">CD412 &#8211; Geometria Descritiva e Desenho T\u00e9cnico<\/a>\n            \t<\/div>\n<div class=\"not4\">\n                \t<a target=\"_blank\" href=\"\/docs_degraf\/ementas\/414.pdf\">CD414 &#8211; Desenho T\u00e9cnico<\/a>\n            \t<\/div>\n<div class=\"not4\">\n                \t<a target=\"_blank\" href=\"\/docs_degraf\/ementas\/415.pdf\">CD415 &#8211; Elementos de Geometria<\/a>\n            \t<\/div>\n<div class=\"not4\">\n                \t<a target=\"_blank\" href=\"\/docs_degraf\/ementas\/416.pdf\">CD416 &#8211; T\u00e9cnicas de Representa\u00e7\u00f5es Industriais<\/a>\n            \t<\/div>\n<div class=\"not4\">\n                \t<a target=\"_blank\" href=\"\/docs_degraf\/ementas\/417.pdf\">CD417 &#8211; Express\u00e3o Gr\u00e1fica<\/a>\n            \t<\/div>\n","protected":false},"excerpt":{"rendered":"<p>CD001 &#8211; Desenho Geom\u00e9trico I CD002 &#8211; Desenho Geom\u00e9trico II CD003 &#8211; Geometria Descritiva I CD004 &#8211; Geometria Descritiva II CD005 &#8211; Geometria Descritiva I CD006 &#8211; Nomografia CD007 &#8211; Desenho T\u00e9cnico I CD008 &#8211; Desenho T\u00e9cnico II CD009 &#8211;&hellip; <\/p>\n","protected":false},"author":1,"featured_media":0,"parent":0,"menu_order":0,"comment_status":"closed","ping_status":"closed","template":"","meta":{"footnotes":""},"class_list":["post-153","page","type-page","status-publish","hentry"],"_links":{"self":[{"href":"https:\/\/exatas.ufpr.br\/degraf\/wp-json\/wp\/v2\/pages\/153","targetHints":{"allow":["GET"]}}],"collection":[{"href":"https:\/\/exatas.ufpr.br\/degraf\/wp-json\/wp\/v2\/pages"}],"about":[{"href":"https:\/\/exatas.ufpr.br\/degraf\/wp-json\/wp\/v2\/types\/page"}],"author":[{"embeddable":true,"href":"https:\/\/exatas.ufpr.br\/degraf\/wp-json\/wp\/v2\/users\/1"}],"replies":[{"embeddable":true,"href":"https:\/\/exatas.ufpr.br\/degraf\/wp-json\/wp\/v2\/comments?post=153"}],"version-history":[{"count":2,"href":"https:\/\/exatas.ufpr.br\/degraf\/wp-json\/wp\/v2\/pages\/153\/revisions"}],"predecessor-version":[{"id":155,"href":"https:\/\/exatas.ufpr.br\/degraf\/wp-json\/wp\/v2\/pages\/153\/revisions\/155"}],"wp:attachment":[{"href":"https:\/\/exatas.ufpr.br\/degraf\/wp-json\/wp\/v2\/media?parent=153"}],"curies":[{"name":"wp","href":"https:\/\/api.w.org\/{rel}","templated":true}]}}