{"id":1249,"date":"2015-09-16T14:44:57","date_gmt":"2015-09-16T17:44:57","guid":{"rendered":"https:\/\/exatas.ufpr.br\/degraf\/?page_id=1249"},"modified":"2025-11-07T11:24:09","modified_gmt":"2025-11-07T14:24:09","slug":"planejamento-estrategico","status":"publish","type":"page","link":"https:\/\/exatas.ufpr.br\/degraf\/planejamento-estrategico\/","title":{"rendered":"Planejamento Estrat\u00e9gico"},"content":{"rendered":"<p><a href=\"https:\/\/exatas.ufpr.br\/degraf\/wp-content\/uploads\/sites\/2\/2025\/11\/Planejamento-Estrategico-DEGRAF-2025.pdf\">Planejamento Estrat\u00e9gico do Departamento de Express\u00e3o Gr\u00e1fica (DEGRAF): 2025 &#8211; 2028<\/a><\/p>\n<p><a href=\"https:\/\/exatas.ufpr.br\/degraf\/wp-content\/uploads\/sites\/2\/2015\/09\/PLanejamento-Estrat\u00e9gico_Degraf-2021-2024.pdf\">Planejamento Estrat\u00e9gico do Departamento de Express\u00e3o Gr\u00e1fica (DEGRAF): 2021-2024<\/a><\/p>\n<p><a href=\"\/docs_degraf\/planejamento_degraf.pdf\" target=\"_blank\" rel=\"noopener\">Planejamento Estrat\u00e9gico do Departamento de Express\u00e3o Gr\u00e1fica (DEGRAF): 2012-2020<\/a><\/p>\n<p><a href=\"\/docs_cegraf\/ApendicePlanejamentoEstrategicoDEGRAF.pdf\" target=\"_blank\" rel=\"noopener\">Planejamento Estrat\u00e9gico da Coordena\u00e7\u00e3o do Curso de Express\u00e3o Gr\u00e1fica (CEGRAF): 2014-2015<\/a><\/p>\n<p><a href=\"https:\/\/exatas.ufpr.br\/cegraf\/wp-content\/uploads\/sites\/3\/2014\/09\/2016_17_Anexo-III_PLANEJAMENTO-ESTRAT%C3%89GICO.pdf\" target=\"_blank\" rel=\"noopener\">Planejamento Estrat\u00e9gico da Coordena\u00e7\u00e3o do Curso de Express\u00e3o Gr\u00e1fica (CEGRAF): 2016-2017<\/a><\/p>\n<p><a href=\"https:\/\/exatas.ufpr.br\/cegraf\/wp-content\/uploads\/sites\/3\/2014\/09\/2016_17_Anexo-IV_PLANEJAMENTO-ESTRAT%C3%89GICO.pdf\" target=\"_blank\" rel=\"noopener\">Planejamento Estrat\u00e9gico da Coordena\u00e7\u00e3o do Curso de Express\u00e3o Gr\u00e1fica (CEGRAF): 2016-2017<\/a>\u00a0 ATUALIZADO<\/p>\n<p><a href=\"https:\/\/exatas.ufpr.br\/cegraf\/wp-content\/uploads\/sites\/3\/2014\/09\/2018_19_Anexo-V_PLANEJAMENTO-ESTRAT%C3%89GICO.pdf\" target=\"_blank\" rel=\"noopener\">Planejamento Estrat\u00e9gico da Coordena\u00e7\u00e3o do Curso de Express\u00e3o Gr\u00e1fica (CEGRAF): 2018-201<\/a>9<\/p>\n<p>&nbsp;<\/p>\n<p>&nbsp;<\/p>\n","protected":false},"excerpt":{"rendered":"<p>Planejamento Estrat\u00e9gico do Departamento de Express\u00e3o Gr\u00e1fica (DEGRAF): 2025 &#8211; 2028 Planejamento Estrat\u00e9gico do Departamento de Express\u00e3o Gr\u00e1fica (DEGRAF): 2021-2024 Planejamento Estrat\u00e9gico do Departamento de Express\u00e3o Gr\u00e1fica (DEGRAF): 2012-2020 Planejamento Estrat\u00e9gico da Coordena\u00e7\u00e3o do Curso de Express\u00e3o Gr\u00e1fica (CEGRAF): 2014-2015&hellip; <\/p>\n","protected":false},"author":1,"featured_media":0,"parent":0,"menu_order":0,"comment_status":"closed","ping_status":"closed","template":"","meta":{"footnotes":""},"class_list":["post-1249","page","type-page","status-publish","hentry"],"_links":{"self":[{"href":"https:\/\/exatas.ufpr.br\/degraf\/wp-json\/wp\/v2\/pages\/1249","targetHints":{"allow":["GET"]}}],"collection":[{"href":"https:\/\/exatas.ufpr.br\/degraf\/wp-json\/wp\/v2\/pages"}],"about":[{"href":"https:\/\/exatas.ufpr.br\/degraf\/wp-json\/wp\/v2\/types\/page"}],"author":[{"embeddable":true,"href":"https:\/\/exatas.ufpr.br\/degraf\/wp-json\/wp\/v2\/users\/1"}],"replies":[{"embeddable":true,"href":"https:\/\/exatas.ufpr.br\/degraf\/wp-json\/wp\/v2\/comments?post=1249"}],"version-history":[{"count":11,"href":"https:\/\/exatas.ufpr.br\/degraf\/wp-json\/wp\/v2\/pages\/1249\/revisions"}],"predecessor-version":[{"id":2861,"href":"https:\/\/exatas.ufpr.br\/degraf\/wp-json\/wp\/v2\/pages\/1249\/revisions\/2861"}],"wp:attachment":[{"href":"https:\/\/exatas.ufpr.br\/degraf\/wp-json\/wp\/v2\/media?parent=1249"}],"curies":[{"name":"wp","href":"https:\/\/api.w.org\/{rel}","templated":true}]}}