{"id":98,"date":"2015-06-30T15:30:27","date_gmt":"2015-06-30T15:30:27","guid":{"rendered":"https:\/\/exatas.ufpr.br\/degraf-geprieg\/?page_id=98"},"modified":"2015-06-30T15:34:38","modified_gmt":"2015-06-30T15:34:38","slug":"segeprieg","status":"publish","type":"page","link":"https:\/\/exatas.ufpr.br\/degraf-geprieg\/segeprieg\/","title":{"rendered":"SEGEPRIEG"},"content":{"rendered":"<p>Semin\u00e1rios do GEPRIEG \u2013 com ocorr\u00eancia mensal, aberto ao p\u00fablico em geral, procura apresentar temas desenvolvidos pelos pesquisadores e\/ou estudantes, bem como, atividades com pesquisadores externos sobre temas de interesse do GEPRIEG.<\/p>\n<ul>\n<li>\u201cA import\u00e2ncia da pesquisa e a forma\u00e7\u00e3o profissional\u201d &#8211; prof Mestra em Educa\u00e7\u00e3o Liliam Maria Born Martinelli.<\/li>\n<li>\u201cO Processo de Ensino-aprendizagem e suas dificuldades\u201d &#8211; psic\u00f3loga Carla de Oliveira Vaz Chiarello.<\/li>\n<\/ul>\n","protected":false},"excerpt":{"rendered":"<p>Semin\u00e1rios do GEPRIEG \u2013 com ocorr\u00eancia mensal, aberto ao p\u00fablico em geral, procura apresentar temas desenvolvidos pelos pesquisadores e\/ou estudantes, bem como, atividades com pesquisadores externos sobre temas de interesse do GEPRIEG. \u201cA import\u00e2ncia da pesquisa e a forma\u00e7\u00e3o profissional\u201d&hellip; <\/p>\n","protected":false},"author":1001,"featured_media":0,"parent":0,"menu_order":6,"comment_status":"closed","ping_status":"closed","template":"","meta":{"footnotes":""},"class_list":["post-98","page","type-page","status-publish","hentry"],"_links":{"self":[{"href":"https:\/\/exatas.ufpr.br\/degraf-geprieg\/wp-json\/wp\/v2\/pages\/98","targetHints":{"allow":["GET"]}}],"collection":[{"href":"https:\/\/exatas.ufpr.br\/degraf-geprieg\/wp-json\/wp\/v2\/pages"}],"about":[{"href":"https:\/\/exatas.ufpr.br\/degraf-geprieg\/wp-json\/wp\/v2\/types\/page"}],"author":[{"embeddable":true,"href":"https:\/\/exatas.ufpr.br\/degraf-geprieg\/wp-json\/wp\/v2\/users\/1001"}],"replies":[{"embeddable":true,"href":"https:\/\/exatas.ufpr.br\/degraf-geprieg\/wp-json\/wp\/v2\/comments?post=98"}],"version-history":[{"count":1,"href":"https:\/\/exatas.ufpr.br\/degraf-geprieg\/wp-json\/wp\/v2\/pages\/98\/revisions"}],"predecessor-version":[{"id":100,"href":"https:\/\/exatas.ufpr.br\/degraf-geprieg\/wp-json\/wp\/v2\/pages\/98\/revisions\/100"}],"wp:attachment":[{"href":"https:\/\/exatas.ufpr.br\/degraf-geprieg\/wp-json\/wp\/v2\/media?parent=98"}],"curies":[{"name":"wp","href":"https:\/\/api.w.org\/{rel}","templated":true}]}}