{"id":34,"date":"2015-04-08T19:11:00","date_gmt":"2015-04-08T19:11:00","guid":{"rendered":"https:\/\/exatas.ufpr.br\/degraf-geprieg\/?page_id=34"},"modified":"2015-06-30T15:31:40","modified_gmt":"2015-06-30T15:31:40","slug":"pibid","status":"publish","type":"page","link":"https:\/\/exatas.ufpr.br\/degraf-geprieg\/pibid\/","title":{"rendered":"PIBID"},"content":{"rendered":"<h3>PIBID &#8211; UFPR<\/h3>\n<p><a href=\"https:\/\/exatas.ufpr.br\/degraf-geprieg\/wp-content\/uploads\/sites\/20\/2015\/04\/11122329_790735034341113_860960378_n.jpg\"><img loading=\"lazy\" decoding=\"async\" class=\"aligncenter wp-image-50\" src=\"https:\/\/exatas.ufpr.br\/degraf-geprieg\/wp-content\/uploads\/sites\/20\/2015\/04\/11122329_790735034341113_860960378_n.jpg\" alt=\"11122329_790735034341113_860960378_n\" width=\"390\" height=\"160\" srcset=\"https:\/\/exatas.ufpr.br\/degraf-geprieg\/wp-content\/uploads\/sites\/20\/2015\/04\/11122329_790735034341113_860960378_n.jpg 390w, https:\/\/exatas.ufpr.br\/degraf-geprieg\/wp-content\/uploads\/sites\/20\/2015\/04\/11122329_790735034341113_860960378_n-300x123.jpg 300w\" sizes=\"auto, (max-width: 390px) 100vw, 390px\" \/><\/a>Este subprojeto PIBID Matem\u00e1tica UFPR tem a finalidade de proporcionar aos licenciandos de Matem\u00e1tica experi\u00eancias que os\u00a0levem a refletir sobre a melhoria da qualidade de ensino em escolas p\u00fablicas da Educa\u00e7\u00e3o B\u00e1sica, por meio da viv\u00eancia em sua futura profiss\u00e3o, entendendo o funcionamento da escola e seus desafios, propondo novas metodologias de ensino com recursos did\u00e1ticos provenientes dos campos de estudo\u00a0Express\u00e3o Gr\u00e1fica\u00a0e Tecnologias Educacionais, criando elo entre as teorias e a pr\u00e1tica efetiva.<\/p>\n<p>Saiba mais em: <a href=\"http:\/\/ufpr.sistemaspibid.com.br\/site\/projects\/44\/paginas\/390\" target=\"_blank\">http:\/\/ufpr.sistemaspibid.com.br\/site\/projects\/44\/paginas\/390<\/a><\/p>\n<p>&nbsp;<\/p>\n<h3>PIBID &#8211; IFPR<\/h3>\n","protected":false},"excerpt":{"rendered":"<p>PIBID &#8211; UFPR Este subprojeto PIBID Matem\u00e1tica UFPR tem a finalidade de proporcionar aos licenciandos de Matem\u00e1tica experi\u00eancias que os\u00a0levem a refletir sobre a melhoria da qualidade de ensino em escolas p\u00fablicas da Educa\u00e7\u00e3o B\u00e1sica, por meio da viv\u00eancia em&hellip; <\/p>\n","protected":false},"author":11,"featured_media":0,"parent":0,"menu_order":4,"comment_status":"closed","ping_status":"closed","template":"","meta":{"footnotes":""},"class_list":["post-34","page","type-page","status-publish","hentry"],"_links":{"self":[{"href":"https:\/\/exatas.ufpr.br\/degraf-geprieg\/wp-json\/wp\/v2\/pages\/34","targetHints":{"allow":["GET"]}}],"collection":[{"href":"https:\/\/exatas.ufpr.br\/degraf-geprieg\/wp-json\/wp\/v2\/pages"}],"about":[{"href":"https:\/\/exatas.ufpr.br\/degraf-geprieg\/wp-json\/wp\/v2\/types\/page"}],"author":[{"embeddable":true,"href":"https:\/\/exatas.ufpr.br\/degraf-geprieg\/wp-json\/wp\/v2\/users\/11"}],"replies":[{"embeddable":true,"href":"https:\/\/exatas.ufpr.br\/degraf-geprieg\/wp-json\/wp\/v2\/comments?post=34"}],"version-history":[{"count":7,"href":"https:\/\/exatas.ufpr.br\/degraf-geprieg\/wp-json\/wp\/v2\/pages\/34\/revisions"}],"predecessor-version":[{"id":97,"href":"https:\/\/exatas.ufpr.br\/degraf-geprieg\/wp-json\/wp\/v2\/pages\/34\/revisions\/97"}],"wp:attachment":[{"href":"https:\/\/exatas.ufpr.br\/degraf-geprieg\/wp-json\/wp\/v2\/media?parent=34"}],"curies":[{"name":"wp","href":"https:\/\/api.w.org\/{rel}","templated":true}]}}