{"id":2,"date":"2015-04-07T21:48:13","date_gmt":"2015-04-07T21:48:13","guid":{"rendered":"https:\/\/exatas.ufpr.br\/degraf-geprieg\/?page_id=2"},"modified":"2015-06-30T15:31:32","modified_gmt":"2015-06-30T15:31:32","slug":"pire-i","status":"publish","type":"page","link":"https:\/\/exatas.ufpr.br\/degraf-geprieg\/pire-i\/","title":{"rendered":"PIRE-I"},"content":{"rendered":"<p><a href=\"https:\/\/exatas.ufpr.br\/degraf-geprieg\/wp-content\/uploads\/sites\/20\/2015\/04\/Baner_PIRE-I_rev03.png\"><img loading=\"lazy\" decoding=\"async\" class=\"aligncenter wp-image-43 \" src=\"https:\/\/exatas.ufpr.br\/degraf-geprieg\/wp-content\/uploads\/sites\/20\/2015\/04\/Baner_PIRE-I_rev03.png\" alt=\"Baner_PIRE-I_rev03\" width=\"487\" height=\"162\" srcset=\"https:\/\/exatas.ufpr.br\/degraf-geprieg\/wp-content\/uploads\/sites\/20\/2015\/04\/Baner_PIRE-I_rev03.png 980w, https:\/\/exatas.ufpr.br\/degraf-geprieg\/wp-content\/uploads\/sites\/20\/2015\/04\/Baner_PIRE-I_rev03-300x100.png 300w\" sizes=\"auto, (max-width: 487px) 100vw, 487px\" \/><\/a> Resultado de 11 anos de pesquisas, o Pire \u00e9 um polo interdisciplinar, ligado ao Setor de Exatas, que utiliza tecnologias de ponta em Rob\u00f3tica Educacional na forma\u00e7\u00e3o de alunos e professores, em benef\u00edcio da sociedade. Estudantes dos cursos de Matem\u00e1tica, Express\u00e3o Gr\u00e1fica e F\u00edsica participam da iniciativa, resultado de parceria com a empresa Lego Zoom (franquia da Lego Education), que doou o material e ofereceu a capacita\u00e7\u00e3o aos alunos.<\/p>\n<div id=\"attachment_38\" style=\"width: 650px\" class=\"wp-caption aligncenter\"><a href=\"https:\/\/exatas.ufpr.br\/degraf-geprieg\/wp-content\/uploads\/sites\/20\/2015\/04\/17011391432_0d7650acab_z.jpg\"><img loading=\"lazy\" decoding=\"async\" aria-describedby=\"caption-attachment-38\" class=\"wp-image-38 size-full\" src=\"https:\/\/exatas.ufpr.br\/degraf-geprieg\/wp-content\/uploads\/sites\/20\/2015\/04\/17011391432_0d7650acab_z.jpg\" alt=\"Reitor da UFPR, Zaki Akel Sobrinho, na inaugura\u00e7\u00e3o do espa\u00e7o PIRE-I e LIFE\" width=\"640\" height=\"425\" srcset=\"https:\/\/exatas.ufpr.br\/degraf-geprieg\/wp-content\/uploads\/sites\/20\/2015\/04\/17011391432_0d7650acab_z.jpg 640w, https:\/\/exatas.ufpr.br\/degraf-geprieg\/wp-content\/uploads\/sites\/20\/2015\/04\/17011391432_0d7650acab_z-300x199.jpg 300w\" sizes=\"auto, (max-width: 640px) 100vw, 640px\" \/><\/a><p id=\"caption-attachment-38\" class=\"wp-caption-text\">Reitor da UFPR, Zaki Akel Sobrinho, na inaugura\u00e7\u00e3o do espa\u00e7o PIRE-I e LIFE<\/p><\/div>\n","protected":false},"excerpt":{"rendered":"<p>Resultado de 11 anos de pesquisas, o Pire \u00e9 um polo interdisciplinar, ligado ao Setor de Exatas, que utiliza tecnologias de ponta em Rob\u00f3tica Educacional na forma\u00e7\u00e3o de alunos e professores, em benef\u00edcio da sociedade. Estudantes dos cursos de Matem\u00e1tica,&hellip; <\/p>\n","protected":false},"author":1,"featured_media":0,"parent":0,"menu_order":2,"comment_status":"closed","ping_status":"closed","template":"","meta":{"footnotes":""},"class_list":["post-2","page","type-page","status-publish","hentry"],"_links":{"self":[{"href":"https:\/\/exatas.ufpr.br\/degraf-geprieg\/wp-json\/wp\/v2\/pages\/2","targetHints":{"allow":["GET"]}}],"collection":[{"href":"https:\/\/exatas.ufpr.br\/degraf-geprieg\/wp-json\/wp\/v2\/pages"}],"about":[{"href":"https:\/\/exatas.ufpr.br\/degraf-geprieg\/wp-json\/wp\/v2\/types\/page"}],"author":[{"embeddable":true,"href":"https:\/\/exatas.ufpr.br\/degraf-geprieg\/wp-json\/wp\/v2\/users\/1"}],"replies":[{"embeddable":true,"href":"https:\/\/exatas.ufpr.br\/degraf-geprieg\/wp-json\/wp\/v2\/comments?post=2"}],"version-history":[{"count":11,"href":"https:\/\/exatas.ufpr.br\/degraf-geprieg\/wp-json\/wp\/v2\/pages\/2\/revisions"}],"predecessor-version":[{"id":56,"href":"https:\/\/exatas.ufpr.br\/degraf-geprieg\/wp-json\/wp\/v2\/pages\/2\/revisions\/56"}],"wp:attachment":[{"href":"https:\/\/exatas.ufpr.br\/degraf-geprieg\/wp-json\/wp\/v2\/media?parent=2"}],"curies":[{"name":"wp","href":"https:\/\/api.w.org\/{rel}","templated":true}]}}