{"id":64,"date":"2020-06-05T15:33:35","date_gmt":"2020-06-05T18:33:35","guid":{"rendered":"https:\/\/exatas.ufpr.br\/degraf-gepetel\/?page_id=64"},"modified":"2020-10-06T18:49:53","modified_gmt":"2020-10-06T21:49:53","slug":"quem-somos","status":"publish","type":"page","link":"https:\/\/exatas.ufpr.br\/degraf-gepetel\/quem-somos\/","title":{"rendered":"GEPETeL"},"content":{"rendered":"<p><img loading=\"lazy\" decoding=\"async\" class=\"alignnone size-medium wp-image-29 aligncenter\" src=\"https:\/\/exatas.ufpr.br\/degraf-gepetel\/wp-content\/uploads\/sites\/37\/2020\/06\/\u00cdcone-300x300.jpg\" alt=\"\" width=\"300\" height=\"300\" srcset=\"https:\/\/exatas.ufpr.br\/degraf-gepetel\/wp-content\/uploads\/sites\/37\/2020\/06\/\u00cdcone-300x300.jpg 300w, https:\/\/exatas.ufpr.br\/degraf-gepetel\/wp-content\/uploads\/sites\/37\/2020\/06\/\u00cdcone-150x150.jpg 150w, https:\/\/exatas.ufpr.br\/degraf-gepetel\/wp-content\/uploads\/sites\/37\/2020\/06\/\u00cdcone-230x230.jpg 230w, https:\/\/exatas.ufpr.br\/degraf-gepetel\/wp-content\/uploads\/sites\/37\/2020\/06\/\u00cdcone-80x80.jpg 80w, https:\/\/exatas.ufpr.br\/degraf-gepetel\/wp-content\/uploads\/sites\/37\/2020\/06\/\u00cdcone.jpg 440w\" sizes=\"auto, (max-width: 300px) 100vw, 300px\" \/><\/p>\n<p style=\"text-align: center\"><span style=\"color: #003366\">A marca do grupo \u00e9 uma caixa se abrindo representando que o conhecimento n\u00e3o deve ser aprisionado.<\/span><\/p>\n<p style=\"text-align: center\"><a href=\"http:\/\/dgp.cnpq.br\/dgp\/espelhogrupo\/0905558045399055\" target=\"_blank\">Espelho do grupo no Diret\u00f3rio dos Grupos de Pesquisa no Brasil &#8211; Lattes &#8211; CNPq<\/a><\/p>\n","protected":false},"excerpt":{"rendered":"<p>A marca do grupo \u00e9 uma caixa se abrindo representando que o conhecimento n\u00e3o deve ser aprisionado. Espelho do grupo no Diret\u00f3rio dos Grupos de Pesquisa no Brasil &#8211; Lattes &#8211; CNPq<\/p>\n","protected":false},"author":10,"featured_media":0,"parent":0,"menu_order":0,"comment_status":"closed","ping_status":"closed","template":"","meta":{"footnotes":""},"class_list":["post-64","page","type-page","status-publish","hentry"],"_links":{"self":[{"href":"https:\/\/exatas.ufpr.br\/degraf-gepetel\/wp-json\/wp\/v2\/pages\/64","targetHints":{"allow":["GET"]}}],"collection":[{"href":"https:\/\/exatas.ufpr.br\/degraf-gepetel\/wp-json\/wp\/v2\/pages"}],"about":[{"href":"https:\/\/exatas.ufpr.br\/degraf-gepetel\/wp-json\/wp\/v2\/types\/page"}],"author":[{"embeddable":true,"href":"https:\/\/exatas.ufpr.br\/degraf-gepetel\/wp-json\/wp\/v2\/users\/10"}],"replies":[{"embeddable":true,"href":"https:\/\/exatas.ufpr.br\/degraf-gepetel\/wp-json\/wp\/v2\/comments?post=64"}],"version-history":[{"count":11,"href":"https:\/\/exatas.ufpr.br\/degraf-gepetel\/wp-json\/wp\/v2\/pages\/64\/revisions"}],"predecessor-version":[{"id":219,"href":"https:\/\/exatas.ufpr.br\/degraf-gepetel\/wp-json\/wp\/v2\/pages\/64\/revisions\/219"}],"wp:attachment":[{"href":"https:\/\/exatas.ufpr.br\/degraf-gepetel\/wp-json\/wp\/v2\/media?parent=64"}],"curies":[{"name":"wp","href":"https:\/\/api.w.org\/{rel}","templated":true}]}}