{"id":141,"date":"2020-06-10T11:24:17","date_gmt":"2020-06-10T14:24:17","guid":{"rendered":"https:\/\/exatas.ufpr.br\/degraf-gepetel\/?page_id=141"},"modified":"2020-06-10T11:24:17","modified_gmt":"2020-06-10T14:24:17","slug":"extensao","status":"publish","type":"page","link":"https:\/\/exatas.ufpr.br\/degraf-gepetel\/extensao\/","title":{"rendered":"Extens\u00e3o"},"content":{"rendered":"<p>Em constru\u00e7\u00e3o<\/p>\n","protected":false},"excerpt":{"rendered":"<p>Em constru\u00e7\u00e3o<\/p>\n","protected":false},"author":10,"featured_media":0,"parent":0,"menu_order":0,"comment_status":"closed","ping_status":"closed","template":"","meta":{"footnotes":""},"class_list":["post-141","page","type-page","status-publish","hentry"],"_links":{"self":[{"href":"https:\/\/exatas.ufpr.br\/degraf-gepetel\/wp-json\/wp\/v2\/pages\/141","targetHints":{"allow":["GET"]}}],"collection":[{"href":"https:\/\/exatas.ufpr.br\/degraf-gepetel\/wp-json\/wp\/v2\/pages"}],"about":[{"href":"https:\/\/exatas.ufpr.br\/degraf-gepetel\/wp-json\/wp\/v2\/types\/page"}],"author":[{"embeddable":true,"href":"https:\/\/exatas.ufpr.br\/degraf-gepetel\/wp-json\/wp\/v2\/users\/10"}],"replies":[{"embeddable":true,"href":"https:\/\/exatas.ufpr.br\/degraf-gepetel\/wp-json\/wp\/v2\/comments?post=141"}],"version-history":[{"count":2,"href":"https:\/\/exatas.ufpr.br\/degraf-gepetel\/wp-json\/wp\/v2\/pages\/141\/revisions"}],"predecessor-version":[{"id":286,"href":"https:\/\/exatas.ufpr.br\/degraf-gepetel\/wp-json\/wp\/v2\/pages\/141\/revisions\/286"}],"wp:attachment":[{"href":"https:\/\/exatas.ufpr.br\/degraf-gepetel\/wp-json\/wp\/v2\/media?parent=141"}],"curies":[{"name":"wp","href":"https:\/\/api.w.org\/{rel}","templated":true}]}}