{"id":117,"date":"2020-06-10T11:13:09","date_gmt":"2020-06-10T14:13:09","guid":{"rendered":"https:\/\/exatas.ufpr.br\/degraf-gepetel\/?page_id=117"},"modified":"2025-12-17T19:07:00","modified_gmt":"2025-12-17T22:07:00","slug":"e-books-e-cartilhas","status":"publish","type":"page","link":"https:\/\/exatas.ufpr.br\/degraf-gepetel\/e-books-e-cartilhas\/","title":{"rendered":"E-books e Cartilhas"},"content":{"rendered":"<div id=\"attachment_441\" style=\"width: 310px\" class=\"wp-caption aligncenter\"><a href=\"https:\/\/exatas.ufpr.br\/degraf-gepetel\/wp-content\/uploads\/sites\/37\/2025\/09\/Aspectos-para-Analise-do-perfil-dos-estudantes.pdf\" target=\"_blank\" rel=\"noopener\"><img loading=\"lazy\" decoding=\"async\" aria-describedby=\"caption-attachment-441\" class=\"size-medium wp-image-441\" src=\"https:\/\/exatas.ufpr.br\/degraf-gepetel\/wp-content\/uploads\/sites\/37\/2025\/09\/Aspectos-para-Analise-do-perfil-dos-estudantes-300x212.jpg\" alt=\"\" width=\"300\" height=\"212\" srcset=\"https:\/\/exatas.ufpr.br\/degraf-gepetel\/wp-content\/uploads\/sites\/37\/2025\/09\/Aspectos-para-Analise-do-perfil-dos-estudantes-300x212.jpg 300w, https:\/\/exatas.ufpr.br\/degraf-gepetel\/wp-content\/uploads\/sites\/37\/2025\/09\/Aspectos-para-Analise-do-perfil-dos-estudantes-1024x724.jpg 1024w, https:\/\/exatas.ufpr.br\/degraf-gepetel\/wp-content\/uploads\/sites\/37\/2025\/09\/Aspectos-para-Analise-do-perfil-dos-estudantes-768x543.jpg 768w, https:\/\/exatas.ufpr.br\/degraf-gepetel\/wp-content\/uploads\/sites\/37\/2025\/09\/Aspectos-para-Analise-do-perfil-dos-estudantes-1536x1086.jpg 1536w, https:\/\/exatas.ufpr.br\/degraf-gepetel\/wp-content\/uploads\/sites\/37\/2025\/09\/Aspectos-para-Analise-do-perfil-dos-estudantes.jpg 2000w\" sizes=\"auto, (max-width: 300px) 100vw, 300px\" \/><\/a><p id=\"caption-attachment-441\" class=\"wp-caption-text\"><a href=\"https:\/\/exatas.ufpr.br\/degraf-gepetel\/wp-content\/uploads\/sites\/37\/2025\/09\/Aspectos-para-Analise-do-perfil-dos-estudantes.pdf\" target=\"_blank\" rel=\"noopener\">Aspectos para Analise do perfil dos estudantes: Desenho Universal para Aprendizagem\u00a0<\/a><\/p><\/div>\n<p>&nbsp;<\/p>\n<div id=\"attachment_428\" style=\"width: 310px\" class=\"wp-caption aligncenter\"><a href=\"https:\/\/exatas.ufpr.br\/degraf-gepetel\/wp-content\/uploads\/sites\/37\/2025\/09\/CartilhaDUA.pdf\" target=\"_blank\" rel=\"noopener\"><img loading=\"lazy\" decoding=\"async\" aria-describedby=\"caption-attachment-428\" class=\"wp-image-428 size-medium\" src=\"https:\/\/exatas.ufpr.br\/degraf-gepetel\/wp-content\/uploads\/sites\/37\/2025\/09\/DUA-300x212.png\" alt=\"\" width=\"300\" height=\"212\" srcset=\"https:\/\/exatas.ufpr.br\/degraf-gepetel\/wp-content\/uploads\/sites\/37\/2025\/09\/DUA-300x212.png 300w, https:\/\/exatas.ufpr.br\/degraf-gepetel\/wp-content\/uploads\/sites\/37\/2025\/09\/DUA-1024x724.png 1024w, https:\/\/exatas.ufpr.br\/degraf-gepetel\/wp-content\/uploads\/sites\/37\/2025\/09\/DUA-768x543.png 768w, https:\/\/exatas.ufpr.br\/degraf-gepetel\/wp-content\/uploads\/sites\/37\/2025\/09\/DUA-1536x1086.png 1536w, https:\/\/exatas.ufpr.br\/degraf-gepetel\/wp-content\/uploads\/sites\/37\/2025\/09\/DUA.png 2000w\" sizes=\"auto, (max-width: 300px) 100vw, 300px\" \/><\/a><p id=\"caption-attachment-428\" class=\"wp-caption-text\"><a href=\"https:\/\/exatas.ufpr.br\/degraf-gepetel\/wp-content\/uploads\/sites\/37\/2025\/09\/CartilhaDUA.pdf\" target=\"_blank\" rel=\"noopener\">Pr\u00e1ticas Inclusivas e Transformadoras no Ambiente Escolar &#8211; Desenho Universal para Aprendizagem<\/a><\/p><\/div>\n<p>&nbsp;<\/p>\n<div id=\"attachment_462\" style=\"width: 310px\" class=\"wp-caption aligncenter\"><a href=\"https:\/\/exatas.ufpr.br\/degraf-gepetel\/wp-content\/uploads\/sites\/37\/2025\/12\/DU_TA.pdf\" target=\"_blank\" rel=\"noopener\"><img loading=\"lazy\" decoding=\"async\" aria-describedby=\"caption-attachment-462\" class=\"size-medium wp-image-462\" src=\"https:\/\/exatas.ufpr.br\/degraf-gepetel\/wp-content\/uploads\/sites\/37\/2025\/12\/DU-revisada-300x212.png\" alt=\"\" width=\"300\" height=\"212\" srcset=\"https:\/\/exatas.ufpr.br\/degraf-gepetel\/wp-content\/uploads\/sites\/37\/2025\/12\/DU-revisada-300x212.png 300w, https:\/\/exatas.ufpr.br\/degraf-gepetel\/wp-content\/uploads\/sites\/37\/2025\/12\/DU-revisada-1024x724.png 1024w, https:\/\/exatas.ufpr.br\/degraf-gepetel\/wp-content\/uploads\/sites\/37\/2025\/12\/DU-revisada-768x543.png 768w, https:\/\/exatas.ufpr.br\/degraf-gepetel\/wp-content\/uploads\/sites\/37\/2025\/12\/DU-revisada-1536x1086.png 1536w, https:\/\/exatas.ufpr.br\/degraf-gepetel\/wp-content\/uploads\/sites\/37\/2025\/12\/DU-revisada.png 2000w\" sizes=\"auto, (max-width: 300px) 100vw, 300px\" \/><\/a><p id=\"caption-attachment-462\" class=\"wp-caption-text\"><a href=\"https:\/\/exatas.ufpr.br\/degraf-gepetel\/wp-content\/uploads\/sites\/37\/2025\/12\/DU_TA.pdf\" target=\"_blank\" rel=\"noopener\">Pr\u00e1ticas Inclusivas e Transformadoras no Ambiente Escolar \u2013 Desenho Universal e Tecnologia Assistiva<\/a><\/p><\/div>\n<p>&nbsp;<\/p>\n<div id=\"attachment_425\" style=\"width: 310px\" class=\"wp-caption aligncenter\"><a href=\"https:\/\/exatas.ufpr.br\/degraf-gepetel\/wp-content\/uploads\/sites\/37\/2025\/08\/Educacao-inclusiva-1.pdf\" target=\"_blank\" rel=\"noopener\"><img loading=\"lazy\" decoding=\"async\" aria-describedby=\"caption-attachment-425\" class=\"wp-image-425 size-medium\" src=\"https:\/\/exatas.ufpr.br\/degraf-gepetel\/wp-content\/uploads\/sites\/37\/2025\/09\/Educacao-inclusiva-1-300x212.jpg\" alt=\"\" width=\"300\" height=\"212\" srcset=\"https:\/\/exatas.ufpr.br\/degraf-gepetel\/wp-content\/uploads\/sites\/37\/2025\/09\/Educacao-inclusiva-1-300x212.jpg 300w, https:\/\/exatas.ufpr.br\/degraf-gepetel\/wp-content\/uploads\/sites\/37\/2025\/09\/Educacao-inclusiva-1-1024x724.jpg 1024w, https:\/\/exatas.ufpr.br\/degraf-gepetel\/wp-content\/uploads\/sites\/37\/2025\/09\/Educacao-inclusiva-1-768x543.jpg 768w, https:\/\/exatas.ufpr.br\/degraf-gepetel\/wp-content\/uploads\/sites\/37\/2025\/09\/Educacao-inclusiva-1-1536x1086.jpg 1536w, https:\/\/exatas.ufpr.br\/degraf-gepetel\/wp-content\/uploads\/sites\/37\/2025\/09\/Educacao-inclusiva-1.jpg 2000w\" sizes=\"auto, (max-width: 300px) 100vw, 300px\" \/><\/a><p id=\"caption-attachment-425\" class=\"wp-caption-text\"><a href=\"https:\/\/exatas.ufpr.br\/degraf-gepetel\/wp-content\/uploads\/sites\/37\/2025\/08\/Educacao-inclusiva-1.pdf\" target=\"_blank\" rel=\"noopener\">Pr\u00e1ticas Inclusivas e Transformadoras no Ambiente Escolar &#8211; Educa\u00e7\u00e3o Especial e Inclusiva<\/a><\/p><\/div>\n<p>&nbsp;<\/p>\n<div id=\"attachment_458\" style=\"width: 219px\" class=\"wp-caption aligncenter\"><a href=\"https:\/\/pedroejoaoeditores.com.br\/produto\/desenho-universal-e-desenho-universal-para-aprendizagem-fundamentos-praticas-e-propostas-para-educacao-inclusiva-vol-4\/\" target=\"_blank\" rel=\"noopener\"><img loading=\"lazy\" decoding=\"async\" aria-describedby=\"caption-attachment-458\" class=\"size-medium wp-image-458\" src=\"https:\/\/exatas.ufpr.br\/degraf-gepetel\/wp-content\/uploads\/sites\/37\/2025\/12\/capa_v4_Prancheta-1-1-209x300.png\" alt=\"\" width=\"209\" height=\"300\" srcset=\"https:\/\/exatas.ufpr.br\/degraf-gepetel\/wp-content\/uploads\/sites\/37\/2025\/12\/capa_v4_Prancheta-1-1-209x300.png 209w, https:\/\/exatas.ufpr.br\/degraf-gepetel\/wp-content\/uploads\/sites\/37\/2025\/12\/capa_v4_Prancheta-1-1-712x1024.png 712w, https:\/\/exatas.ufpr.br\/degraf-gepetel\/wp-content\/uploads\/sites\/37\/2025\/12\/capa_v4_Prancheta-1-1-768x1104.png 768w, https:\/\/exatas.ufpr.br\/degraf-gepetel\/wp-content\/uploads\/sites\/37\/2025\/12\/capa_v4_Prancheta-1-1-1068x1536.png 1068w, https:\/\/exatas.ufpr.br\/degraf-gepetel\/wp-content\/uploads\/sites\/37\/2025\/12\/capa_v4_Prancheta-1-1-1425x2048.png 1425w, https:\/\/exatas.ufpr.br\/degraf-gepetel\/wp-content\/uploads\/sites\/37\/2025\/12\/capa_v4_Prancheta-1-1-scaled.png 1781w\" sizes=\"auto, (max-width: 209px) 100vw, 209px\" \/><\/a><p id=\"caption-attachment-458\" class=\"wp-caption-text\"><a href=\"https:\/\/pedroejoaoeditores.com.br\/produto\/desenho-universal-e-desenho-universal-para-aprendizagem-fundamentos-praticas-e-propostas-para-educacao-inclusiva-vol-4\/\" target=\"_blank\" rel=\"noopener\">Desenho Universal e Desenho Universal para Aprendizagem: fundamentos, pr\u00e1ticas e propostas para Educa\u00e7\u00e3o Inclusiva \u2013 vol 4<\/a><\/p><\/div>\n<div class=\"mceTemp\">\u00a0<\/div>\n<div id=\"attachment_386\" style=\"width: 218px\" class=\"wp-caption aligncenter\"><a href=\"https:\/\/pedroejoaoeditores.com.br\/produto\/desenho-universal-e-desenho-universal-para-aprendizagem-fundamentos-praticas-e-propostas-para-educacao-inclusiva-vol-3\/\" target=\"_blank\" rel=\"noopener\"><img loading=\"lazy\" decoding=\"async\" aria-describedby=\"caption-attachment-386\" class=\"size-medium wp-image-386\" src=\"https:\/\/exatas.ufpr.br\/degraf-gepetel\/wp-content\/uploads\/sites\/37\/2024\/12\/Capa_DUAv3-208x300.jpg\" alt=\"\" width=\"208\" height=\"300\" srcset=\"https:\/\/exatas.ufpr.br\/degraf-gepetel\/wp-content\/uploads\/sites\/37\/2024\/12\/Capa_DUAv3-208x300.jpg 208w, https:\/\/exatas.ufpr.br\/degraf-gepetel\/wp-content\/uploads\/sites\/37\/2024\/12\/Capa_DUAv3.jpg 486w\" sizes=\"auto, (max-width: 208px) 100vw, 208px\" \/><\/a><p id=\"caption-attachment-386\" class=\"wp-caption-text\"><span style=\"color: #0000ff\"><a style=\"color: #0000ff\" href=\"https:\/\/pedroejoaoeditores.com.br\/produto\/desenho-universal-e-desenho-universal-para-aprendizagem-fundamentos-praticas-e-propostas-para-educacao-inclusiva-vol-3\/\" target=\"_blank\" rel=\"noopener\">Desenho universal e desenho universal para aprendizagem: fundamentos, pr\u00e1ticas e propostas para educa\u00e7\u00e3o inclusiva. vol. 3<\/a><\/span><\/p><\/div>\n<div class=\"mceTemp\">\u00a0<\/div>\n<div class=\"mceTemp\">\u00a0<\/div>\n<div id=\"attachment_368\" style=\"width: 218px\" class=\"wp-caption aligncenter\"><a href=\"https:\/\/pedroejoaoeditores.com.br\/produto\/desenho-universal-e-desenho-universal-para-aprendizagem-fundamentos-praticas-e-propostas-para-educacao-inclusiva-vol-2\/\" target=\"_blank\" rel=\"noopener\"><img loading=\"lazy\" decoding=\"async\" aria-describedby=\"caption-attachment-368\" class=\"wp-image-368 size-medium\" src=\"https:\/\/exatas.ufpr.br\/degraf-gepetel\/wp-content\/uploads\/sites\/37\/2024\/02\/Capa_e-book-208x300.jpg\" alt=\"\" width=\"208\" height=\"300\" srcset=\"https:\/\/exatas.ufpr.br\/degraf-gepetel\/wp-content\/uploads\/sites\/37\/2024\/02\/Capa_e-book-208x300.jpg 208w, https:\/\/exatas.ufpr.br\/degraf-gepetel\/wp-content\/uploads\/sites\/37\/2024\/02\/Capa_e-book.jpg 486w\" sizes=\"auto, (max-width: 208px) 100vw, 208px\" \/><\/a><p id=\"caption-attachment-368\" class=\"wp-caption-text\"><a href=\"https:\/\/pedroejoaoeditores.com.br\/produto\/desenho-universal-e-desenho-universal-para-aprendizagem-fundamentos-praticas-e-propostas-para-educacao-inclusiva-vol-2\/\" target=\"_blank\" rel=\"noopener\"><span style=\"color: #000080\">Desenho Universal e Desenho Universal para Aprendizagem: fundamentos, pr\u00e1ticas e propostas para educa\u00e7\u00e3o inclusiva. vol. 2<\/span><\/a><\/p><\/div>\n<div class=\"mceTemp\">\u00a0<\/div>\n<div id=\"attachment_338\" style=\"width: 219px\" class=\"wp-caption aligncenter\"><a href=\"https:\/\/pedroejoaoeditores.com.br\/site\/desenho-universal-e-desenho-universal-para-aprendizagem-fundamentos-praticas-e-propostas-para-educacao-inclusiva-vol-1\/\" target=\"_blank\" rel=\"noopener\"><img loading=\"lazy\" decoding=\"async\" aria-describedby=\"caption-attachment-338\" class=\"size-medium wp-image-338\" src=\"https:\/\/exatas.ufpr.br\/degraf-gepetel\/wp-content\/uploads\/sites\/37\/2020\/06\/CAPA-Com-logo-209x300.png\" alt=\"\" width=\"209\" height=\"300\" srcset=\"https:\/\/exatas.ufpr.br\/degraf-gepetel\/wp-content\/uploads\/sites\/37\/2020\/06\/CAPA-Com-logo-209x300.png 209w, https:\/\/exatas.ufpr.br\/degraf-gepetel\/wp-content\/uploads\/sites\/37\/2020\/06\/CAPA-Com-logo-768x1104.png 768w, https:\/\/exatas.ufpr.br\/degraf-gepetel\/wp-content\/uploads\/sites\/37\/2020\/06\/CAPA-Com-logo-712x1024.png 712w, https:\/\/exatas.ufpr.br\/degraf-gepetel\/wp-content\/uploads\/sites\/37\/2020\/06\/CAPA-Com-logo.png 1890w\" sizes=\"auto, (max-width: 209px) 100vw, 209px\" \/><\/a><p id=\"caption-attachment-338\" class=\"wp-caption-text\"><a href=\"https:\/\/pedroejoaoeditores.com.br\/produto\/desenho-universal-e-desenho-universal-para-aprendizagem-fundamentos-praticas-e-propostas-para-educacao-inclusiva-vol-1\/\" target=\"_blank\" rel=\"noopener\"><span style=\"color: #000080\">Desenho Universal e Desenho Universal para Aprendizagem: fundamentos, pr\u00e1ticas e propostas para educa\u00e7\u00e3o inclusiva. vol. 1<\/span><\/a><\/p><\/div>\n<p>&nbsp;<\/p>\n<div class=\"mceTemp\">\u00a0<\/div>\n<div id=\"attachment_119\" style=\"width: 222px\" class=\"wp-caption aligncenter\"><a href=\"https:\/\/ebookspedroejoaoeditores.wordpress.com\/2019\/06\/17\/educacao-tecnologias-e-linguagens-teoria-e-pratica-na-educacao-basica-%ef%bb%bf\/\" target=\"_blank\" rel=\"noopener\"><img loading=\"lazy\" decoding=\"async\" aria-describedby=\"caption-attachment-119\" class=\"wp-image-119 size-medium\" src=\"https:\/\/exatas.ufpr.br\/degraf-gepetel\/wp-content\/uploads\/sites\/37\/2020\/06\/CAPA-212x300.jpg\" alt=\"\" width=\"212\" height=\"300\" srcset=\"https:\/\/exatas.ufpr.br\/degraf-gepetel\/wp-content\/uploads\/sites\/37\/2020\/06\/CAPA-212x300.jpg 212w, https:\/\/exatas.ufpr.br\/degraf-gepetel\/wp-content\/uploads\/sites\/37\/2020\/06\/CAPA-768x1087.jpg 768w, https:\/\/exatas.ufpr.br\/degraf-gepetel\/wp-content\/uploads\/sites\/37\/2020\/06\/CAPA-723x1024.jpg 723w, https:\/\/exatas.ufpr.br\/degraf-gepetel\/wp-content\/uploads\/sites\/37\/2020\/06\/CAPA.jpg 794w\" sizes=\"auto, (max-width: 212px) 100vw, 212px\" \/><\/a><p id=\"caption-attachment-119\" class=\"wp-caption-text\"><span style=\"color: #000080\">Educa\u00e7\u00e3o, Tecnologias e Linguagens: Teoria e Pr\u00e1tica na Educa\u00e7\u00e3o B\u00e1sica<\/span><\/p><\/div>\n<p>&nbsp;<\/p>\n<div id=\"attachment_182\" style=\"width: 221px\" class=\"wp-caption aligncenter\"><a href=\"https:\/\/ebookspedroejoaoeditores.wordpress.com\/2019\/07\/10\/convergencias-tecnologicas-e-imersivas-na-educacao-basica\/\" target=\"_blank\" rel=\"noopener\"><img loading=\"lazy\" decoding=\"async\" aria-describedby=\"caption-attachment-182\" class=\"wp-image-182 size-medium\" src=\"https:\/\/exatas.ufpr.br\/degraf-gepetel\/wp-content\/uploads\/sites\/37\/2020\/06\/Converg\u00eancaisTecnologicas-211x300.png\" alt=\"\" width=\"211\" height=\"300\" srcset=\"https:\/\/exatas.ufpr.br\/degraf-gepetel\/wp-content\/uploads\/sites\/37\/2020\/06\/Converg\u00eancaisTecnologicas-211x300.png 211w, https:\/\/exatas.ufpr.br\/degraf-gepetel\/wp-content\/uploads\/sites\/37\/2020\/06\/Converg\u00eancaisTecnologicas.png 611w\" sizes=\"auto, (max-width: 211px) 100vw, 211px\" \/><\/a><p id=\"caption-attachment-182\" class=\"wp-caption-text\"><span style=\"color: #000080\"><a style=\"color: #000080\" href=\"https:\/\/ebookspedroejoaoeditores.wordpress.com\/2019\/07\/10\/convergencias-tecnologicas-e-imersivas-na-educacao-basica\/\" target=\"_blank\" rel=\"noopener\">Converg\u00eancias Tecnol\u00f3gicas e Imersivas na Educa\u00e7\u00e3o B\u00e1sica<\/a><\/span><\/p><\/div>\n<p>&nbsp;<\/p>\n<div id=\"attachment_118\" style=\"width: 219px\" class=\"wp-caption aligncenter\"><a style=\"color: #000080\" href=\"https:\/\/ebookspedroejoaoeditores.wordpress.com\/2020\/06\/10\/narrativas-esteticas-formacao-e-ensino-trilhando-rotas-de-pesquisas-sobre-educacao-estetica\/\" target=\"_blank\" rel=\"noopener\"><img loading=\"lazy\" decoding=\"async\" aria-describedby=\"caption-attachment-118\" class=\"wp-image-118 size-medium\" src=\"https:\/\/exatas.ufpr.br\/degraf-gepetel\/wp-content\/uploads\/sites\/37\/2020\/06\/capa-livro_narrativas_frente-209x300.jpg\" alt=\"\" width=\"209\" height=\"300\" srcset=\"https:\/\/exatas.ufpr.br\/degraf-gepetel\/wp-content\/uploads\/sites\/37\/2020\/06\/capa-livro_narrativas_frente-209x300.jpg 209w, https:\/\/exatas.ufpr.br\/degraf-gepetel\/wp-content\/uploads\/sites\/37\/2020\/06\/capa-livro_narrativas_frente-768x1104.jpg 768w, https:\/\/exatas.ufpr.br\/degraf-gepetel\/wp-content\/uploads\/sites\/37\/2020\/06\/capa-livro_narrativas_frente-712x1024.jpg 712w, https:\/\/exatas.ufpr.br\/degraf-gepetel\/wp-content\/uploads\/sites\/37\/2020\/06\/capa-livro_narrativas_frente.jpg 946w\" sizes=\"auto, (max-width: 209px) 100vw, 209px\" \/><\/a><p id=\"caption-attachment-118\" class=\"wp-caption-text\"><span style=\"color: #000080\">Narrativas est\u00e9ticas, forma\u00e7\u00e3o e ensino: trilhando rotas de pesquisas sobre educa\u00e7\u00e3o est\u00e9tica<\/span><\/p><\/div>\n<p>&nbsp;<\/p>\n<p>&nbsp;<\/p>\n<div id=\"attachment_272\" style=\"width: 219px\" class=\"wp-caption aligncenter\"><a href=\"https:\/\/pedroejoaoeditores.com.br\/site\/educacao-tecnologias-e-linguagens-pesquisas-metodologias-e-praticas-inovadoras-vol-1\/\" target=\"_blank\" rel=\"noopener\"><img loading=\"lazy\" decoding=\"async\" aria-describedby=\"caption-attachment-272\" class=\"wp-image-272 size-medium\" src=\"https:\/\/exatas.ufpr.br\/degraf-gepetel\/wp-content\/uploads\/sites\/37\/2020\/06\/Capa-GEPETeL-2021-209x300.jpg\" alt=\"\" width=\"209\" height=\"300\" srcset=\"https:\/\/exatas.ufpr.br\/degraf-gepetel\/wp-content\/uploads\/sites\/37\/2020\/06\/Capa-GEPETeL-2021-209x300.jpg 209w, https:\/\/exatas.ufpr.br\/degraf-gepetel\/wp-content\/uploads\/sites\/37\/2020\/06\/Capa-GEPETeL-2021-768x1104.jpg 768w, https:\/\/exatas.ufpr.br\/degraf-gepetel\/wp-content\/uploads\/sites\/37\/2020\/06\/Capa-GEPETeL-2021-712x1024.jpg 712w, https:\/\/exatas.ufpr.br\/degraf-gepetel\/wp-content\/uploads\/sites\/37\/2020\/06\/Capa-GEPETeL-2021.jpg 1890w\" sizes=\"auto, (max-width: 209px) 100vw, 209px\" \/><\/a><p id=\"caption-attachment-272\" class=\"wp-caption-text\"><span style=\"color: #000080\">Educa\u00e7\u00e3o, Tecnologias e Linguagens: pesquisas, metodologias e pr\u00e1ticas inovadoras (vol 1)<\/span><\/p><\/div>\n\n\n<p><\/p>\n","protected":false},"excerpt":{"rendered":"<p>&nbsp; &nbsp; &nbsp; &nbsp; \u00a0 \u00a0 \u00a0 \u00a0 &nbsp; \u00a0 &nbsp; &nbsp; &nbsp; &nbsp;<\/p>\n","protected":false},"author":10,"featured_media":0,"parent":0,"menu_order":0,"comment_status":"closed","ping_status":"closed","template":"","meta":{"footnotes":""},"class_list":["post-117","page","type-page","status-publish","hentry"],"_links":{"self":[{"href":"https:\/\/exatas.ufpr.br\/degraf-gepetel\/wp-json\/wp\/v2\/pages\/117","targetHints":{"allow":["GET"]}}],"collection":[{"href":"https:\/\/exatas.ufpr.br\/degraf-gepetel\/wp-json\/wp\/v2\/pages"}],"about":[{"href":"https:\/\/exatas.ufpr.br\/degraf-gepetel\/wp-json\/wp\/v2\/types\/page"}],"author":[{"embeddable":true,"href":"https:\/\/exatas.ufpr.br\/degraf-gepetel\/wp-json\/wp\/v2\/users\/10"}],"replies":[{"embeddable":true,"href":"https:\/\/exatas.ufpr.br\/degraf-gepetel\/wp-json\/wp\/v2\/comments?post=117"}],"version-history":[{"count":33,"href":"https:\/\/exatas.ufpr.br\/degraf-gepetel\/wp-json\/wp\/v2\/pages\/117\/revisions"}],"predecessor-version":[{"id":470,"href":"https:\/\/exatas.ufpr.br\/degraf-gepetel\/wp-json\/wp\/v2\/pages\/117\/revisions\/470"}],"wp:attachment":[{"href":"https:\/\/exatas.ufpr.br\/degraf-gepetel\/wp-json\/wp\/v2\/media?parent=117"}],"curies":[{"name":"wp","href":"https:\/\/api.w.org\/{rel}","templated":true}]}}