{"id":235,"date":"2018-07-31T11:23:08","date_gmt":"2018-07-31T14:23:08","guid":{"rendered":"https:\/\/exatas.ufpr.br\/degraf-fabio\/?page_id=235"},"modified":"2019-05-06T10:54:40","modified_gmt":"2019-05-06T13:54:40","slug":"eng-producao-e-quimica","status":"publish","type":"page","link":"https:\/\/exatas.ufpr.br\/degraf-fabio\/eng-producao-e-quimica\/","title":{"rendered":"Desenho T\u00e9cnico\/ Express\u00e3o Gr\u00e1fica"},"content":{"rendered":"<p><strong>MATERIAL DE APOIO PARA AS DISCIPLINAS<\/strong><\/p>\n<p>CEG001A | CD015 (ELETRICA E AGRO)<\/p>\n<p>CEG001B | CD044 A (ELETRICA E QUIMICA)<\/p>\n<p>CEG012A (AGRONOMIA)<\/p>\n<p>__________________________________________________________________<\/p>\n<p><strong>NORMAS ABNT<\/strong><\/p>\n<p><a href=\"https:\/\/exatas.ufpr.br\/degraf-fabio\/wp-content\/uploads\/sites\/31\/2017\/08\/NBR-8402-Execu\u00e7\u00e3o-de-carater-para-escrita-em-desenho-t\u00e9cnico.pdf\">NBR 8402 &#8211; Execu\u00e7\u00e3o de carater para escrita em desenho t\u00e9cnico<\/a><\/p>\n<p><a href=\"https:\/\/exatas.ufpr.br\/degraf-fabio\/wp-content\/uploads\/sites\/31\/2017\/08\/NBR-8403-Aplica\u00e7\u00e3o-de-linhas-em-desenhos.-Tipos-de-linhas.-Largura-das-linhas.pdf\">NBR 8403 &#8211; Aplica\u00e7\u00e3o de linhas em desenhos. Tipos de linhas. Largura das linhas<\/a><\/p>\n<p><a href=\"https:\/\/exatas.ufpr.br\/degraf-fabio\/wp-content\/uploads\/sites\/31\/2017\/08\/NBR-10068-Folha-de-desenho-Leiaute-e-dimensoes.pdf\">NBR 10068 &#8211; Folha de desenho &#8211; Leiaute e dimensoes<\/a><\/p>\n<p><a href=\"https:\/\/exatas.ufpr.br\/degraf-fabio\/wp-content\/uploads\/sites\/31\/2017\/08\/NBR-10126-Cotagem-em-desenho-tecnico.pdf\">NBR 10126 &#8211; Cotagem em desenho tecnico<\/a><\/p>\n<p><a href=\"https:\/\/exatas.ufpr.br\/degraf-fabio\/wp-content\/uploads\/sites\/31\/2017\/08\/NBR-13142-Desenho-tecnico-Dobramento-de-copia.pdf\">NBR 13142 &#8211; Desenho tecnico &#8211; Dobramento de copia<\/a><\/p>\n<p><a href=\"https:\/\/exatas.ufpr.br\/degraf-fabio\/wp-content\/uploads\/sites\/31\/2017\/08\/NBR10067-Princ\u00edpios-gerais-de-representa\u00e7\u00e3o-em-desenho-t\u00e9cnico.pdf\">NBR10067 &#8211; Princ\u00edpios gerais de representa\u00e7\u00e3o em desenho t\u00e9cnico<\/a><\/p>\n<p>__________________________________________________________________<\/p>\n<p><strong>APOSTILA DE DESENHO T\u00c9CNICO<\/strong><\/p>\n<p><a href=\"https:\/\/exatas.ufpr.br\/degraf-fabio\/wp-content\/uploads\/sites\/31\/2017\/08\/APOSTILA-DESENHO-T\u00c9CNICO.pdf\">APOSTILA DESENHO T\u00c9CNICO<\/a><\/p>\n<p>__________________________________________________________________<\/p>\n<p>SLIDES<\/p>\n<p><a href=\"https:\/\/exatas.ufpr.br\/degraf-fabio\/wp-content\/uploads\/sites\/31\/2018\/07\/AULA-01-APRESENTA\u00c7\u00c3O-3.pdf\">AULA 01 &#8211; APRESENTA\u00c7\u00c3O<\/a><\/p>\n<p><a href=\"https:\/\/exatas.ufpr.br\/degraf-fabio\/wp-content\/uploads\/sites\/31\/2018\/07\/FUNDAMENTOS-DT-1.pdf\">FUNDAMENTOS DT<\/a><\/p>\n<p><a href=\"https:\/\/exatas.ufpr.br\/degraf-fabio\/wp-content\/uploads\/sites\/31\/2017\/08\/NORMAS-T\u00c9CNICAS-PARTE-01.pdf\">NORMAS T\u00c9CNICAS &#8211; PARTE 01<\/a><\/p>\n<p><a href=\"https:\/\/exatas.ufpr.br\/degraf-fabio\/wp-content\/uploads\/sites\/31\/2018\/07\/CIRCULOS-ISOM\u00c9TRICOS.pdf\">CIRCULOS ISOM\u00c9TRICOS<\/a><\/p>\n<p>__________________________________________________________________<\/p>\n<p>SEMANA 01<\/p>\n<p><a href=\"https:\/\/exatas.ufpr.br\/degraf-fabio\/wp-content\/uploads\/sites\/31\/2018\/07\/EXERC\u00cdCIOS-CALIGRAFIA-TECNICA.pdf\">EXERC\u00cdCIOS CALIGRAFIA TECNICA<\/a><\/p>\n<p>AULA\u00a002<\/p>\n<p><a href=\"https:\/\/exatas.ufpr.br\/degraf-fabio\/wp-content\/uploads\/sites\/31\/2018\/07\/Exerc\u00edcios-1.pdf\">Exerc\u00edcios (1)<\/a><\/p>\n<p><a href=\"https:\/\/exatas.ufpr.br\/degraf-fabio\/wp-content\/uploads\/sites\/31\/2018\/07\/Exerc\u00edcios-2.pdf\">Exerc\u00edcios (2)<\/a><\/p>\n<p><a href=\"https:\/\/exatas.ufpr.br\/degraf-fabio\/wp-content\/uploads\/sites\/31\/2018\/07\/Exerc\u00edcios-3.pdf\">Exerc\u00edcios (3)<\/a><\/p>\n<p>EXERC\u00cdCIO EXTRA (PONTUA NA NOTA TAMB\u00c9M)<\/p>\n<p><a href=\"https:\/\/exatas.ufpr.br\/degraf-fabio\/wp-content\/uploads\/sites\/31\/2018\/07\/Exerc\u00edcios-4.pdf\">Exerc\u00edcios (4)<\/a><\/p>\n<p>AULA\u00a003<\/p>\n<p><a href=\"https:\/\/exatas.ufpr.br\/degraf-fabio\/wp-content\/uploads\/sites\/31\/2018\/07\/Exerc\u00edcios-5.pdf\">Exerc\u00edcios (5)<\/a><\/p>\n<p><a href=\"https:\/\/exatas.ufpr.br\/degraf-fabio\/wp-content\/uploads\/sites\/31\/2018\/07\/Exerc\u00edcios-6.pdf\">Exerc\u00edcios (6)<\/a><\/p>\n<p><a href=\"https:\/\/exatas.ufpr.br\/degraf-fabio\/wp-content\/uploads\/sites\/31\/2018\/07\/Exerc\u00edcios-7.pdf\">Exerc\u00edcios (7)<\/a><\/p>\n<p><a href=\"https:\/\/exatas.ufpr.br\/degraf-fabio\/wp-content\/uploads\/sites\/31\/2018\/07\/Exerc\u00edcios-8.pdf\">Exerc\u00edcios (8)<\/a><\/p>\n<p><a href=\"https:\/\/exatas.ufpr.br\/degraf-fabio\/wp-content\/uploads\/sites\/31\/2018\/07\/Exerc\u00edcios-9.pdf\">Exerc\u00edcios (9)<\/a><\/p>\n<p>AULA\u00a004<\/p>\n<p><a href=\"https:\/\/exatas.ufpr.br\/degraf-fabio\/wp-content\/uploads\/sites\/31\/2018\/07\/Exerc\u00edcios-11.pdf\">Exerc\u00edcios (11)<\/a><\/p>\n<p><a href=\"https:\/\/exatas.ufpr.br\/degraf-fabio\/wp-content\/uploads\/sites\/31\/2018\/07\/Exerc\u00edcios-12.pdf\">Exerc\u00edcios (12)<\/a><\/p>\n<p><a href=\"https:\/\/exatas.ufpr.br\/degraf-fabio\/wp-content\/uploads\/sites\/31\/2018\/07\/Exerc\u00edcios-13.pdf\">Exerc\u00edcios (13)<\/a><\/p>\n<p>AULA\u00a005<\/p>\n<p><a href=\"https:\/\/exatas.ufpr.br\/degraf-fabio\/wp-content\/uploads\/sites\/31\/2018\/07\/Exerc\u00edcios-14.pdf\">Exerc\u00edcios (14)<\/a><\/p>\n<p><a href=\"https:\/\/exatas.ufpr.br\/degraf-fabio\/wp-content\/uploads\/sites\/31\/2018\/07\/Exerc\u00edcios-15.pdf\">Exerc\u00edcios (15)<\/a><\/p>\n<p>AULA\u00a006 &#8211; EXERC\u00cdCIOS EXTRAS <strong>(N\u00c3O ENTREGAR)<\/strong><\/p>\n<p><em><a href=\"https:\/\/exatas.ufpr.br\/degraf-fabio\/wp-content\/uploads\/sites\/31\/2018\/07\/Exerc\u00edcios-16.pdf\">Exerc\u00edcios (16)<\/a> <\/em><\/p>\n<p><em><a href=\"https:\/\/exatas.ufpr.br\/degraf-fabio\/wp-content\/uploads\/sites\/31\/2018\/07\/Exerc\u00edcios-17.pdf\">Exerc\u00edcios (17)<\/a> <\/em><\/p>\n<p><em><a href=\"https:\/\/exatas.ufpr.br\/degraf-fabio\/wp-content\/uploads\/sites\/31\/2018\/07\/Exerc\u00edcios-18.pdf\">Exerc\u00edcios (18)<\/a><\/em><\/p>\n<p>EXERC\u00cdCIO COM MARGEM E CARIMBO<\/p>\n<p><a href=\"https:\/\/exatas.ufpr.br\/degraf-fabio\/wp-content\/uploads\/sites\/31\/2018\/07\/desenho.pdf\">desenho<\/a><\/p>\n<p>EXERC\u00cdCIO CORTES<\/p>\n<p><a href=\"https:\/\/exatas.ufpr.br\/degraf-fabio\/wp-content\/uploads\/sites\/31\/2018\/07\/EXERCICIOS-CORTES-E-SESS\u00d5ES.pdf\">EXERCICIOS CORTES E SESS\u00d5ES<\/a><\/p>\n<p><strong><a href=\"https:\/\/exatas.ufpr.br\/degraf-fabio\/wp-content\/uploads\/sites\/31\/2018\/07\/EXERCICIOS-FINAIS.pdf\">EXERCICIOS FINAIS<\/a><\/strong><\/p>\n","protected":false},"excerpt":{"rendered":"<p>MATERIAL DE APOIO PARA AS DISCIPLINAS CEG001A | CD015 (ELETRICA E AGRO) CEG001B | CD044 A (ELETRICA E QUIMICA) CEG012A (AGRONOMIA) __________________________________________________________________ NORMAS ABNT NBR 8402 &#8211; Execu\u00e7\u00e3o de carater para escrita em desenho t\u00e9cnico NBR 8403 &#8211; Aplica\u00e7\u00e3o de&hellip; <\/p>\n","protected":false},"author":3982,"featured_media":0,"parent":0,"menu_order":0,"comment_status":"closed","ping_status":"closed","template":"","meta":{"footnotes":""},"class_list":["post-235","page","type-page","status-publish","hentry"],"_links":{"self":[{"href":"https:\/\/exatas.ufpr.br\/degraf-fabio\/wp-json\/wp\/v2\/pages\/235","targetHints":{"allow":["GET"]}}],"collection":[{"href":"https:\/\/exatas.ufpr.br\/degraf-fabio\/wp-json\/wp\/v2\/pages"}],"about":[{"href":"https:\/\/exatas.ufpr.br\/degraf-fabio\/wp-json\/wp\/v2\/types\/page"}],"author":[{"embeddable":true,"href":"https:\/\/exatas.ufpr.br\/degraf-fabio\/wp-json\/wp\/v2\/users\/3982"}],"replies":[{"embeddable":true,"href":"https:\/\/exatas.ufpr.br\/degraf-fabio\/wp-json\/wp\/v2\/comments?post=235"}],"version-history":[{"count":38,"href":"https:\/\/exatas.ufpr.br\/degraf-fabio\/wp-json\/wp\/v2\/pages\/235\/revisions"}],"predecessor-version":[{"id":381,"href":"https:\/\/exatas.ufpr.br\/degraf-fabio\/wp-json\/wp\/v2\/pages\/235\/revisions\/381"}],"wp:attachment":[{"href":"https:\/\/exatas.ufpr.br\/degraf-fabio\/wp-json\/wp\/v2\/media?parent=235"}],"curies":[{"name":"wp","href":"https:\/\/api.w.org\/{rel}","templated":true}]}}