{"id":90,"date":"2014-09-10T20:52:48","date_gmt":"2014-09-10T23:52:48","guid":{"rendered":"https:\/\/exatas.ufpr.br\/cegraf\/?page_id=90"},"modified":"2023-03-10T14:32:44","modified_gmt":"2023-03-10T17:32:44","slug":"duracao-do-curso","status":"publish","type":"page","link":"https:\/\/exatas.ufpr.br\/cegraf\/duracao-do-curso\/","title":{"rendered":"Dura\u00e7\u00e3o do curso"},"content":{"rendered":"<p>&nbsp;<\/p>\n<hr \/>\n<p>O prazo previsto para o conclus\u00e3o do curso de Express\u00e3o Gr\u00e1fica \u00e9 de 8 (oito) semestres, e o prazo m\u00e1ximo \u00e9 de 12 (doze) semestres.<\/p>\n<p>A carga hor\u00e1ria semanal m\u00e9dia \u00e9 de 24 horas. O curr\u00edculo pleno consiste num total de 2430 horas distribu\u00eddas em disciplinas obrigat\u00f3rias, optativas e atividades formativas.<\/p>\n","protected":false},"excerpt":{"rendered":"<p>&nbsp; O prazo previsto para o conclus\u00e3o do curso de Express\u00e3o Gr\u00e1fica \u00e9 de 8 (oito) semestres, e o prazo m\u00e1ximo \u00e9 de 12 (doze) semestres. A carga hor\u00e1ria semanal m\u00e9dia \u00e9 de 24 horas. O curr\u00edculo pleno consiste num&hellip; <\/p>\n","protected":false},"author":1,"featured_media":0,"parent":0,"menu_order":0,"comment_status":"closed","ping_status":"closed","template":"","meta":{"footnotes":""},"class_list":["post-90","page","type-page","status-publish","hentry"],"_links":{"self":[{"href":"https:\/\/exatas.ufpr.br\/cegraf\/wp-json\/wp\/v2\/pages\/90","targetHints":{"allow":["GET"]}}],"collection":[{"href":"https:\/\/exatas.ufpr.br\/cegraf\/wp-json\/wp\/v2\/pages"}],"about":[{"href":"https:\/\/exatas.ufpr.br\/cegraf\/wp-json\/wp\/v2\/types\/page"}],"author":[{"embeddable":true,"href":"https:\/\/exatas.ufpr.br\/cegraf\/wp-json\/wp\/v2\/users\/1"}],"replies":[{"embeddable":true,"href":"https:\/\/exatas.ufpr.br\/cegraf\/wp-json\/wp\/v2\/comments?post=90"}],"version-history":[{"count":8,"href":"https:\/\/exatas.ufpr.br\/cegraf\/wp-json\/wp\/v2\/pages\/90\/revisions"}],"predecessor-version":[{"id":1458,"href":"https:\/\/exatas.ufpr.br\/cegraf\/wp-json\/wp\/v2\/pages\/90\/revisions\/1458"}],"wp:attachment":[{"href":"https:\/\/exatas.ufpr.br\/cegraf\/wp-json\/wp\/v2\/media?parent=90"}],"curies":[{"name":"wp","href":"https:\/\/api.w.org\/{rel}","templated":true}]}}