{"id":87,"date":"2014-09-10T20:51:41","date_gmt":"2014-09-10T23:51:41","guid":{"rendered":"https:\/\/exatas.ufpr.br\/cegraf\/?page_id=87"},"modified":"2023-03-10T14:26:41","modified_gmt":"2023-03-10T17:26:41","slug":"competencias-e-habilidades","status":"publish","type":"page","link":"https:\/\/exatas.ufpr.br\/cegraf\/competencias-e-habilidades\/","title":{"rendered":"Compet\u00eancias e Habilidades"},"content":{"rendered":"<p>As compet\u00eancias do profissional formado em Express\u00e3o Gr\u00e1fica, pela UFPR, compreendem uma base s\u00f3lida no desenvolvimento de projetos ligados as \u00e1reas de modelagem e prototipagem digital. Destaca-se os conhecimentos em processos criativos, teoria da forma, geometria plana e espacial, normatiza\u00e7\u00e3o e desenvolvimento de projetos, representa\u00e7\u00e3o gr\u00e1fica foto realista, modelagem digital e processos de fabrica\u00e7\u00e3o digital. O designer em express\u00e3o gr\u00e1fica dever\u00e1 ser capaz de atuar no setor produtivo utilizando os recursos tecnol\u00f3gicos no desenvolvimento de produtos, incluindo as etapas de cria\u00e7\u00e3o, representa\u00e7\u00e3o, simula\u00e7\u00e3o e execu\u00e7\u00e3o de projetos \u2013 principalmente quanto \u00e0s normativas do desenho, a concep\u00e7\u00e3o da forma e sua funcionalidade, cujos produtos elaborados visam a intera\u00e7\u00e3o com o seu ambiente, a necessidade dos usu\u00e1rios e os aspectos que envolvem os processos de fabrica\u00e7\u00e3o. Poder\u00e1 atuar em pesquisas direcionadas ao desenvolvimento de sistemas de inova\u00e7\u00e3o nos setores industriais e da economia criativa nas \u00e1reas compat\u00edveis a sua forma\u00e7\u00e3o.<\/p>\n<p>Assim o egresso ser\u00e1 capaz de:<\/p>\n<ul>\n<li>Elaborar produtos atrav\u00e9s dos conhecimentos da modelagem e prototipagem digital;<\/li>\n<li>Agregar conhecimentos nas \u00e1reas de Arquitetura, Engenharia, Design, Artes e Matem\u00e1tica que envolvam tecnologias digitais para o desenvolvimento de projetos;<\/li>\n<li>Utilizar e compreender as ferramentas gr\u00e1ficas computacionais;<\/li>\n<li>Simular e analisar produtos projetados utilizando softwares de tecnologia BIM &#8211; <em>Building Information Modeling<\/em> e param\u00e9tricos;<\/li>\n<li>Conduzir e interpretar resultados de atividades pr\u00e1ticas e experimentais que permeiam o desenvolvimento de projetos;<\/li>\n<li>Compreender os problemas ergon\u00f4micos, socioecon\u00f4micos, culturais e do meio ambiente atrelados aos usu\u00e1rios;<\/li>\n<li>Alinhar sua forma\u00e7\u00e3o \u00e0s inova\u00e7\u00f5es tecnol\u00f3gicas e mudan\u00e7as do mercado de trabalho.<\/li>\n<li>Empreender novos neg\u00f3cios no campo de atua\u00e7\u00e3o da Express\u00e3o Gr\u00e1fica.<\/li>\n<\/ul>\n<p>&nbsp;<\/p>\n","protected":false},"excerpt":{"rendered":"<p>As compet\u00eancias do profissional formado em Express\u00e3o Gr\u00e1fica, pela UFPR, compreendem uma base s\u00f3lida no desenvolvimento de projetos ligados as \u00e1reas de modelagem e prototipagem digital. Destaca-se os conhecimentos em processos criativos, teoria da forma, geometria plana e espacial, normatiza\u00e7\u00e3o&hellip; <\/p>\n","protected":false},"author":1,"featured_media":0,"parent":0,"menu_order":0,"comment_status":"closed","ping_status":"closed","template":"","meta":{"footnotes":""},"class_list":["post-87","page","type-page","status-publish","hentry"],"_links":{"self":[{"href":"https:\/\/exatas.ufpr.br\/cegraf\/wp-json\/wp\/v2\/pages\/87","targetHints":{"allow":["GET"]}}],"collection":[{"href":"https:\/\/exatas.ufpr.br\/cegraf\/wp-json\/wp\/v2\/pages"}],"about":[{"href":"https:\/\/exatas.ufpr.br\/cegraf\/wp-json\/wp\/v2\/types\/page"}],"author":[{"embeddable":true,"href":"https:\/\/exatas.ufpr.br\/cegraf\/wp-json\/wp\/v2\/users\/1"}],"replies":[{"embeddable":true,"href":"https:\/\/exatas.ufpr.br\/cegraf\/wp-json\/wp\/v2\/comments?post=87"}],"version-history":[{"count":3,"href":"https:\/\/exatas.ufpr.br\/cegraf\/wp-json\/wp\/v2\/pages\/87\/revisions"}],"predecessor-version":[{"id":1419,"href":"https:\/\/exatas.ufpr.br\/cegraf\/wp-json\/wp\/v2\/pages\/87\/revisions\/1419"}],"wp:attachment":[{"href":"https:\/\/exatas.ufpr.br\/cegraf\/wp-json\/wp\/v2\/media?parent=87"}],"curies":[{"name":"wp","href":"https:\/\/api.w.org\/{rel}","templated":true}]}}