{"id":82,"date":"2014-09-10T20:46:40","date_gmt":"2014-09-10T23:46:40","guid":{"rendered":"https:\/\/exatas.ufpr.br\/cegraf\/?page_id=82"},"modified":"2023-03-10T14:26:21","modified_gmt":"2023-03-10T17:26:21","slug":"o-profissional","status":"publish","type":"page","link":"https:\/\/exatas.ufpr.br\/cegraf\/o-profissional\/","title":{"rendered":"O profissional"},"content":{"rendered":"<hr \/>\n<p>O curso de Express\u00e3o Gr\u00e1fica \u00e9 o \u00fanico no pa\u00eds, e apesar de seguir as Diretrizes Nacionais para os Cursos de Design, suas compet\u00eancias s\u00e3o diversas das habilita\u00e7\u00f5es de design de produto e gr\u00e1fico.<\/p>\n<p>A proposi\u00e7\u00e3o do curso em atuar na \u00e1rea de modelagem e fabrica\u00e7\u00e3o digital, \u00e9 uma compet\u00eancia recente assumida por profissionais com diferentes forma\u00e7\u00f5es acad\u00eamicas ou t\u00e9cnicas, que n\u00e3o possuem uma forma\u00e7\u00e3o espec\u00edfica para esse campo de atua\u00e7\u00e3o, nesse sentido o profissional de Express\u00e3o Gr\u00e1fica\u00a0\u00e9 o primeiro a receber uma forma\u00e7\u00e3o espec\u00edfica para atua\u00e7\u00e3o na \u00e1rea,\u00a0no intervalo de fun\u00e7\u00f5es existente entre a cria\u00e7\u00e3o e a produ\u00e7\u00e3o e em conjunto com Engenheiros, Designers ou Arquitetos.<\/p>\n<p>O profissional ser\u00e1 respons\u00e1vel pela cria\u00e7\u00e3o de modelos ou prot\u00f3tipos virtuais, fazendo anima\u00e7\u00f5es e renderiza\u00e7\u00f5es, c\u00e1lculos de custos, materiais, e modifica\u00e7\u00f5es nos projetos de forma interativa, r\u00e1pida e com baixos custos.<\/p>\n<p>O n\u00famero de candidatos que ingressa a cada vestibular \u00e9 de 44 alunos.<\/p>\n<p>&nbsp;<\/p>\n<p>&nbsp;<\/p>\n","protected":false},"excerpt":{"rendered":"<p>O curso de Express\u00e3o Gr\u00e1fica \u00e9 o \u00fanico no pa\u00eds, e apesar de seguir as Diretrizes Nacionais para os Cursos de Design, suas compet\u00eancias s\u00e3o diversas das habilita\u00e7\u00f5es de design de produto e gr\u00e1fico. A proposi\u00e7\u00e3o do curso em atuar&hellip; <\/p>\n","protected":false},"author":1,"featured_media":0,"parent":0,"menu_order":0,"comment_status":"closed","ping_status":"closed","template":"","meta":{"footnotes":""},"class_list":["post-82","page","type-page","status-publish","hentry"],"_links":{"self":[{"href":"https:\/\/exatas.ufpr.br\/cegraf\/wp-json\/wp\/v2\/pages\/82","targetHints":{"allow":["GET"]}}],"collection":[{"href":"https:\/\/exatas.ufpr.br\/cegraf\/wp-json\/wp\/v2\/pages"}],"about":[{"href":"https:\/\/exatas.ufpr.br\/cegraf\/wp-json\/wp\/v2\/types\/page"}],"author":[{"embeddable":true,"href":"https:\/\/exatas.ufpr.br\/cegraf\/wp-json\/wp\/v2\/users\/1"}],"replies":[{"embeddable":true,"href":"https:\/\/exatas.ufpr.br\/cegraf\/wp-json\/wp\/v2\/comments?post=82"}],"version-history":[{"count":3,"href":"https:\/\/exatas.ufpr.br\/cegraf\/wp-json\/wp\/v2\/pages\/82\/revisions"}],"predecessor-version":[{"id":2047,"href":"https:\/\/exatas.ufpr.br\/cegraf\/wp-json\/wp\/v2\/pages\/82\/revisions\/2047"}],"wp:attachment":[{"href":"https:\/\/exatas.ufpr.br\/cegraf\/wp-json\/wp\/v2\/media?parent=82"}],"curies":[{"name":"wp","href":"https:\/\/api.w.org\/{rel}","templated":true}]}}