{"id":63,"date":"2014-09-10T17:03:07","date_gmt":"2014-09-10T20:03:07","guid":{"rendered":"https:\/\/exatas.ufpr.br\/cegraf\/?page_id=63"},"modified":"2023-03-10T16:04:20","modified_gmt":"2023-03-10T19:04:20","slug":"videos","status":"publish","type":"page","link":"https:\/\/exatas.ufpr.br\/cegraf\/videos\/","title":{"rendered":"V\u00eddeos"},"content":{"rendered":"<hr \/>\n<h5 class=\"style-scope ytd-watch-metadata\">Desafio Profiss\u00e3o &#8212; Bacharelado em Express\u00e3o Gr\u00e1fica &#8211; TVPUC- 2023<\/h5>\n<p><a href=\"https:\/\/www.youtube.com\/watch?v=RY-TRZyHThc\">Assista aqui<\/a><\/p>\n<p>&nbsp;<\/p>\n<h5>Programa Voca\u00e7\u00e3o da TV-UFPR sobre o curso: 2013<\/h5>\n<p><video id=\"video\" poster=\"\/docs_degraf\/logo.png\" preload=\"auto\" controls=\"controls\" width=\"600\" height=\"380\"><\/p>\n<p>Seu browser n\u00e3o suporta v\u00eddeo.<br \/>\n<\/video><\/p>\n<p>Para ver a entrevista no site da TV UFPR, <a href=\"http:\/\/ufprtv.wordpress.com\/2013\/09\/13\/vocacao-expressao-grafica-2\/\">Clique aqui<\/a><\/p>\n<hr \/>\n<h5>Programa Voca\u00e7\u00e3o da TV-UFPR sobre o curso: 2012<\/h5>\n<p><video id=\"video\" poster=\"\/docs_degraf\/logo.png\" preload=\"auto\" controls=\"controls\" width=\"600\" height=\"380\"><\/p>\n<p>Seu browser n\u00e3o suporta v\u00eddeo.<br \/>\n<\/video><\/p>\n<p>Para ver a entrevista no site da TV UFPR, <a href=\"http:\/\/www.itvu.ufpr.br\/content?vspace=1307&amp;cid=7216752\">Clique aqui<\/a><\/p>\n<hr \/>\n<h5>V\u00eddeos da Feira de Profiss\u00f5es &#8211; 2012<\/h5>\n<p><video id=\"video\" poster=\"\/docs_degraf\/logo.png\" preload=\"auto\" controls=\"controls\" width=\"600\" height=\"380\"><\/p>\n<p>Seu browser n\u00e3o suporta v\u00eddeo.<br \/>\n<\/video><\/p>\n<hr \/>\n<p><video id=\"video\" poster=\"\/docs_degraf\/logo.png\" preload=\"auto\" controls=\"controls\" width=\"600\" height=\"380\"><\/p>\n<p>Seu browser n\u00e3o suporta v\u00eddeo.<br \/>\n<\/video><\/p>\n","protected":false},"excerpt":{"rendered":"<p>Desafio Profiss\u00e3o &#8212; Bacharelado em Express\u00e3o Gr\u00e1fica &#8211; TVPUC- 2023 Assista aqui &nbsp; Programa Voca\u00e7\u00e3o da TV-UFPR sobre o curso: 2013 Seu browser n\u00e3o suporta v\u00eddeo. Para ver a entrevista no site da TV UFPR, Clique aqui Programa Voca\u00e7\u00e3o da&hellip; <\/p>\n","protected":false},"author":1,"featured_media":0,"parent":0,"menu_order":0,"comment_status":"closed","ping_status":"closed","template":"","meta":{"footnotes":""},"class_list":["post-63","page","type-page","status-publish","hentry"],"_links":{"self":[{"href":"https:\/\/exatas.ufpr.br\/cegraf\/wp-json\/wp\/v2\/pages\/63","targetHints":{"allow":["GET"]}}],"collection":[{"href":"https:\/\/exatas.ufpr.br\/cegraf\/wp-json\/wp\/v2\/pages"}],"about":[{"href":"https:\/\/exatas.ufpr.br\/cegraf\/wp-json\/wp\/v2\/types\/page"}],"author":[{"embeddable":true,"href":"https:\/\/exatas.ufpr.br\/cegraf\/wp-json\/wp\/v2\/users\/1"}],"replies":[{"embeddable":true,"href":"https:\/\/exatas.ufpr.br\/cegraf\/wp-json\/wp\/v2\/comments?post=63"}],"version-history":[{"count":14,"href":"https:\/\/exatas.ufpr.br\/cegraf\/wp-json\/wp\/v2\/pages\/63\/revisions"}],"predecessor-version":[{"id":2093,"href":"https:\/\/exatas.ufpr.br\/cegraf\/wp-json\/wp\/v2\/pages\/63\/revisions\/2093"}],"wp:attachment":[{"href":"https:\/\/exatas.ufpr.br\/cegraf\/wp-json\/wp\/v2\/media?parent=63"}],"curies":[{"name":"wp","href":"https:\/\/api.w.org\/{rel}","templated":true}]}}