{"id":2052,"date":"2023-03-10T14:44:06","date_gmt":"2023-03-10T17:44:06","guid":{"rendered":"https:\/\/exatas.ufpr.br\/cegraf\/?page_id=2052"},"modified":"2023-03-10T14:51:47","modified_gmt":"2023-03-10T17:51:47","slug":"extensao-universitaria","status":"publish","type":"page","link":"https:\/\/exatas.ufpr.br\/cegraf\/extensao-universitaria\/","title":{"rendered":"Extens\u00e3o Universit\u00e1ria"},"content":{"rendered":"<p>As disciplinas do Curso de Express\u00e3o Gr\u00e1fica est\u00e3o divididas em seis \u00e1reas: Forma\u00e7\u00e3o B\u00e1sica, Linguagem Gr\u00e1fica, Fundamentos de Projeto, Arquitetura, Produto e Extens\u00e3o Universit\u00e1ria.<\/p>\n<p>\u00c1rea de Extens\u00e3o Universit\u00e1ria corresponde as disciplinas que tratam especificamente de fundamentos e pr\u00e1ticas de extens\u00e3o universit\u00e1ria, em sua totalidade de carga hor\u00e1ria. Cabe ressaltar que as Atividades Curricular de Extens\u00e3o tamb\u00e9m est\u00e3o inclu\u00eddas em outras disciplinas das demais \u00e1reas do curso.<\/p>\n<p>As disciplinas desta \u00e1rea s\u00e3o ofertadas exclusivamente de forma EAD.<\/p>\n<p>&nbsp;<\/p>\n<p><strong>DISCIPLINAS \u00c1REA DE\u00a0EXTENS\u00c7\u00c3O UNIVERSIT\u00c1RIA<\/strong><\/p>\n<table width=\"567\">\n<tbody>\n<tr>\n<td width=\"312\"><\/td>\n<td width=\"38\">PD<\/td>\n<td width=\"28\">LB<\/td>\n<td width=\"28\">CP<\/td>\n<td width=\"28\">ES<\/td>\n<td width=\"28\">OR<\/td>\n<td width=\"28\">PE<\/td>\n<td width=\"28\">EFP<\/td>\n<td width=\"47\">Total<\/td>\n<\/tr>\n<tr>\n<td width=\"312\">CEG361E &#8211; Fundamentos da Extens\u00e3o Universit\u00e1ria<\/td>\n<td width=\"38\">30<\/td>\n<td width=\"28\"><\/td>\n<td width=\"28\"><\/td>\n<td width=\"28\"><\/td>\n<td width=\"28\"><\/td>\n<td width=\"28\"><\/td>\n<td width=\"28\"><\/td>\n<td width=\"47\">30<\/td>\n<\/tr>\n<tr>\n<td width=\"312\">CEG362E &#8211;\u00a0Produ\u00e7\u00e3o de evento extensionista I<\/td>\n<td width=\"38\">30<\/td>\n<td width=\"28\"><\/td>\n<td width=\"28\"><\/td>\n<td width=\"28\"><\/td>\n<td width=\"28\"><\/td>\n<td width=\"28\"><\/td>\n<td width=\"28\"><\/td>\n<td width=\"47\">30<\/td>\n<\/tr>\n<tr>\n<td width=\"312\">CEG363E &#8211;\u00a0Produ\u00e7\u00e3o de evento extensionista II<\/td>\n<td width=\"38\">30<\/td>\n<td width=\"28\"><\/td>\n<td width=\"28\"><\/td>\n<td width=\"28\"><\/td>\n<td width=\"28\"><\/td>\n<td width=\"28\"><\/td>\n<td width=\"28\"><\/td>\n<td width=\"47\">30<\/td>\n<\/tr>\n<tr>\n<td width=\"312\"><strong>Carga hor\u00e1ria da \u00e1rea<\/strong><\/td>\n<td width=\"38\"><strong>90<\/strong><\/td>\n<td width=\"28\"><\/td>\n<td width=\"28\"><\/td>\n<td width=\"28\"><\/td>\n<td width=\"28\"><\/td>\n<td width=\"28\"><\/td>\n<td width=\"28\"><\/td>\n<td width=\"47\"><strong>90<\/strong><\/td>\n<\/tr>\n<\/tbody>\n<\/table>\n<p>Legenda: PD \u2013 Padr\u00e3o; LB \u2013 Laborat\u00f3rio; CP \u2013 Campo; ES \u2013 Est\u00e1gio; OR \u2013 Orientada;<\/p>\n","protected":false},"excerpt":{"rendered":"<p>As disciplinas do Curso de Express\u00e3o Gr\u00e1fica est\u00e3o divididas em seis \u00e1reas: Forma\u00e7\u00e3o B\u00e1sica, Linguagem Gr\u00e1fica, Fundamentos de Projeto, Arquitetura, Produto e Extens\u00e3o Universit\u00e1ria. \u00c1rea de Extens\u00e3o Universit\u00e1ria corresponde as disciplinas que tratam especificamente de fundamentos e pr\u00e1ticas de extens\u00e3o&hellip; <\/p>\n","protected":false},"author":10,"featured_media":0,"parent":0,"menu_order":0,"comment_status":"closed","ping_status":"closed","template":"","meta":{"footnotes":""},"class_list":["post-2052","page","type-page","status-publish","hentry"],"_links":{"self":[{"href":"https:\/\/exatas.ufpr.br\/cegraf\/wp-json\/wp\/v2\/pages\/2052","targetHints":{"allow":["GET"]}}],"collection":[{"href":"https:\/\/exatas.ufpr.br\/cegraf\/wp-json\/wp\/v2\/pages"}],"about":[{"href":"https:\/\/exatas.ufpr.br\/cegraf\/wp-json\/wp\/v2\/types\/page"}],"author":[{"embeddable":true,"href":"https:\/\/exatas.ufpr.br\/cegraf\/wp-json\/wp\/v2\/users\/10"}],"replies":[{"embeddable":true,"href":"https:\/\/exatas.ufpr.br\/cegraf\/wp-json\/wp\/v2\/comments?post=2052"}],"version-history":[{"count":2,"href":"https:\/\/exatas.ufpr.br\/cegraf\/wp-json\/wp\/v2\/pages\/2052\/revisions"}],"predecessor-version":[{"id":2064,"href":"https:\/\/exatas.ufpr.br\/cegraf\/wp-json\/wp\/v2\/pages\/2052\/revisions\/2064"}],"wp:attachment":[{"href":"https:\/\/exatas.ufpr.br\/cegraf\/wp-json\/wp\/v2\/media?parent=2052"}],"curies":[{"name":"wp","href":"https:\/\/api.w.org\/{rel}","templated":true}]}}