{"id":182,"date":"2014-09-10T22:00:23","date_gmt":"2014-09-11T01:00:23","guid":{"rendered":"https:\/\/exatas.ufpr.br\/cegraf\/?page_id=182"},"modified":"2023-04-20T11:31:03","modified_gmt":"2023-04-20T14:31:03","slug":"professores","status":"publish","type":"page","link":"https:\/\/exatas.ufpr.br\/cegraf\/professores\/","title":{"rendered":"Professores"},"content":{"rendered":"<div class=\"entry-content clearfix\">\n<h4><a>Professores Efetivos (atualizado em 28\/10\/2021):<\/a><\/h4>\n<p><a href=\"http:\/\/lattes.cnpq.br\/2987582237634936\" target=\"_blank\"><img decoding=\"async\" src=\"https:\/\/exatas.ufpr.br\/cegraf\/wp-content\/uploads\/sites\/3\/2021\/10\/lattes.png\" width=\"90\" \/><\/a><\/p>\n<table>\n<tbody>\n<tr>\n<th style=\"text-align: left\"><strong>professor (a)<\/strong><\/th>\n<th style=\"text-align: left\"><strong>Ingresso\u00a0UFPR<\/strong><\/th>\n<th style=\"text-align: left\"><strong>disciplinas obrigat\u00f3rias que pode ofertar no curso<\/strong><\/th>\n<th style=\"text-align: left\"><strong>curr\u00edculo<\/strong><\/th>\n<\/tr>\n<tr>\n<td style=\"text-align: left\"><a href=\"https:\/\/exatas.ufpr.br\/degraf_adrianavaz\/\" target=\"_blank\">Dra. Adriana Vaz<\/a><br \/>\n&#x1f4e7; adriana.vaz@ufpr.br<br \/>\n&#x1f4de; 3361-3461<\/td>\n<td style=\"text-align: left\">12\/2008<\/td>\n<td style=\"text-align: left\">CEG 301 \u2013 Introdu\u00e7\u00e3o \u00e0 Express\u00e3o Gr\u00e1fica<br \/>\nCEG 316 \u2013 Hist\u00f3ria das Artes Visuais<\/td>\n<td style=\"text-align: left\"><a href=\"http:\/\/lattes.cnpq.br\/2037918966512896\" target=\"_blank\"><img decoding=\"async\" src=\"https:\/\/exatas.ufpr.br\/cegraf\/wp-content\/uploads\/sites\/3\/2021\/10\/lattes.png\" width=\"90\" \/><\/a><\/td>\n<\/tr>\n<tr>\n<td style=\"text-align: left\"><a href=\"http:\/\/www.degraf.ufpr.br\/docentes\/anderson\/index.htm\" target=\"_blank\">Dr. Anderson Roges Teixeira G\u00f3es<\/a><br \/>\n&#x1f4e7; artgoes@ufpr.br<br \/>\n&#x1f4de; 3361-3462<\/td>\n<td style=\"text-align: left\">03\/2008<\/td>\n<td style=\"text-align: left\">CEG 302 \u2013 Desenho Geom\u00e9trico I<br \/>\nCEG 335 \u2013 Semin\u00e1rio de Express\u00e3o Gr\u00e1fica<br \/>\nCEG 361 \u2013 Fundamentos da Extens\u00e3o Universit\u00e1ria<br \/>\nCEG 362 \u2013\u00a0Produ\u00e7\u00e3o de Evento Extensionista I<br \/>\nCEG 363 \u2013 Produ\u00e7\u00e3o de Evento Extensionista II<\/td>\n<td style=\"text-align: left\"><a href=\"http:\/\/lattes.cnpq.br\/2987582237634936\" target=\"_blank\"><img decoding=\"async\" src=\"https:\/\/exatas.ufpr.br\/cegraf\/wp-content\/uploads\/sites\/3\/2021\/10\/lattes.png\" width=\"90\" \/><\/a><\/td>\n<\/tr>\n<tr>\n<td style=\"text-align: left\"><a href=\"https:\/\/exatas.ufpr.br\/degraf_andrea\" target=\"_blank\">Dra. Andrea Faria Andrade<\/a><br \/>\n&#x1f4e7; andreafaria@ufpr.br<br \/>\n&#x1f4de; 3361-3453<\/td>\n<td style=\"text-align: left\">06\/2006<\/td>\n<td style=\"text-align: left\">CEG 306 \u2013 Desenho T\u00e9cnico e CAD<br \/>\nCEG 309 \u2013 Composi\u00e7\u00e3o I<br \/>\nCEG 310 \u2013 Composi\u00e7\u00e3o II<\/td>\n<td style=\"text-align: left\"><a href=\"http:\/\/lattes.cnpq.br\/2344081706824072\" target=\"_blank\"><img decoding=\"async\" src=\"https:\/\/exatas.ufpr.br\/cegraf\/wp-content\/uploads\/sites\/3\/2021\/10\/lattes.png\" width=\"90\" \/><\/a><\/td>\n<\/tr>\n<tr>\n<td style=\"text-align: left\"><a href=\"https:\/\/exatas.ufpr.br\/degraf_arabella\/\" target=\"_blank\">Dra. Arabella Natal Galv\u00e3oda Silva<\/a><br \/>\n&#x1f4e7; arabellagalvao@ufpr.br<br \/>\n&#x1f4de; 3361-3090<\/td>\n<td style=\"text-align: left\">03\/2016<\/td>\n<td style=\"text-align: left\">CEG 306 \u2013 Desenho T\u00e9cnico e CAD<br \/>\nCEG 319 \u2013 Ergonomia<br \/>\nCEG 326 \u2013 Projeto de M\u00f3veis I<br \/>\nCEG 327 \u2013 Projeto de M\u00f3veis II<\/td>\n<td style=\"text-align: left\"><a href=\"http:\/\/lattes.cnpq.br\/4568541707713093\" target=\"_blank\"><img decoding=\"async\" src=\"https:\/\/exatas.ufpr.br\/cegraf\/wp-content\/uploads\/sites\/3\/2021\/10\/lattes.png\" width=\"90\" \/><\/a><\/td>\n<\/tr>\n<tr>\n<td style=\"text-align: left\"><a href=\"https:\/\/exatas.ufpr.br\/degraf_barbara\" target=\"_blank\">Dra. B\u00e1rbara de C\u00e1ssia Xavier Cassins Aguiar<\/a><br \/>\n&#x1f4e7; babi.eg@ufpr.br<br \/>\n&#x1f4de; 3361-3453<\/td>\n<td style=\"text-align: left\">02\/2011<\/td>\n<td style=\"text-align: left\">CEG 303 \u2013 Geometria Descritiva I<br \/>\nCEG 304 \u2013 Matem\u00e1tica Aplicada \u00e0 Express\u00e3o Gr\u00e1fica<br \/>\nCEG 306 \u2013 Desenho T\u00e9cnico e CAD<\/td>\n<td style=\"text-align: left\"><a href=\"http:\/\/lattes.cnpq.br\/4503060301357142\" target=\"_blank\"><img decoding=\"async\" src=\"https:\/\/exatas.ufpr.br\/cegraf\/wp-content\/uploads\/sites\/3\/2021\/10\/lattes.png\" width=\"90\" \/><\/a><\/td>\n<\/tr>\n<tr>\n<td style=\"text-align: left\"><a href=\"https:\/\/exatas.ufpr.br\/degraf_deise\" target=\"_blank\">Dra. Deise Maria Bertholdi Costa<\/a><br \/>\n&#x1f4e7; deise@ufpr.br<br \/>\n&#x1f4de; 3361-3090<\/td>\n<td style=\"text-align: left\">03\/1992<\/td>\n<td style=\"text-align: left\">CEG 303 \u2013 Geometria Descritiva I<br \/>\nCEG 305 \u2013 Fundamentos da Programa\u00e7\u00e3o Aplicados \u00e0 Express\u00e3o Gr\u00e1fica<\/td>\n<td style=\"text-align: left\"><a href=\"http:\/\/lattes.cnpq.br\/7084786275034469\" target=\"_blank\"><img decoding=\"async\" src=\"https:\/\/exatas.ufpr.br\/cegraf\/wp-content\/uploads\/sites\/3\/2021\/10\/lattes.png\" width=\"90\" \/><\/a><\/td>\n<\/tr>\n<tr>\n<td style=\"text-align: left\"><a href=\"https:\/\/exatas.ufpr.br\/degraf_elen\/\" target=\"_blank\">Dra. Elen Andrea Janzen Lor<\/a><br \/>\n&#x1f4e7; elen@ufpr.br<br \/>\n&#x1f4de; 3361-3090<\/td>\n<td style=\"text-align: left\">05\/2004<\/td>\n<td style=\"text-align: left\">CEG 303 \u2013 Geometria Descritiva I<br \/>\nCEG 313 \u2013 Modelagem Digital e Anima\u00e7\u00e3o I<br \/>\nCEG 314 \u2013 Modelagem Digital e Anima\u00e7\u00e3o II<\/td>\n<td style=\"text-align: left\"><a href=\"http:\/\/lattes.cnpq.br\/6298769357935209\" target=\"_blank\"><img decoding=\"async\" src=\"https:\/\/exatas.ufpr.br\/cegraf\/wp-content\/uploads\/sites\/3\/2021\/10\/lattes.png\" width=\"90\" \/><\/a><\/td>\n<\/tr>\n<tr>\n<td style=\"text-align: left\"><a href=\"https:\/\/exatas.ufpr.br\/degraf_emilio\" target=\"_blank\">Msc. Emilio Eiji Kavamura<\/a><br \/>\n&#x1f4e7; eek.edu@outlook.com<br \/>\n&#x1f4de; 3361-3462<\/td>\n<td style=\"text-align: left\">07\/2014<\/td>\n<td style=\"text-align: left\">CEG 320 \u2013 Tecnologia dos Materiais<br \/>\nCEG 321 \u2013 Processos de Fabrica\u00e7\u00e3o<br \/>\nCEG 328 \u2013 Modelagem Mec\u00e2nica I<\/td>\n<td style=\"text-align: left\"><a href=\"http:\/\/lattes.cnpq.br\/9055625377939598\" target=\"_blank\"><img decoding=\"async\" src=\"https:\/\/exatas.ufpr.br\/cegraf\/wp-content\/uploads\/sites\/3\/2021\/10\/lattes.png\" width=\"90\" \/><\/a><\/td>\n<\/tr>\n<tr>\n<td style=\"text-align: left\"><a href=\"http:\/\/www.degraf.ufpr.br\/docentes\/francine\/index.htm\" target=\"_blank\">Dra. Francine Aidie Rossi<\/a><br \/>\n&#x1f4e7;rossi@ufpr.br<br \/>\n&#x1f4de; 3361-3462<\/td>\n<td style=\"text-align: left\">03\/2012<\/td>\n<td style=\"text-align: left\">CEG 317 \u2013 Introdu\u00e7\u00e3o \u00e0 Arquitetura<br \/>\nCEG 322 \u2013 Desenho Arquitet\u00f4nico I<br \/>\nCEG 323 \u2013 Ambiente Constru\u00eddo<\/td>\n<td style=\"text-align: left\"><a href=\"http:\/\/lattes.cnpq.br\/8517723680107265\" target=\"_blank\"><img decoding=\"async\" src=\"https:\/\/exatas.ufpr.br\/cegraf\/wp-content\/uploads\/sites\/3\/2021\/10\/lattes.png\" width=\"90\" \/><\/a><\/td>\n<\/tr>\n<tr>\n<td style=\"text-align: left\"><a>Dr. Francisco de Alencar<\/a><br \/>\n&#x1f4e7;chicodealencar@uol.com.br<br \/>\n&#x1f4de; 3361-3652<\/td>\n<td style=\"text-align: left\">03\/2016<\/td>\n<td style=\"text-align: left\">CEG 318 \u2013 Introdu\u00e7\u00e3o ao Design<br \/>\nCEG 330 \u2013 Projeto de Produto I<br \/>\nCEG 332 \u2013 Prototipagem I<br \/>\nCEG 333 \u2013 Modelagem 3D em Design<\/td>\n<td style=\"text-align: left\"><a href=\"http:\/\/lattes.cnpq.br\/7915892025694249\" target=\"_blank\"><img decoding=\"async\" src=\"https:\/\/exatas.ufpr.br\/cegraf\/wp-content\/uploads\/sites\/3\/2021\/10\/lattes.png\" width=\"90\" \/><\/a><\/td>\n<\/tr>\n<tr>\n<td style=\"text-align: left\"><a>Dr. Isabella de Souza Sierra<\/a><br \/>\n&#x1f4e7;isabella.sierra@ufpr.br<br \/>\n&#x1f4de; 3361-3652<\/td>\n<td style=\"text-align: left\">01\/2020<\/td>\n<td style=\"text-align: left\">CEG 312 \u2013 Tratamento e Edi\u00e7\u00e3o de Imagem<br \/>\nCEG 315 \u2013 Modelagem Digital e Anima\u00e7\u00e3o III<br \/>\nCEG 318 \u2013 Introdu\u00e7\u00e3o ao Design<br \/>\nCEG 332 \u2013 Prototipagem I<\/td>\n<td style=\"text-align: left\"><a href=\"http:\/\/lattes.cnpq.br\/2274291015280014\" target=\"_blank\"><img decoding=\"async\" src=\"https:\/\/exatas.ufpr.br\/cegraf\/wp-content\/uploads\/sites\/3\/2021\/10\/lattes.png\" width=\"90\" \/><\/a><\/td>\n<\/tr>\n<tr>\n<td style=\"text-align: left\"><a href=\"https:\/\/exatas.ufpr.br\/degraf_marcio\/\" target=\"_blank\">Dr. M\u00e1rcio Fontana Catapan<\/a><br \/>\n&#x1f4e7; marciocatapan@gmail.com<br \/>\n&#x1f4de; 3361-3652<\/td>\n<td style=\"text-align: left\">12\/2011<\/td>\n<td style=\"text-align: left\">CEG 328 \u2013 Modelagem Mec\u00e2nica I<br \/>\nCEG 331 \u2013 Projeto de Produto II<br \/>\nCEG 334 \u2013 Fabrica\u00e7\u00e3o Digital<\/td>\n<td style=\"text-align: left\"><a href=\"http:\/\/lattes.cnpq.br\/9702014055794665\" target=\"_blank\"><img decoding=\"async\" src=\"https:\/\/exatas.ufpr.br\/cegraf\/wp-content\/uploads\/sites\/3\/2021\/10\/lattes.png\" width=\"90\" \/><\/a><\/td>\n<\/tr>\n<tr>\n<td style=\"text-align: left\"><a href=\"https:\/\/exatas.ufpr.br\/degraf_marciocarboni\/\" target=\"_blank\">Dr. M\u00e1rcio Henrique de Sousa Carboni<\/a><br \/>\n&#x1f4e7;\u00a0mhcarboni@gmail.com<br \/>\n&#x1f4de; 3361-3652<\/td>\n<td style=\"text-align: left\">02\/2015<\/td>\n<td style=\"text-align: left\">CEG 325 \u2013 Modelagem da Informa\u00e7\u00e3o e da Constru\u00e7\u00e3o<br \/>\nCEG 332 \u2013 Prototipagem I<\/td>\n<td style=\"text-align: left\"><a href=\"http:\/\/lattes.cnpq.br\/6355737696051618\" target=\"_blank\"><img decoding=\"async\" src=\"https:\/\/exatas.ufpr.br\/cegraf\/wp-content\/uploads\/sites\/3\/2021\/10\/lattes.png\" width=\"90\" \/><\/a><\/td>\n<\/tr>\n<tr>\n<td style=\"text-align: left\"><a href=\"https:\/\/exatas.ufpr.br\/degraf_paulo\/\" target=\"_blank\">Dr. Paulo Henrique Siqueira<\/a><br \/>\n&#x1f4e7; paulohs@ufpr.br<br \/>\n&#x1f4de; 3361-3463<\/td>\n<td style=\"text-align: left\">06\/1998<\/td>\n<td style=\"text-align: left\">CEG 302 \u2013 Desenho Geom\u00e9trico I<br \/>\nCEG 303 \u2013 Geometria Descritiva I<\/td>\n<td style=\"text-align: left\"><a href=\"http:\/\/lattes.cnpq.br\/1288178739969745\" target=\"_blank\"><img decoding=\"async\" src=\"https:\/\/exatas.ufpr.br\/cegraf\/wp-content\/uploads\/sites\/3\/2021\/10\/lattes.png\" width=\"90\" \/><\/a><\/td>\n<\/tr>\n<tr>\n<td style=\"text-align: left\"><a href=\"https:\/\/exatas.ufpr.br\/degraf_rossano\/\" target=\"_blank\">Dr. Rossano Silva<\/a><br \/>\n&#x1f4e7; rossano.silva@ufpr.br<br \/>\n&#x1f4de; 3361-3461<\/td>\n<td style=\"text-align: left\">06\/2010<\/td>\n<td style=\"text-align: left\">CEG 307 \u2013 Representa\u00e7\u00e3o Gr\u00e1fica I<br \/>\nCEG 308 \u2013 Representa\u00e7\u00e3o Gr\u00e1fica II<\/td>\n<td style=\"text-align: left\"><a href=\"http:\/\/lattes.cnpq.br\/3085794999573875\" target=\"_blank\"><img decoding=\"async\" src=\"https:\/\/exatas.ufpr.br\/cegraf\/wp-content\/uploads\/sites\/3\/2021\/10\/lattes.png\" width=\"90\" \/><\/a><\/td>\n<\/tr>\n<tr>\n<td style=\"text-align: left\"><a href=\"https:\/\/exatas.ufpr.br\/degraf_zuleica\/\" target=\"_blank\">Msc. Zuleica Faria de Medeiros<\/a><br \/>\n&#x1f4e7; zmedeiro@ufpr.br<br \/>\n&#x1f4de; 3361-3090<\/td>\n<td style=\"text-align: left\">01\/1998<\/td>\n<td style=\"text-align: left\">CEG 306 \u2013 Desenho T\u00e9cnico e CAD<\/td>\n<td style=\"text-align: left\"><a href=\"http:\/\/lattes.cnpq.br\/0353805781855264\" target=\"_blank\"><img decoding=\"async\" src=\"https:\/\/exatas.ufpr.br\/cegraf\/wp-content\/uploads\/sites\/3\/2021\/10\/lattes.png\" width=\"90\" \/><\/a><\/td>\n<\/tr>\n<\/tbody>\n<\/table>\n<h4><\/h4>\n<h4><a>Professores Substitutos (atualizado em 28\/10\/2021):<\/a><\/h4>\n<table>\n<tbody>\n<tr>\n<th style=\"text-align: left\"><strong>professor (a)<\/strong><\/th>\n<th style=\"text-align: left\"><strong>tempo de UFPR<\/strong><\/th>\n<th style=\"text-align: left\"><strong>disciplinas obrigat\u00f3rias que pode ofertar no curso<\/strong><\/th>\n<th style=\"text-align: left\"><strong>curr\u00edculo<\/strong><\/th>\n<\/tr>\n<tr>\n<td style=\"text-align: left\"><a>Msc. Ciro Andrade Siqueira<\/a><br \/>\n&#x1f4e7; cirosiqueira@ufpr.br<\/td>\n<td style=\"text-align: left\">3 meses<\/td>\n<td style=\"text-align: left\">CEG 306 \u2013 Desenho T\u00e9cnico e CAD<br \/>\nCEG 325 \u2013 Modelagem da Informa\u00e7\u00e3o e da Constru\u00e7\u00e3o<\/td>\n<td style=\"text-align: left\"><a href=\"http:\/\/lattes.cnpq.br\/9799597221755036\" target=\"_blank\"><img decoding=\"async\" src=\"https:\/\/exatas.ufpr.br\/cegraf\/wp-content\/uploads\/sites\/3\/2021\/10\/lattes.png\" width=\"90\" \/><\/a><\/td>\n<\/tr>\n<\/tbody>\n<\/table>\n<\/div>\n","protected":false},"excerpt":{"rendered":"<p>Professores Efetivos (atualizado em 28\/10\/2021): professor (a) Ingresso\u00a0UFPR disciplinas obrigat\u00f3rias que pode ofertar no curso curr\u00edculo Dra. Adriana Vaz &#x1f4e7; adriana.vaz@ufpr.br &#x1f4de; 3361-3461 12\/2008 CEG 301 \u2013 Introdu\u00e7\u00e3o \u00e0 Express\u00e3o Gr\u00e1fica CEG 316 \u2013 Hist\u00f3ria das Artes Visuais Dr. Anderson&hellip; <\/p>\n","protected":false},"author":1,"featured_media":0,"parent":0,"menu_order":0,"comment_status":"closed","ping_status":"closed","template":"","meta":{"footnotes":""},"class_list":["post-182","page","type-page","status-publish","hentry"],"_links":{"self":[{"href":"https:\/\/exatas.ufpr.br\/cegraf\/wp-json\/wp\/v2\/pages\/182","targetHints":{"allow":["GET"]}}],"collection":[{"href":"https:\/\/exatas.ufpr.br\/cegraf\/wp-json\/wp\/v2\/pages"}],"about":[{"href":"https:\/\/exatas.ufpr.br\/cegraf\/wp-json\/wp\/v2\/types\/page"}],"author":[{"embeddable":true,"href":"https:\/\/exatas.ufpr.br\/cegraf\/wp-json\/wp\/v2\/users\/1"}],"replies":[{"embeddable":true,"href":"https:\/\/exatas.ufpr.br\/cegraf\/wp-json\/wp\/v2\/comments?post=182"}],"version-history":[{"count":105,"href":"https:\/\/exatas.ufpr.br\/cegraf\/wp-json\/wp\/v2\/pages\/182\/revisions"}],"predecessor-version":[{"id":2083,"href":"https:\/\/exatas.ufpr.br\/cegraf\/wp-json\/wp\/v2\/pages\/182\/revisions\/2083"}],"wp:attachment":[{"href":"https:\/\/exatas.ufpr.br\/cegraf\/wp-json\/wp\/v2\/media?parent=182"}],"curies":[{"name":"wp","href":"https:\/\/api.w.org\/{rel}","templated":true}]}}