{"id":1727,"date":"2021-06-15T08:47:58","date_gmt":"2021-06-15T11:47:58","guid":{"rendered":"https:\/\/exatas.ufpr.br\/cegraf\/?page_id=1727"},"modified":"2023-03-10T15:57:02","modified_gmt":"2023-03-10T18:57:02","slug":"estagio-nao-obrigatorio","status":"publish","type":"page","link":"https:\/\/exatas.ufpr.br\/cegraf\/estagio-nao-obrigatorio\/","title":{"rendered":"Est\u00e1gio n\u00e3o Obrigat\u00f3rio"},"content":{"rendered":"<div class=\"Map\"><img decoding=\"async\" src=\"https:\/\/exatas.ufpr.br\/cegraf\/wp-content\/uploads\/sites\/3\/2021\/06\/INFO-N\u00c3O-OBRIGATORIO-vFinal-14-JUNHO.png\" alt=\"infografico\" \/><\/p>\n<div class=\"items\"><\/div>\n<\/div>\n","protected":false},"excerpt":{"rendered":"","protected":false},"author":3979,"featured_media":0,"parent":0,"menu_order":0,"comment_status":"closed","ping_status":"closed","template":"","meta":{"footnotes":""},"class_list":["post-1727","page","type-page","status-publish","hentry"],"_links":{"self":[{"href":"https:\/\/exatas.ufpr.br\/cegraf\/wp-json\/wp\/v2\/pages\/1727","targetHints":{"allow":["GET"]}}],"collection":[{"href":"https:\/\/exatas.ufpr.br\/cegraf\/wp-json\/wp\/v2\/pages"}],"about":[{"href":"https:\/\/exatas.ufpr.br\/cegraf\/wp-json\/wp\/v2\/types\/page"}],"author":[{"embeddable":true,"href":"https:\/\/exatas.ufpr.br\/cegraf\/wp-json\/wp\/v2\/users\/3979"}],"replies":[{"embeddable":true,"href":"https:\/\/exatas.ufpr.br\/cegraf\/wp-json\/wp\/v2\/comments?post=1727"}],"version-history":[{"count":2,"href":"https:\/\/exatas.ufpr.br\/cegraf\/wp-json\/wp\/v2\/pages\/1727\/revisions"}],"predecessor-version":[{"id":2091,"href":"https:\/\/exatas.ufpr.br\/cegraf\/wp-json\/wp\/v2\/pages\/1727\/revisions\/2091"}],"wp:attachment":[{"href":"https:\/\/exatas.ufpr.br\/cegraf\/wp-json\/wp\/v2\/media?parent=1727"}],"curies":[{"name":"wp","href":"https:\/\/api.w.org\/{rel}","templated":true}]}}