{"id":1720,"date":"2021-06-15T08:38:15","date_gmt":"2021-06-15T11:38:15","guid":{"rendered":"https:\/\/exatas.ufpr.br\/cegraf\/?page_id=1720"},"modified":"2023-03-10T15:56:31","modified_gmt":"2023-03-10T18:56:31","slug":"estagio-obrigatorio","status":"publish","type":"page","link":"https:\/\/exatas.ufpr.br\/cegraf\/estagio-obrigatorio\/","title":{"rendered":"Est\u00e1gio Obrigat\u00f3rio (curr\u00edculo 2012)"},"content":{"rendered":"<div class=\"Map\"><img decoding=\"async\" src=\"https:\/\/exatas.ufpr.br\/cegraf\/wp-content\/uploads\/sites\/3\/2021\/06\/INFO-OBRIGATORIO-vFinal-REVISADO-1.png\" alt=\"infografico\" \/><\/p>\n<div class=\"items\"><\/div>\n<\/div>\n","protected":false},"excerpt":{"rendered":"","protected":false},"author":3979,"featured_media":0,"parent":0,"menu_order":0,"comment_status":"closed","ping_status":"closed","template":"","meta":{"footnotes":""},"class_list":["post-1720","page","type-page","status-publish","hentry"],"_links":{"self":[{"href":"https:\/\/exatas.ufpr.br\/cegraf\/wp-json\/wp\/v2\/pages\/1720","targetHints":{"allow":["GET"]}}],"collection":[{"href":"https:\/\/exatas.ufpr.br\/cegraf\/wp-json\/wp\/v2\/pages"}],"about":[{"href":"https:\/\/exatas.ufpr.br\/cegraf\/wp-json\/wp\/v2\/types\/page"}],"author":[{"embeddable":true,"href":"https:\/\/exatas.ufpr.br\/cegraf\/wp-json\/wp\/v2\/users\/3979"}],"replies":[{"embeddable":true,"href":"https:\/\/exatas.ufpr.br\/cegraf\/wp-json\/wp\/v2\/comments?post=1720"}],"version-history":[{"count":5,"href":"https:\/\/exatas.ufpr.br\/cegraf\/wp-json\/wp\/v2\/pages\/1720\/revisions"}],"predecessor-version":[{"id":2090,"href":"https:\/\/exatas.ufpr.br\/cegraf\/wp-json\/wp\/v2\/pages\/1720\/revisions\/2090"}],"wp:attachment":[{"href":"https:\/\/exatas.ufpr.br\/cegraf\/wp-json\/wp\/v2\/media?parent=1720"}],"curies":[{"name":"wp","href":"https:\/\/api.w.org\/{rel}","templated":true}]}}