{"id":164,"date":"2014-09-10T21:43:20","date_gmt":"2014-09-11T00:43:20","guid":{"rendered":"https:\/\/exatas.ufpr.br\/cegraf\/?page_id=164"},"modified":"2023-03-10T15:55:34","modified_gmt":"2023-03-10T18:55:34","slug":"laboratorios","status":"publish","type":"page","link":"https:\/\/exatas.ufpr.br\/cegraf\/laboratorios\/","title":{"rendered":"Laborat\u00f3rios"},"content":{"rendered":"<p>O curso de Express\u00e3o Gr\u00e1fica possui quatro laborat\u00f3rios destinadas as disciplinas, atividades de pesquisa e extens\u00e3o, com a seguinte configura\u00e7\u00e3o:<\/p>\n<ul>\n<li>PC01, possui tr\u00eas mesas grandes para atividades de oficina e maquetaria, bancadas de trabalho, televis\u00e3o, ferramentas e equipamentos de oficina, duas impressoras 3D, e quatro computadores em ambiente Windows e acesso \u00e0 internet.<\/li>\n<li>PC08, possui 28 computadores em ambiente Windows com acesso \u00e0 internet e projetor multim\u00eddia.<\/li>\n<li>PC10, possui 30 computadores em ambiente Windows com acesso \u00e0 internet e projetor multim\u00eddia.<\/li>\n<li>PC12, possui 38 computadores em ambiente Windows com acesso \u00e0 internet e projetor multim\u00eddia.<\/li>\n<\/ul>\n<p>&nbsp;<\/p>\n","protected":false},"excerpt":{"rendered":"<p>O curso de Express\u00e3o Gr\u00e1fica possui quatro laborat\u00f3rios destinadas as disciplinas, atividades de pesquisa e extens\u00e3o, com a seguinte configura\u00e7\u00e3o: PC01, possui tr\u00eas mesas grandes para atividades de oficina e maquetaria, bancadas de trabalho, televis\u00e3o, ferramentas e equipamentos de oficina,&hellip; <\/p>\n","protected":false},"author":1,"featured_media":0,"parent":0,"menu_order":0,"comment_status":"closed","ping_status":"closed","template":"","meta":{"footnotes":""},"class_list":["post-164","page","type-page","status-publish","hentry"],"_links":{"self":[{"href":"https:\/\/exatas.ufpr.br\/cegraf\/wp-json\/wp\/v2\/pages\/164","targetHints":{"allow":["GET"]}}],"collection":[{"href":"https:\/\/exatas.ufpr.br\/cegraf\/wp-json\/wp\/v2\/pages"}],"about":[{"href":"https:\/\/exatas.ufpr.br\/cegraf\/wp-json\/wp\/v2\/types\/page"}],"author":[{"embeddable":true,"href":"https:\/\/exatas.ufpr.br\/cegraf\/wp-json\/wp\/v2\/users\/1"}],"replies":[{"embeddable":true,"href":"https:\/\/exatas.ufpr.br\/cegraf\/wp-json\/wp\/v2\/comments?post=164"}],"version-history":[{"count":5,"href":"https:\/\/exatas.ufpr.br\/cegraf\/wp-json\/wp\/v2\/pages\/164\/revisions"}],"predecessor-version":[{"id":2089,"href":"https:\/\/exatas.ufpr.br\/cegraf\/wp-json\/wp\/v2\/pages\/164\/revisions\/2089"}],"wp:attachment":[{"href":"https:\/\/exatas.ufpr.br\/cegraf\/wp-json\/wp\/v2\/media?parent=164"}],"curies":[{"name":"wp","href":"https:\/\/api.w.org\/{rel}","templated":true}]}}