{"id":162,"date":"2014-09-10T21:41:49","date_gmt":"2014-09-11T00:41:49","guid":{"rendered":"https:\/\/exatas.ufpr.br\/cegraf\/?page_id=162"},"modified":"2023-03-10T15:55:03","modified_gmt":"2023-03-10T18:55:03","slug":"estrutura-fisica","status":"publish","type":"page","link":"https:\/\/exatas.ufpr.br\/cegraf\/estrutura-fisica\/","title":{"rendered":"Estrutura F\u00edsica"},"content":{"rendered":"<p>ESPA\u00c7O DE TRABALHO PARA DOCENTES EM TEMPO INTEGRAL<\/p>\n<p>O Departamento de Express\u00e3o Gr\u00e1fica tem atualmente (2019) 19 professores efetivos todos com dedica\u00e7\u00e3o exclusiva, em termos de infraestrutura o Departamento possui no pr\u00e9dio do Setor de Ci\u00eancias Exatas: 11 gabinetes de professores efetivos, possui ainda um gabinete para professores substitutos, uma sala de reuni\u00e3o para 15 pessoas, uma sala para o t\u00e9cnico em inform\u00e1tica, uma sala conjunta para chefia do departamento e coordenador e a secretaria do Departamento.<\/p>\n<p><em>\u00a0<\/em>SALAS DE AULA<\/p>\n<p>O campus do Centro Polit\u00e9cnico \u00e9 composto por diversos Setores e possui uma grande infraestrutura (38 blocos administrativos e pedag\u00f3gicos). Para o Curso de Express\u00e3o Gr\u00e1fica s\u00e3o utilizadas salas preferencialmente nos Blocos do Setor de Ci\u00eancias Exatas PA e PC, embora, por conta da demanda em determinados hor\u00e1rios podem ser utilizados os blocos do Setor de Tecnologia ou da Ci\u00eancias da Terra. A seguir segue a configura\u00e7\u00e3o dos blocos PA e PC.<\/p>\n<p>O Bloco PA possui cinco pisos, sendo o t\u00e9rreo destinado \u00e0s salas de aula e os demais aos gabinetes dos professores e salas de secretarias de departamentos, coordena\u00e7\u00f5es e dire\u00e7\u00e3o do setor. Todos os pisos possuem elevador e banheiros masculino e feminino, ambos adaptados para uso de portadores de necessidades especiais. O bloco possui 9 salas de aula, com a seguinte configura\u00e7\u00e3o:<\/p>\n<ul>\n<li>PA01 \u2013 Capacidade 60 alunos &#8211; Carteira;<\/li>\n<li>PA02 \u2013 Capacidade 60 alunos &#8211; Carteira;<\/li>\n<li>PA03 \u2013 Capacidade 60 alunos &#8211; Carteira;<\/li>\n<li>PA04 \u2013 Capacidade 50 alunos &#8211; Carteira;<\/li>\n<li>PA05 \u2013 Capacidade 50 alunos &#8211; Carteira;<\/li>\n<li>PA06 \u2013 Capacidade 30 alunos &#8211; Carteira;<\/li>\n<li>PA07 \u2013 Capacidade 90 alunos &#8211; Carteira;<\/li>\n<li>PA08 \u2013 Capacidade 100 alunos &#8211; Carteira;<\/li>\n<li>PA09 \u2013 Capacidade 120 alunos &#8211; Carteira.<\/li>\n<\/ul>\n<p>O Bloco PC possui dois pisos, elevador e banheiros masculino e feminino nos dois pisos, ambos adaptados para uso de portadores de necessidades especiais. Possui dois anfiteatros e 18 salas com a seguinte configura\u00e7\u00e3o:<\/p>\n<ul>\n<li>PC01 \u2013 Capacidade 25 alunos \u2013 Laborat\u00f3rio de Prototipagem (Exclusivo do Curso de EG);<\/li>\n<li>PC02 \u2013 Capacidade 31 alunos \u2013 Pranchetas altas com banqueta (Exclusivo do DEGRAF);<\/li>\n<li>PC03 \u2013 Capacidade 45 alunos \u2013 Carteira;<\/li>\n<li>PC04 \u2013 Capacidade 45 alunos \u2013 Carteira;<\/li>\n<li>PC05 \u2013 Capacidade 25 alunos \u2013 Carteira;<\/li>\n<li>PC06 \u2013 Capacidade 45 alunos \u2013 Carteira;<\/li>\n<li>PC07 \u2013 Capacidade 45 alunos \u2013 Carteira;<\/li>\n<li>PC08 \u2013 Capacidade 28 alunos \u2013 Laborat\u00f3rio de Inform\u00e1tica (Exclusivo do Curso de EG);<\/li>\n<li>PC10 \u2013 Capacidade 30 alunos \u2013 Laborat\u00f3rio de Inform\u00e1tica (Exclusivo do Curso de EG);<\/li>\n<li>PC11 \u2013 Capacidade 25 alunos \u2013 Prancheta com cadeira (Exclusivo do DEGRAF);<\/li>\n<li>PC12 \u2013 Capacidade 38 alunos \u2013 Laborat\u00f3rio de Inform\u00e1tica (DEGRAF e DMAT);<\/li>\n<li>PC13 \u2013 Capacidade 30 alunos \u2013 Laborat\u00f3rio de Inform\u00e1tica (Exclusivo Matem\u00e1tica Industrial);<\/li>\n<li>PC16 \u2013 Capacidade 45 alunos \u2013 Carteira;<\/li>\n<li>PC17 \u2013 Capacidade 45 alunos \u2013 Carteira;<\/li>\n<li>PC18 \u2013 Capacidade 45 alunos \u2013 Carteira;<\/li>\n<\/ul>\n","protected":false},"excerpt":{"rendered":"<p>ESPA\u00c7O DE TRABALHO PARA DOCENTES EM TEMPO INTEGRAL O Departamento de Express\u00e3o Gr\u00e1fica tem atualmente (2019) 19 professores efetivos todos com dedica\u00e7\u00e3o exclusiva, em termos de infraestrutura o Departamento possui no pr\u00e9dio do Setor de Ci\u00eancias Exatas: 11 gabinetes de&hellip; <\/p>\n","protected":false},"author":1,"featured_media":0,"parent":0,"menu_order":0,"comment_status":"closed","ping_status":"closed","template":"","meta":{"footnotes":""},"class_list":["post-162","page","type-page","status-publish","hentry"],"_links":{"self":[{"href":"https:\/\/exatas.ufpr.br\/cegraf\/wp-json\/wp\/v2\/pages\/162","targetHints":{"allow":["GET"]}}],"collection":[{"href":"https:\/\/exatas.ufpr.br\/cegraf\/wp-json\/wp\/v2\/pages"}],"about":[{"href":"https:\/\/exatas.ufpr.br\/cegraf\/wp-json\/wp\/v2\/types\/page"}],"author":[{"embeddable":true,"href":"https:\/\/exatas.ufpr.br\/cegraf\/wp-json\/wp\/v2\/users\/1"}],"replies":[{"embeddable":true,"href":"https:\/\/exatas.ufpr.br\/cegraf\/wp-json\/wp\/v2\/comments?post=162"}],"version-history":[{"count":5,"href":"https:\/\/exatas.ufpr.br\/cegraf\/wp-json\/wp\/v2\/pages\/162\/revisions"}],"predecessor-version":[{"id":2088,"href":"https:\/\/exatas.ufpr.br\/cegraf\/wp-json\/wp\/v2\/pages\/162\/revisions\/2088"}],"wp:attachment":[{"href":"https:\/\/exatas.ufpr.br\/cegraf\/wp-json\/wp\/v2\/media?parent=162"}],"curies":[{"name":"wp","href":"https:\/\/api.w.org\/{rel}","templated":true}]}}