{"id":144,"date":"2014-09-10T21:33:21","date_gmt":"2014-09-11T00:33:21","guid":{"rendered":"https:\/\/exatas.ufpr.br\/cegraf\/?page_id=144"},"modified":"2023-03-10T14:49:15","modified_gmt":"2023-03-10T17:49:15","slug":"tcc","status":"publish","type":"page","link":"https:\/\/exatas.ufpr.br\/cegraf\/tcc\/","title":{"rendered":"Trabalho de Conclus\u00e3o de Curso"},"content":{"rendered":"<p>As disciplinas do Curso de Express\u00e3o Gr\u00e1fica est\u00e3o divididas em seis \u00e1reas: Forma\u00e7\u00e3o B\u00e1sica, Linguagem Gr\u00e1fica, Fundamentos de Projeto, Arquitetura, Produto e Extens\u00e3o Universit\u00e1ria.<\/p>\n<p>&nbsp;<\/p>\n<p>Para fundamenta\u00e7\u00e3o das atividades de pesquisa que ser\u00e3o realizadas pelos alunos no Trabalho de Conclus\u00e3o de Curso, ser\u00e1 ofertada uma disciplina obrigat\u00f3ria de Semin\u00e1rio em Express\u00e3o Gr\u00e1fica que tem como objetivo ampliar os estudos na \u00e1rea, bem como fundamentar o desenvolvimento de pesquisas acad\u00eamicas. A disciplina de Trabalho de Conclus\u00e3o de Curso \u00e9 uma disciplina orientada dividida em duas partes.<\/p>\n<p>&nbsp;<\/p>\n<p><strong>DISCIPLINAS DE TRABALHO DE CONCLUS\u00c3O DE CURSO<\/strong><\/p>\n<table width=\"567\">\n<tbody>\n<tr>\n<td width=\"312\"><\/td>\n<td width=\"38\">PD<\/td>\n<td width=\"28\">LB<\/td>\n<td width=\"28\">CP<\/td>\n<td width=\"28\">ES<\/td>\n<td width=\"28\">OR<\/td>\n<td width=\"28\">PE<\/td>\n<td width=\"28\">EFP<\/td>\n<td width=\"47\">Total<\/td>\n<\/tr>\n<tr>\n<td width=\"312\">CEG335 &#8211; Semin\u00e1rio de Express\u00e3o Gr\u00e1fica<\/td>\n<td width=\"38\">60<\/td>\n<td width=\"28\"><\/td>\n<td width=\"28\"><\/td>\n<td width=\"28\"><\/td>\n<td width=\"28\"><\/td>\n<td width=\"28\"><\/td>\n<td width=\"28\"><\/td>\n<td width=\"47\">60<\/td>\n<\/tr>\n<tr>\n<td width=\"312\">CEG336 &#8211; Trabalho de Conclus\u00e3o de Curso I<\/td>\n<td width=\"38\"><\/td>\n<td width=\"28\"><\/td>\n<td width=\"28\"><\/td>\n<td width=\"28\"><\/td>\n<td width=\"28\">60<\/td>\n<td width=\"28\"><\/td>\n<td width=\"28\"><\/td>\n<td width=\"47\">60<\/td>\n<\/tr>\n<tr>\n<td width=\"312\">CEG337 &#8211; Trabalho de Conclus\u00e3o de Curso II<\/td>\n<td width=\"38\"><\/td>\n<td width=\"28\"><\/td>\n<td width=\"28\"><\/td>\n<td width=\"28\"><\/td>\n<td width=\"28\">120<\/td>\n<td width=\"28\"><\/td>\n<td width=\"28\"><\/td>\n<td width=\"47\">120<\/td>\n<\/tr>\n<tr>\n<td width=\"312\"><strong>Carga hor\u00e1ria da \u00e1rea<\/strong><\/td>\n<td width=\"38\"><strong>60<\/strong><\/td>\n<td width=\"28\"><strong>\u00a0<\/strong><\/td>\n<td width=\"28\"><strong>\u00a0<\/strong><\/td>\n<td width=\"28\"><strong>\u00a0<\/strong><\/td>\n<td width=\"28\"><strong>180<\/strong><\/td>\n<td width=\"28\"><strong>\u00a0<\/strong><\/td>\n<td width=\"28\"><strong>\u00a0<\/strong><\/td>\n<td width=\"47\"><strong>240<\/strong><\/td>\n<\/tr>\n<\/tbody>\n<\/table>\n<p>Legenda: PD \u2013 Padr\u00e3o; LB \u2013 Laborat\u00f3rio; CP \u2013 Campo; ES \u2013 Est\u00e1gio; OR \u2013 Orientada; PE \u2013 Pr\u00e1tica Espec\u00edfica; EFP \u2013 Est\u00e1gio de Forma\u00e7\u00e3o Pedag\u00f3gica<\/p>\n","protected":false},"excerpt":{"rendered":"<p>As disciplinas do Curso de Express\u00e3o Gr\u00e1fica est\u00e3o divididas em seis \u00e1reas: Forma\u00e7\u00e3o B\u00e1sica, Linguagem Gr\u00e1fica, Fundamentos de Projeto, Arquitetura, Produto e Extens\u00e3o Universit\u00e1ria. &nbsp; Para fundamenta\u00e7\u00e3o das atividades de pesquisa que ser\u00e3o realizadas pelos alunos no Trabalho de Conclus\u00e3o&hellip; <\/p>\n","protected":false},"author":1,"featured_media":0,"parent":0,"menu_order":0,"comment_status":"closed","ping_status":"closed","template":"","meta":{"footnotes":""},"class_list":["post-144","page","type-page","status-publish","hentry"],"_links":{"self":[{"href":"https:\/\/exatas.ufpr.br\/cegraf\/wp-json\/wp\/v2\/pages\/144","targetHints":{"allow":["GET"]}}],"collection":[{"href":"https:\/\/exatas.ufpr.br\/cegraf\/wp-json\/wp\/v2\/pages"}],"about":[{"href":"https:\/\/exatas.ufpr.br\/cegraf\/wp-json\/wp\/v2\/types\/page"}],"author":[{"embeddable":true,"href":"https:\/\/exatas.ufpr.br\/cegraf\/wp-json\/wp\/v2\/users\/1"}],"replies":[{"embeddable":true,"href":"https:\/\/exatas.ufpr.br\/cegraf\/wp-json\/wp\/v2\/comments?post=144"}],"version-history":[{"count":8,"href":"https:\/\/exatas.ufpr.br\/cegraf\/wp-json\/wp\/v2\/pages\/144\/revisions"}],"predecessor-version":[{"id":2062,"href":"https:\/\/exatas.ufpr.br\/cegraf\/wp-json\/wp\/v2\/pages\/144\/revisions\/2062"}],"wp:attachment":[{"href":"https:\/\/exatas.ufpr.br\/cegraf\/wp-json\/wp\/v2\/media?parent=144"}],"curies":[{"name":"wp","href":"https:\/\/api.w.org\/{rel}","templated":true}]}}