{"id":1288,"date":"2018-04-11T10:28:26","date_gmt":"2018-04-11T13:28:26","guid":{"rendered":"https:\/\/exatas.ufpr.br\/cegraf\/?page_id=1288"},"modified":"2025-07-29T14:02:20","modified_gmt":"2025-07-29T17:02:20","slug":"trabalhos-de-conclusao-de-curso","status":"publish","type":"page","link":"https:\/\/exatas.ufpr.br\/cegraf\/trabalhos-de-conclusao-de-curso\/","title":{"rendered":"Trabalhos de Conclus\u00e3o de Curso"},"content":{"rendered":"\n<h2 class=\"wp-block-heading\">2023<\/h2>\n\n\n\n<p>DESENVOLVIMENTO DE REALIDADE AUMENTADA PARA VISUALIZA\u00c7\u00c3O DE S\u00d3LIDOS GEOM\u00c9TRICOS VOLTADO PARA A EDUCA\u00c7\u00c3O B\u00c1SICA &#8211; BRUNO HUMBERTO DE CAMARGO &#8211; <a href=\"https:\/\/ufprbr0-my.sharepoint.com\/:b:\/g\/personal\/cegraf_ufpr_br\/EV8LoDMVo0NBs7Az5-gFZYUBYUYycZvBTolbADJBlj8wCg?e=CJ5bSf\">texto completo<\/a><\/p>\n\n\n\n<p>FERRAMENTA DE VISUALIZA\u00c7\u00c3O DE COMPONENTES DE UMA SUBESTA\u00c7\u00c3O EL\u00c9TRICA EM REALIDADE AUMENTADA &#8211; EMILIANE MAYUMI ITO &#8211; <a href=\"https:\/\/ufprbr0-my.sharepoint.com\/:b:\/g\/personal\/cegraf_ufpr_br\/EcoesXySDENNj_PY0su1BacBdi5-fktG_ZnaglXAFjyiew?e=nwPpWJ\">text completo<\/a><\/p>\n\n\n\n<p>A PERCEP\u00c7\u00c3O DE VENDEDORES DE REVESTIMENTOS CER\u00c2MICOS SOBRE A QUALIDADE DAS IMAGENS DE CAT\u00c1LOGOS &#8211; ANA R\u00daBIA MARTINS &#8211; <a href=\"https:\/\/ufprbr0-my.sharepoint.com\/:b:\/g\/personal\/cegraf_ufpr_br\/EUF_nS0drFJJmRdydMSTNA8BPLbmXbfZG56viG7UjtWbdA?e=Gog9Jt\">texto completo<\/a><\/p>\n\n\n\n<p>PROJETO DE MOTORHOME: ORIENTA\u00c7\u00d5ES B\u00c1SICAS PARA PROJETISTAS INICIANTES &#8211; RAFAEL SANTOS KR\u00dcGER &#8211; <a href=\"https:\/\/ufprbr0-my.sharepoint.com\/:b:\/g\/personal\/cegraf_ufpr_br\/EZzoA12hZRdLi5xV7uYLRlYBJ8-RZ7tseAr2TiLykSFetg?e=sTDtgU\">texto completo<\/a><\/p>\n\n\n\n<h2 class=\"wp-block-heading\"><\/h2>\n\n\n\n<h2 class=\"wp-block-heading\">2022<\/h2>\n\n\n\n<p>O USO DA REALIDADE AUMENTADA NA PRODU\u00c7\u00c3O DE MATERIAL DID\u00c1TICO SOBRE O SISTEMA DIGEST\u00d3RIO EQUINO &#8211; BEATRICE BERNARDES SCHMIDT &#8211; <a href=\"https:\/\/ufprbr0-my.sharepoint.com\/:b:\/g\/personal\/cegraf_ufpr_br\/Ee3_-izH1fxCpbX_QRe_QrwBGT2TQJruH8lbyTtx_zAv6A?e=dvcPzV\">texto completo<\/a><\/p>\n\n\n\n<p>PANORAMA DA MODELAGEM 3D NO DESENVOLVIMENTO DE JOGOS ELETR\u00d4NICOS E AS DIFERENTES \u00c1REAS DE ATUA\u00c7\u00c3O &#8211; BRUNO DIMAS WILCZAEK &#8211; <a href=\"https:\/\/ufprbr0-my.sharepoint.com\/:b:\/g\/personal\/cegraf_ufpr_br\/EdSLQpAaEOhClpOs7UyilJsBIxaMF3BhC2V3kwLZnHBBpw?e=nC9yaN\">texto completo<\/a><\/p>\n\n\n\n<p>M\u00c9TODOS DE CRIA\u00c7\u00c3O DE META-HUMANOS REALISTAS NO USO EM JOGOS E NO METAVERSO &#8211; DAVID ZEM NETO &#8211; <a href=\"https:\/\/ufprbr0-my.sharepoint.com\/:b:\/g\/personal\/cegraf_ufpr_br\/ESThRYtNdLRMpRZecnnOctkBobpghQX7XoeTTg7_MzIKpA?e=JKulId\">texto completo<\/a><\/p>\n\n\n\n<p>SISTEMA DE IDENTIDADE VISUAL PARA A LIVRARIA VIRTUAL LIVRON &#8211; \u00c9RIK MAKCMOVICZ YAEGASHI &#8211; <a href=\"https:\/\/ufprbr0-my.sharepoint.com\/:b:\/g\/personal\/cegraf_ufpr_br\/EaxwirXvHqVOj7qtIAqlErkBs5-NdTMz9I8Rnyp8QK6f6A?e=IL6ork\">texto completo<\/a><\/p>\n\n\n\n<p>REQUISITOS DE PROJETO PARA O DESENVOLVIMENTO DE UM AMBIENTE ESCOLAR INCLUSIVO PARA CRIAN\u00c7AS COM TRANSTORNO DO ESPECTRO AUTISTA &#8211; LOHAINE MIDI\u00c3 BESSON BATISTA &#8211; <a href=\"https:\/\/ufprbr0-my.sharepoint.com\/:b:\/g\/personal\/cegraf_ufpr_br\/Ef_0Yh6VG6FOk67EvhB9FZoBgnwnZMtp-QZMQl32KwCPow?e=8Oetk8\">texto completo<\/a><\/p>\n\n\n\n<p>O USO DA REALIDADE AUMENTADA NO ENSINO DA VISUALIZA\u00c7\u00c3O ESPACIAL NO ENSINO FUNDAMENTAL &#8211; MARIA IZABEL NU\u00d1EZ &#8211; <a href=\"https:\/\/ufprbr0-my.sharepoint.com\/:b:\/g\/personal\/cegraf_ufpr_br\/EXdAw7hogv5IsjMqsaOHB8ABW3xzlb_BVY6SWYEMekOeOA?e=bnkS9n\">texto completo<\/a><\/p>\n\n\n\n<p>METODOLOGIA TXM BRANDING APLICADA NO REDESIGN DA IDENTIDADE VISUAL DO LAMPI; LABORAT\u00d3RIO DE MODELAGEM, PROTOTIPAGEM E INOVA\u00c7\u00c3O DA UFPR &#8211; PEDRO HENRIQUE SPOLADOR &#8211; <a href=\"https:\/\/ufprbr0-my.sharepoint.com\/:b:\/g\/personal\/cegraf_ufpr_br\/EQFW3ITlkZVFveHUU7430SABYOc__nqTl7bsIDmOa556Lw?e=cMggOw\">texto completo<\/a><\/p>\n\n\n\n<p>A MANUFATURA ADITIVA NA TECNOLOGIA ASSISTIVA: DISPOSITIVO FACILITADOR DA VIDA DI\u00c1RIA PARA PESSOAS COM ARTRITE REUMAT\u00d3IDE &#8211; GABRIELA ROSA PORTELA &#8211; <a href=\"https:\/\/ufprbr0-my.sharepoint.com\/:b:\/g\/personal\/cegraf_ufpr_br\/Edfhm5RpiCZAosdQukjI6LYBsi9PGhLzTx_FQRSuPsjaSw?e=wphE7H\">texto completo<\/a><\/p>\n\n\n\n<p>PROPOSTA DID\u00c1TICA PARA O ESTUDO DA COMPOSI\u00c7\u00c3O VISUAL NA GRADUA\u00c7\u00c3O, ABORDANDO OS CONCEITOS DE PESO, EQUIL\u00cdBRIO E HIERARQUIA VISUAL &#8211; KAREN CRISTINA STRESSER DE MELO &#8211; <a href=\"https:\/\/ufprbr0-my.sharepoint.com\/:b:\/g\/personal\/cegraf_ufpr_br\/ET4l4u40IalOsjnC9EGBSN0BgQeid1mGEdSHgfD468lquw?e=iyGuhT\">texto completo<\/a><\/p>\n\n\n\n<h2 class=\"wp-block-heading\"><\/h2>\n\n\n\n<h2 class=\"wp-block-heading\">2021<\/h2>\n\n\n\n<p>ANIMA\u00c7\u00d5ES DIGITAIS ADAPTADAS PARA PESSOAS PORTADORAS DE DALTONISMO &#8211; BRUNO GABRIEL GROCHOLSKI &#8211; <a href=\"https:\/\/ufprbr0-my.sharepoint.com\/:b:\/g\/personal\/cegraf_ufpr_br\/EeoFqt_OvvZMi6e0gDfWQOEBJEzeWTRb8dOWCwnGyeES9Q?e=E2vpIe\">texto completo<\/a><\/p>\n\n\n\n<p>DESENVOLVIMENTO DE M\u00d3DULOS PARA CRIA\u00c7\u00c3O DE MAQUETES T\u00c1TEIS &#8211; CAMILA DE MOURA RIBAS &#8211; <a href=\"https:\/\/ufprbr0-my.sharepoint.com\/:b:\/g\/personal\/cegraf_ufpr_br\/EcgU3FiE0ylMpYtD7-0ablsB4XZAxG6xpk8BboGOjPvePw?e=LvXJ7Z\">texto completo<\/a><\/p>\n\n\n\n<p>DESENVOLVIMENTO E APLICA\u00c7\u00c3O DE UM RECURSO VISUAL NO GEOGEBRA 3D COMO SUPORTE PARA A DISCIPLINA DE GEOMETRIA DESCRITIVA &#8211; ANIELLE PIEREZAN FEIJ\u00d3 &#8211;<a href=\"https:\/\/ufprbr0-my.sharepoint.com\/:b:\/g\/personal\/cegraf_ufpr_br\/EUduvuhubitFpxirKQjkMc8B6UD3ax-hYkwoyfawPcv6RQ?e=v1vMDW\"> texto completo<\/a><\/p>\n\n\n\n<p>A EXPRESS\u00c3O GR\u00c1FICA NO DESENVOLVIMENTO DE MATERIAL DID\u00c1TICO INCLUSIVO NA PERSPECTIVA DO DESENHO UNIVERSAL PARA A APRENDIZAGEM &#8211; DAIANA APARECIDA STRESSER FIATCOSKI &#8211; <a href=\"https:\/\/ufprbr0-my.sharepoint.com\/:b:\/g\/personal\/cegraf_ufpr_br\/ETBKOM3SnbNNtkKEHDddoGMBtmq3Z4U-fcJOcQ4PlNxFBg?e=rLX84C\">texto completo<\/a><\/p>\n\n\n\n<p>PROJETO DE FERRAMENTA MULTIFUNCIONAL PARA O DESENVOLVIMENTO DE MODELOS E PROT\u00d3TIPOS MANUAIS &#8211; DIOGO LIRA DA COSTA &#8211; <a href=\"https:\/\/ufprbr0-my.sharepoint.com\/:b:\/g\/personal\/cegraf_ufpr_br\/EWCk06doZGJAmhXdcNULai4B-AZCXOFx5sUF5sUuTIfOaA?e=CpEOQh\">texto completo<\/a><\/p>\n\n\n\n<p>ANIMA\u00c7\u00c3O 3D E O ENSINO COM A EXPRESS\u00c3O GR\u00c1FICA: UM CURTA SOBRE AS LEIS DA GESTALT &#8211; EMANUEL DOS SANTOS LEIROS &#8211; <a href=\"https:\/\/ufprbr0-my.sharepoint.com\/:b:\/g\/personal\/cegraf_ufpr_br\/Ec7GjhwuN1JEoerS6hTF2oYB59NPLkdTy2szBYLyi0g2NQ?e=hqobpi\">texto completo<\/a><\/p>\n\n\n\n<p>APLICA\u00c7\u00c3O DE PRINC\u00cdPIOS DA IND\u00daSTRIA 4.0 EM CERVEJARIAS ARTESANAIS: GEST\u00c3O DO CONTROLE DE QUALIDADE VIA APLICATIVO E REALIDADE AUMENTADA &#8211; GABRIELLE DE PAIVA J\u00c1CCOMO &#8211; <a href=\"https:\/\/ufprbr0-my.sharepoint.com\/:b:\/g\/personal\/cegraf_ufpr_br\/ETHyy1YLXZhBp2aHGtM0RWIBYVfYI275XK5DyzIVaw-3Ug?e=fxB2AA\">texto completo<\/a><\/p>\n\n\n\n<p>A FORMA\u00c7\u00c3O INICIAL DO EXPRESSIONISTA GR\u00c1FICO NO BRASIL &#8211; JHENIFER FERNANDA SILVA ANASTACIO &#8211;<a href=\"https:\/\/ufprbr0-my.sharepoint.com\/:b:\/g\/personal\/cegraf_ufpr_br\/ETx81sRc7dhNgZpqWwjaCfIB0SXF6gWfM9smX1xLbloODg?e=DPXc3X\"> texto completo<\/a><\/p>\n\n\n\n<p>A FOTOGRAMETRIA NO DESENVOLVIMENTO DE ASSETS PARA CEN\u00c1RIOS DE JOGOS ELETR\u00d4NICOS 3D &#8211; JOSIEL SCHOEFFEL &#8211; <a href=\"https:\/\/ufprbr0-my.sharepoint.com\/:b:\/g\/personal\/cegraf_ufpr_br\/EV3XRM2TcCFKs1LV2seKL3MB6-qDLR-SvnEX0OFJ_aKabw?e=k1zFgm\">texto completo<\/a><\/p>\n\n\n\n<p>A UTILIZA\u00c7\u00c3O DE ANIMA\u00c7\u00d5ES NO ENSINO SUPERIOR COMO RECURSO PEDAG\u00d3GICO: UMA APLICA\u00c7\u00c3O NA DISCIPLINA DE GEOMETRIA DESCRITIVA &#8211; MATEUS VITOR SILVA ALONSO &#8211; <a href=\"https:\/\/ufprbr0-my.sharepoint.com\/:b:\/g\/personal\/cegraf_ufpr_br\/EdkCPvGlWnNAj--ta39sBLABsRYNH3WvbCsKI-Bb-OdDwg?e=WO5xk6\">texto completo<\/a><\/p>\n\n\n\n<p>PROJETO DIY DE UMA ROUTER CNC DE GRANDE PORTE E BAIXO CUSTO &#8211; RAFAEL PENNER &#8211; <a href=\"https:\/\/ufprbr0-my.sharepoint.com\/:b:\/g\/personal\/cegraf_ufpr_br\/ESh0Kjs71kZDls6m-_0Qi8sB-13ljpI0fUAZ2_ra8NiaYg?e=udKpHA\">texto completo<\/a><\/p>\n\n\n\n<p>O PROFISSIONAL DA EXPRESS\u00c3O GR\u00c1FICA E O RENDER FOTORREALISTA PARA INTERIORES COM CORONA RENDERER, 3DS MAX E PHOTOSHOP &#8211; THAIS PRISCILA WIEDERMANN PEITZ &#8211; <a href=\"https:\/\/ufprbr0-my.sharepoint.com\/:b:\/g\/personal\/cegraf_ufpr_br\/EUDFx4sLhnBBlII4CWy712sB-VlkK2BzZvyUigrquflpUA?e=Yf7Lzi\">texto completo<\/a><\/p>\n\n\n\n<p>REPRESENTA\u00c7\u00c3O GR\u00c1FICA DE PROJETO: A PERSUAS\u00c3O DAS RENDERIZA\u00c7\u00d5ES 3D FOTORREALISTAS NA PERCEP\u00c7\u00c3O DOS CLIENTES SOBRE UM PROJETO DE INTERIORES &#8211; EMY HONDA COLLODEL &#8211; <a href=\"https:\/\/ufprbr0-my.sharepoint.com\/:b:\/g\/personal\/cegraf_ufpr_br\/ETlo8Jk2ZERGuFyQelvwRj8Bgwg5vc3kePuA9OncqG2xOg?e=tGNp0p\">texto completo<\/a><\/p>\n\n\n\n<p>DETALHAMENTO T\u00c9CNICO DE M\u00d3VEIS SOB MEDIDA: ASPECTOS DA REPRESENTA\u00c7\u00c3O GR\u00c1FICA QUE FACILITEM A COMPREENS\u00c3O DO PROJETO PELO MARCENEIRO &#8211; JAQUELINE FARINHAK DOS SANTOS &#8211; <a href=\"https:\/\/ufprbr0-my.sharepoint.com\/:b:\/g\/personal\/cegraf_ufpr_br\/EbNwaZufmp1KlNxn-LdsOngB_fdk3GUx76MJK7J2bvXNAw?e=vSLosl\">texto completo<\/a><\/p>\n\n\n\n<p>DESIGN DE EXPERI\u00caNCIA DO USU\u00c1RIO E ACESSIBILIDADE: UM PROT\u00d3TIPO DE P\u00c1GINA INICIAL RESPONSIVA DO SITE DO DEPARTAMENTO DE EXPRESS\u00c3O GR\u00c1FICA DA UNIVERSIDADE FEDERAL DO PARAN\u00c1 &#8211; PAULA CRISTHYNE FIGUER\u00d4A FERREIRA &#8211; <a href=\"https:\/\/ufprbr0-my.sharepoint.com\/:b:\/g\/personal\/cegraf_ufpr_br\/EXd1oJY92kxLjnQEfkWQWesBBF-UqO3LkjDZP4K5eBAOdw?e=RVQtLC\">texto completo<\/a><\/p>\n\n\n\n<p>PESSOA COM DEFICI\u00caNCIA E MOBILI\u00c1RIO: COMO PROVOCAR EMPATIA EM FUTUROS PROFISSIONAIS DA \u00c1REA DE PROJETOS DE M\u00d3VEIS PARA QUE DESENVOLVAM PROJETOS ACESS\u00cdVEIS &#8211; RAFAELA HELEN LIMA DO NASCIMENTO &#8211;<a href=\"https:\/\/ufprbr0-my.sharepoint.com\/:b:\/g\/personal\/cegraf_ufpr_br\/ETyIJFQUKrBIjjWzgKftzTgB8Y9F51tHFvWtaFW1UG187A?e=zMchEd\"> texto completo<\/a><\/p>\n\n\n\n<p>M\u00d3VEIS MULTIFUNCIONAIS: HARMONIA ENTRE NECESSIDADES DE C\u00c3ES, GATOS E SEUS TUTORE &#8211; T\u00c1BATA BUTZKE DE CARVALHO &#8211; <a href=\"https:\/\/ufprbr0-my.sharepoint.com\/:b:\/g\/personal\/cegraf_ufpr_br\/ETwi1qLRNwVBl9hramdHV_sBzaoMGVo0t-NXV6i9gWoxCQ?e=GHdHb5\">texto completo<\/a><\/p>\n\n\n\n<p>SIMULA\u00c7\u00c3O DA ANATOMIA DO CORPO HUMANO ATRAV\u00c9S DE MODELAGEM 3D E REALIDADE AUMENTADA PARA ESTUDO NA MEDICINA &#8211; AMANDA RODRIGUES BONATO &#8211; <a href=\"https:\/\/ufprbr0-my.sharepoint.com\/:b:\/g\/personal\/cegraf_ufpr_br\/Eb-OXmR2RhlGvxihUQz6NDIBUGBoW_mwZBzOq4DD-pYFjQ?e=h0OQeQ\">texto completo<\/a><\/p>\n\n\n\n<p>PROPOSTA DE REVITALIZA\u00c7\u00c3O DE ESPA\u00c7O COMUM DO COMPLEXO SOLAR DO BAR\u00c3O UTILIZANDO A MODELAGEM TRIDIMENSIONAL &#8211; ANA CAROLINA PANDINI &#8211; <a href=\"https:\/\/ufprbr0-my.sharepoint.com\/:b:\/g\/personal\/cegraf_ufpr_br\/ESC1dZKi4V1NvQkNfB4qbpcBRbXKxh9ObB6HQobiJShAzw?e=Dee3kX\">texto completo<\/a><\/p>\n\n\n\n<p>ANIMA\u00c7\u00c3O 2D COMO RECURSO NA EDUCA\u00c7\u00c3O H\u00cdBRIDA PARA O ENSINO DE DESENHO T\u00c9CNICO &#8211; GABRIEL AKIHIRO NAGATSUYU &#8211; <a href=\"https:\/\/ufprbr0-my.sharepoint.com\/:b:\/g\/personal\/cegraf_ufpr_br\/ESYVwHOU-gFGnFmVR5NL-XoBqF5eU7qMaPsZa6FnTO28BA?e=FFlyue\">texto completo<\/a><\/p>\n\n\n\n<p>RECURSOS DA EXPRESS\u00c3O GR\u00c1FICA NO AUX\u00cdLIO DO COMBATE AO BULLYING POR MEIO DE UM JOGO DE TABULEIRO: VIGILANTES EM A\u00c7\u00c3O &#8211; JO\u00c3O VICTOR SANTOS OLIVEIRA &#8211;<a href=\"https:\/\/ufprbr0-my.sharepoint.com\/:b:\/g\/personal\/cegraf_ufpr_br\/EeBq2Mfr8hJPrLogZgF3cXoBLWeqWGgBIKl2QVYOCoVAmg?e=nxgLyI\"> texto completo<\/a><\/p>\n\n\n\n<h2 class=\"wp-block-heading\"><\/h2>\n\n\n\n<h2 class=\"wp-block-heading\">2020<\/h2>\n\n\n\n<p>A EXPRESS\u00c3O GR\u00c1FICA APLICADA \u00c0 INTERFACES M\u00d3VEIS NO ENSINO INCLUSIVO DE ESTUDANTES DALT\u00d4NICOS &#8211; ANDR\u00c9 FIORI SEQUINEL &#8211; <a href=\"https:\/\/ufprbr0-my.sharepoint.com\/:b:\/g\/personal\/cegraf_ufpr_br\/EQ1qoQcNDC5NooQyg_fbChoBI8GrbPsjmBv0SqLnIeX17g?e=kKLqgO\">texto completo<\/a><\/p>\n\n\n\n<p>UNIVERSA: UMA APLICA\u00c7\u00c3O WEB PARA AUXILIAR OS ALUNOS DA UNIVERSIDADE FEDERAL DO PARAN\u00c1 A ACOMPANHAREM SEU DESEMPENHO ACAD\u00caMICO &#8211; MARIA LUIZA COELHO &#8211; <a href=\"https:\/\/ufprbr0-my.sharepoint.com\/:b:\/g\/personal\/cegraf_ufpr_br\/EUpFg-sHotZJuGV-AtIGzucBjgHtHf8HdrZRSN7LTNPWwQ?e=0UhlwV\">texto completo<\/a><\/p>\n\n\n\n<h2 class=\"wp-block-heading\"><\/h2>\n\n\n\n<h2 class=\"wp-block-heading\">2019<\/h2>\n\n\n\n<p>CRIA\u00c7\u00c3O DO MANUAL DE MARCA DA EMPRESA CL\u00cdNICA PARANANENSE &#8211;&nbsp;CHRISTIAN PAZ PERALTA &#8211; <a href=\"https:\/\/drive.google.com\/file\/d\/0B-d_HwPi69SiME5wdFhBcGNfeE9qRlJBb3NBdjcwaXkwTXVv\/view?usp=sharing\" target=\"_blank\">texto completo<\/a><\/p>\n\n\n\n<p>PROJETO PARA O CURTA METRAGEM DE ANIMA\u00c7\u00c3O 3D &#8220;O RALO&#8221;: Desenvolvimento da pr\u00e9-produ\u00e7\u00e3o &#8211;&nbsp;CAMILA DE MELO &#8211;&nbsp;<a href=\"https:\/\/drive.google.com\/file\/d\/17O2y9mM1-GtW8Ye2y2FKzVyC6nlghX1w\/view?usp=sharing\" target=\"_blank\">texto completo<\/a><\/p>\n\n\n\n<p>PROPOSTA DE DESENVOLVIMENTO DE \u00d3RTESE EST\u00c1TICA PARA PACIENTES COM DEFICI\u00caNCIAS MOTORAS &#8211;&nbsp;CLARICE ISABELLE FERREIRA &#8211; <a href=\"https:\/\/drive.google.com\/file\/d\/11gOlY8KFO72NGeOKaDTGjuJv0sMUzGjA\/view?usp=sharing\" target=\"_blank\">texto completo<\/a><\/p>\n\n\n\n<h2 class=\"wp-block-heading\"><\/h2>\n\n\n\n<h2 class=\"wp-block-heading\">2018<\/h2>\n\n\n\n<p>A PROTOTIPAGEM NA PRODU\u00c7\u00c3O DE MATERIAL DID\u00c1TICO PARA PESSOAS COM DEFICI\u00caNCIA VISUAL NO ENSINO DE DESENHO &#8211;&nbsp;GABRIELA RODRIGUEZ GARCIA &#8211; <a href=\"https:\/\/drive.google.com\/file\/d\/1C6hoMzrd0Ge-YFzKq3qQ5SG2WYCpupLT\/view?usp=sharing\" target=\"_blank\">texto completo<\/a><\/p>\n\n\n\n<p>CARTOGRAFIA T\u00c1TIL UTILIZANDO A PROTOTIPAGEM R\u00c1PIDA: UM ESTUDO SOBRE A PADRONIZA\u00c7\u00c3O DE S\u00cdMBOLOS PARA O MAPEAMENTO TEM\u00c1TICO NO ENSINO DA GEOGRAFIA &#8211;&nbsp;CAROLINE DE CASTRO MONTEIRO &#8211; <a href=\"https:\/\/drive.google.com\/file\/d\/1xAJNlcVnOC1miCEa-6rJRlMpE4xX8E6f\/view?usp=sharing\" target=\"_blank\">texto completo<\/a><\/p>\n\n\n\n<p>CRIA\u00c7\u00c3O E APRESENTA\u00c7\u00c3O DA IDENTIDADE VISUAL DA EMPRESA SOU DIARISTA &#8211;&nbsp;JOEDERSON CAVALCANTE PEREIRA &#8211; <a href=\"https:\/\/drive.google.com\/file\/d\/17H-VGtRetlGTLOtOL1QR3lcps8Ad9pqO\/view?usp=sharing\" target=\"_blank\">texto completo<\/a>&nbsp;&#8211; <a href=\"https:\/\/drive.google.com\/file\/d\/16FcHHRDHfZfEYU6J_5wwRwF7iPkuumEU\/view?usp=sharing\" target=\"_blank\">manual da marca<\/a><\/p>\n\n\n\n<p>ESTUDO E REDESIGN DAS CARTAS DE MAGIC: THE GATHERING &#8211;&nbsp;LUIZ HENRIQUE DOHOPIATI DA SILVA &#8211; <a href=\"https:\/\/drive.google.com\/file\/d\/1-mzlothuegEGnh3FUBSt9Hm98eRZ-CUR\/view?usp=sharing\" target=\"_blank\">texto completo<\/a><\/p>\n\n\n\n<p>IMPLANTANDO REALIDADE AUMENTADA EM CURRICULUM VITTAE DE BACHAREL EM EXPRESS\u00c3O GR\u00c1FICA &#8211;&nbsp;B\u00c1RBARA SOFIA GOMES NEVES FERREIRA &#8211; <a href=\"https:\/\/drive.google.com\/file\/d\/1RYEAZFOsBhrbkSDsmuEV5t8Sdk4wx-ZS\/view?usp=sharing\" target=\"_blank\">texto completo<\/a><\/p>\n\n\n\n<p>MATERIAL DID\u00c1TICO ADAPT\u00c1VEL NO ENSINO DE CI\u00caNCIAS PARA PESSOAS COM DEFICI\u00caNCIA VISUAL &#8211;&nbsp;FERNANDA DAL PASQUAL &#8211; <a href=\"https:\/\/drive.google.com\/file\/d\/1mMqEF6_eD5NayxghK14uRq-fill3uEPb\/view?usp=sharing\" target=\"_blank\">texto completo<\/a><\/p>\n\n\n\n<p>O USO DO SOFTWARE LIVRE COMO FERRAMENTA DE APOIO PARA A DISCIPLINA DE ELEMENTOS COMPOSITIVOS DE PROJETO DO CURSO DE EXPRESS\u00c3O GR\u00c1FICA DA UFPR &#8211;&nbsp;KEVIN ANDERSEN &#8211; <a href=\"https:\/\/drive.google.com\/file\/d\/1RCR7CY4KHx9s-qOOjgR6cdDgxD4gGyhV\/view?usp=sharing\" target=\"_blank\">texto completo<\/a> &#8211; <a href=\"https:\/\/drive.google.com\/file\/d\/1-pKJ1krzmx7YjO7H0DRsenuceI-fWi1I\/view?usp=sharing\" target=\"_blank\">REA<\/a><\/p>\n\n\n\n<p>PROCESSOS PARA A ELABORA\u00c7\u00c3O DE MODELOS 3D PARA SUBSTITUIR A IMAGEM DE INDIV\u00cdDUOS PARTICIPANTES DE ESTUDOS CL\u00cdNICOS &#8211;&nbsp;ANDREW SCARINCI DO NASCIMENTO &#8211; <a href=\"https:\/\/drive.google.com\/file\/d\/0B-d_HwPi69SiNFo2VnFXNGxNSVFOQklRLUJOcU1rMXFLV0s0\/view?usp=sharing\" target=\"_blank\">texto completo<\/a><\/p>\n\n\n\n<p>REALIDADE AUMENTADA COMO RECURSO DID\u00c1TICO PARA O ENSINO E APRENDIZADO DE ESCALAS PLANET\u00c1RIAS E ESTELARES &#8211;&nbsp;THALES FERREIRA PANKE &#8211; <a href=\"https:\/\/drive.google.com\/file\/d\/0B-d_HwPi69SibFdkU0pmdVczalFaNFhIZ3Rkdmh1elVLMnNZ\/view?usp=sharing\" target=\"_blank\">texto completo<\/a><\/p>\n\n\n\n<h2 class=\"wp-block-heading\"><\/h2>\n\n\n\n<h2 class=\"wp-block-heading\">2017<\/h2>\n\n\n\n<p>AVALIA\u00c7\u00c3O DE \u00cdCONES DE SOFTWARES GR\u00c1FICOS &#8211;&nbsp;TAINARA ALVES DA COSTA &#8211; <a href=\"https:\/\/drive.google.com\/file\/d\/1WkrYhSI5A6UzBy5KZNzGckpzoSHg7zbz\/view?usp=sharing\" target=\"_blank\">texto completo<\/a><\/p>\n\n\n\n<p>DESENVOLVIMENTO DE ELEMENTOS VAZADOS UTILIZADOS NA ARQUITETURA COM O AUX\u00cdLIO DA PROTOTIPAGEM R\u00c1PIDA &#8211; MAISA NUNES JANOSKI &#8211; <a href=\"https:\/\/drive.google.com\/file\/d\/1hJfxjeNt9XRdgQW9T1njMgLBT7o3AV7V\/view?usp=sharing\" target=\"_blank\">texto completo<\/a><\/p>\n\n\n\n<p>DESIGN DE JOIAS E A EXPRESS\u00c3O GR\u00c1FICA &#8211;&nbsp;ANA B\u00c1RBARA Z\u00d6LFELD &#8211; <a href=\"https:\/\/drive.google.com\/file\/d\/1jGTqt9n6j1fPecyi20JUOQa232FKFL_N\/view?usp=sharing\" target=\"_blank\">texto completo<\/a><\/p>\n\n\n\n<p>ESTUDO DE COMPOSI\u00c7\u00c3O COM APLICA\u00c7\u00c3O DE FOTORREALISMO UTILIZANDO&nbsp; V-RAY &#8211; THAIS DE ANDRADE PINA &#8211; <a href=\"https:\/\/drive.google.com\/file\/d\/1Rxr_gAPutZTbtHGPw_S3KbKeGm0yb6kz\/view?usp=sharing\" target=\"_blank\">texto completo<\/a><\/p>\n\n\n\n<p>ESTUDO DE WAYFINDING E PROPOSTA DE APLICA\u00c7\u00c3O PARA A BIBLIOTECA DE CI\u00caNCIA E TECNOLOGIA DA UNIVERSIDADE FEDERAL DO PARAN\u00c1 &#8211;&nbsp;LAUREEN NATHALI ROUSIS COELHO &#8211; <a href=\"https:\/\/drive.google.com\/file\/d\/1hpb6YXVqexwjmD7M2WfEi7DJ1ux-DyE_\/view?usp=sharing\" target=\"_blank\">texto completo<\/a><\/p>\n\n\n\n<p>O USO DA ANIMA\u00c7\u00c3O EM LIBRAS NO ENSINO E APRENDIZAGEM DE CRIAN\u00c7AS COM DEFICI\u00caNCIA AUDITIVA &#8211;&nbsp;BRENDA BARABASZ DE MACEDO &#8211; <a href=\"https:\/\/drive.google.com\/file\/d\/1djdVxBnOsmk1cJiShReX6m6Us9Hp8Pg7\/view?usp=sharing\" target=\"_blank\">texto completo<\/a><\/p>\n\n\n\n<p>PRODU\u00c7\u00c3O COLE\u00c7\u00c3O DE JOIAS: PROTOTIPAGEM VOLTADA A PRODU\u00c7\u00c3O INDUSTRIAL DE JOIAS &#8211;&nbsp;EDUARDO AUGUSTO GOLDBACH &#8211; <a href=\"https:\/\/drive.google.com\/file\/d\/1pQ_C3mP6pv5W-h04kXwU2FiGRF9NRFkC\/view?usp=sharing\" target=\"_blank\">texto completo<\/a><\/p>\n\n\n\n<p>PROPOSTA PARA MODELO DE \u00d3RTESE DE TECNOLOGIA ASSISTIVA COM USO DE MODELAGEM PARAM\u00c9TRICA &#8211; GUSTAVO ROHRBACHER &#8211; <a href=\"https:\/\/drive.google.com\/file\/d\/1wX3npuVCwMA8qmB4ddXxU80nlNbqMiJ8\/view?usp=sharing\" target=\"_blank\">texto completo<\/a><\/p>\n\n\n\n<p>REALIDADE VIRTUAL N\u00c3O IMERSIVA APLICADA \u00c0 LITERATURA INFANTIL &#8211; GUSTAVO TURCATO VIEIRA DE SOUZA &#8211; <a href=\"https:\/\/drive.google.com\/file\/d\/12EaHl1-k95kkrjEFvRWBU7XIq6KNngrp\/view?usp=sharing\" target=\"_blank\">texto completo<\/a><\/p>\n\n\n\n<h2 class=\"wp-block-heading\"><\/h2>\n\n\n\n<h2 class=\"wp-block-heading\">2016<\/h2>\n\n\n\n<p>A EVOLU\u00c7\u00c3O DOS PROCESSOS DE PROJETO DA CONSTRU\u00c7\u00c3O CIVIL: COMO AMBIENTES DE PROGRAMA\u00c7\u00c3O VISUAL PODEM POTENCIALIZAR A TECNOLOGIA BIM &#8211; TUANE APARECIDA DOS SANTOS &#8211; <a href=\"https:\/\/drive.google.com\/file\/d\/1P-z23V4_KTYrDPyyxju_noySL62QlMwq\/view?usp=sharing\" target=\"_blank\">texto completo<\/a><\/p>\n\n\n\n<p class=\"textbox\">AN\u00c1LISE DA INFLU\u00caNCIA DA MAQUETE VIRTUAL 3D NO ENTENDIMENTO DO PROJETO ARQUITET\u00d4NICO &#8211; SANDRIENE JACOMIT AZEVEDO DE SOUZA &#8211; <a href=\"https:\/\/drive.google.com\/file\/d\/1IYgyJY1-Ha6JJUvVw5GNfZfobMOfHqGF\/view?usp=sharing\" target=\"_blank\">texto completo<\/a><\/p>\n\n\n\n<p class=\"textbox\">APLICA\u00c7\u00c3O DA TEORIA DA COR: ESTUDO DE CASOS NA \u00c1REA DA PROPAGANDA E COMUNICA\u00c7\u00c3O VISUAL &#8211; HYURI GUEDES &#8211; <a href=\"https:\/\/drive.google.com\/file\/d\/1y7XKpCb1MZJMfWq1Qa6T3n4XQitvhPn1\/view?usp=sharing\" target=\"_blank\">texto completo<\/a><\/p>\n\n\n\n<p class=\"textbox\">ESTUDO DE ELEMENTOS FINITOS APLICADO A AN\u00c1LISE TERMO-ESTRUTURAL &#8211; RODRIGO HIEDA MATIMOTO &#8211; <a href=\"https:\/\/drive.google.com\/file\/d\/1tfGwG4RCCi150Oa5jqcjwAHKsjzVZ90T\/view?usp=sharing\" target=\"_blank\">texto completo<\/a><\/p>\n\n\n\n<p class=\"has-text-align-left western\">IDENTIDADE CORPORATIVA UM ESTUDO PARA UMA EMPRESA NO RAMO DE CHOCOLATES EM CURITIBA &#8211; LUIZA COUTINHO DE MORAIS &#8211; <a href=\"https:\/\/drive.google.com\/file\/d\/16uLdzCXBPVferOHfM046Yft-CMteha0d\/view?usp=sharing\" target=\"_blank\">texto completo<\/a><\/p>\n\n\n\n<p>INFLU\u00caNCIA DAS CORES EM AMBIENTES COMERCIAIS: UM ESTUDO DE CASO DAS CADEIAS DE FAST-FOOD &#8211; KARLA MICHELLE SANTACRUZ TAPIA &#8211; texto completo &#8211; <a href=\"https:\/\/drive.google.com\/file\/d\/1RiNeqDmDLQPfWe42DR0-EDo4HxGvBTSL\/view?usp=sharing\" target=\"_blank\">manual da marca<\/a><\/p>\n\n\n\n<p>MORADIAS M\u00cdNIMAS ESTUDO PARA O INTERIOR DE UM APARTAMENTO M\u00cdNIMO EM CURITIBA &#8211; ESTER ARIADNE DIAS &#8211; <a href=\"https:\/\/drive.google.com\/file\/d\/1Fd8ow27KcJ_Ko5JL-PKdCoeiur5eesBu\/view?usp=sharing\" target=\"_blank\">texto completo<\/a><\/p>\n","protected":false},"excerpt":{"rendered":"<p>2023 DESENVOLVIMENTO DE REALIDADE AUMENTADA PARA VISUALIZA\u00c7\u00c3O DE S\u00d3LIDOS GEOM\u00c9TRICOS VOLTADO PARA A EDUCA\u00c7\u00c3O B\u00c1SICA &#8211; BRUNO HUMBERTO DE CAMARGO &#8211; texto completo FERRAMENTA DE VISUALIZA\u00c7\u00c3O DE COMPONENTES DE UMA SUBESTA\u00c7\u00c3O EL\u00c9TRICA EM REALIDADE AUMENTADA &#8211; EMILIANE MAYUMI ITO &#8211;&hellip; <\/p>\n","protected":false},"author":20,"featured_media":0,"parent":0,"menu_order":0,"comment_status":"closed","ping_status":"closed","template":"","meta":{"footnotes":""},"class_list":["post-1288","page","type-page","status-publish","hentry"],"_links":{"self":[{"href":"https:\/\/exatas.ufpr.br\/cegraf\/wp-json\/wp\/v2\/pages\/1288","targetHints":{"allow":["GET"]}}],"collection":[{"href":"https:\/\/exatas.ufpr.br\/cegraf\/wp-json\/wp\/v2\/pages"}],"about":[{"href":"https:\/\/exatas.ufpr.br\/cegraf\/wp-json\/wp\/v2\/types\/page"}],"author":[{"embeddable":true,"href":"https:\/\/exatas.ufpr.br\/cegraf\/wp-json\/wp\/v2\/users\/20"}],"replies":[{"embeddable":true,"href":"https:\/\/exatas.ufpr.br\/cegraf\/wp-json\/wp\/v2\/comments?post=1288"}],"version-history":[{"count":19,"href":"https:\/\/exatas.ufpr.br\/cegraf\/wp-json\/wp\/v2\/pages\/1288\/revisions"}],"predecessor-version":[{"id":2123,"href":"https:\/\/exatas.ufpr.br\/cegraf\/wp-json\/wp\/v2\/pages\/1288\/revisions\/2123"}],"wp:attachment":[{"href":"https:\/\/exatas.ufpr.br\/cegraf\/wp-json\/wp\/v2\/media?parent=1288"}],"curies":[{"name":"wp","href":"https:\/\/api.w.org\/{rel}","templated":true}]}}