{"id":126,"date":"2014-09-10T21:18:04","date_gmt":"2014-09-11T00:18:04","guid":{"rendered":"https:\/\/exatas.ufpr.br\/cegraf\/?page_id=126"},"modified":"2023-03-10T14:45:25","modified_gmt":"2023-03-10T17:45:25","slug":"arquitetura","status":"publish","type":"page","link":"https:\/\/exatas.ufpr.br\/cegraf\/arquitetura\/","title":{"rendered":"Arquitetura"},"content":{"rendered":"<p>As disciplinas do Curso de Express\u00e3o Gr\u00e1fica est\u00e3o divididas em seis \u00e1reas: Forma\u00e7\u00e3o B\u00e1sica, Linguagem Gr\u00e1fica, Fundamentos de Projeto, Arquitetura, Produto e Extens\u00e3o Universit\u00e1ria.<\/p>\n<p>&nbsp;<\/p>\n<p>\u00c1rea de Arquitetura, corresponde aos conte\u00fados ligados aos fundamentos do projeto de arquitetura. Objetivam capacitar os alunos sobre os conceitos b\u00e1sicos dos projetos de arquitetura de exterior e interior.<\/p>\n<p><strong>\u00a0<\/strong><\/p>\n<p><strong>DISCIPLINAS \u00c1REA DE ARQUITETURA<\/strong><\/p>\n<table width=\"567\">\n<tbody>\n<tr>\n<td width=\"312\"><\/td>\n<td width=\"38\">PD<\/td>\n<td width=\"28\">LB<\/td>\n<td width=\"28\">CP<\/td>\n<td width=\"28\">ES<\/td>\n<td width=\"28\">OR<\/td>\n<td width=\"28\">PE<\/td>\n<td width=\"28\">EFP<\/td>\n<td width=\"47\">Total<\/td>\n<\/tr>\n<tr>\n<td width=\"312\">CEG322 &#8211; Desenho Arquitet\u00f4nico I<\/td>\n<td width=\"38\">30<\/td>\n<td width=\"28\">30<\/td>\n<td width=\"28\"><\/td>\n<td width=\"28\"><\/td>\n<td width=\"28\"><\/td>\n<td width=\"28\"><\/td>\n<td width=\"28\"><\/td>\n<td width=\"47\">60<\/td>\n<\/tr>\n<tr>\n<td width=\"312\">CEG323 &#8211; Ambiente Constru\u00eddo I<\/td>\n<td width=\"38\">30<\/td>\n<td width=\"28\">30<\/td>\n<td width=\"28\"><\/td>\n<td width=\"28\"><\/td>\n<td width=\"28\"><\/td>\n<td width=\"28\"><\/td>\n<td width=\"28\"><\/td>\n<td width=\"47\">60<\/td>\n<\/tr>\n<tr>\n<td width=\"312\">CEG324 &#8211; Prototipagem II<\/td>\n<td width=\"38\">15<\/td>\n<td width=\"28\">45<\/td>\n<td width=\"28\"><\/td>\n<td width=\"28\"><\/td>\n<td width=\"28\"><\/td>\n<td width=\"28\"><\/td>\n<td width=\"28\"><\/td>\n<td width=\"47\">60<\/td>\n<\/tr>\n<tr>\n<td width=\"312\">CEG325 &#8211; Modelagem da Informa\u00e7\u00e3o e da Constru\u00e7\u00e3o<\/td>\n<td width=\"38\">15<\/td>\n<td width=\"28\">45<\/td>\n<td width=\"28\"><\/td>\n<td width=\"28\"><\/td>\n<td width=\"28\"><\/td>\n<td width=\"28\"><\/td>\n<td width=\"28\"><\/td>\n<td width=\"47\">60<\/td>\n<\/tr>\n<tr>\n<td width=\"312\">CEG326 &#8211; Projeto de M\u00f3veis I<\/td>\n<td width=\"38\">15<\/td>\n<td width=\"28\">30<\/td>\n<td width=\"28\"><\/td>\n<td width=\"28\"><\/td>\n<td width=\"28\"><\/td>\n<td width=\"28\"><\/td>\n<td width=\"28\"><\/td>\n<td width=\"47\">45<\/td>\n<\/tr>\n<tr>\n<td width=\"312\">CEG327 &#8211; Projeto de M\u00f3veis II<\/td>\n<td width=\"38\">15<\/td>\n<td width=\"28\">30<\/td>\n<td width=\"28\"><\/td>\n<td width=\"28\"><\/td>\n<td width=\"28\"><\/td>\n<td width=\"28\"><\/td>\n<td width=\"28\"><\/td>\n<td width=\"47\">45<\/td>\n<\/tr>\n<tr>\n<td width=\"312\"><strong>Carga hor\u00e1ria da \u00e1rea<\/strong><\/td>\n<td width=\"38\"><strong>120<\/strong><\/td>\n<td width=\"28\"><strong>210<\/strong><\/td>\n<td width=\"28\"><strong>\u00a0<\/strong><\/td>\n<td width=\"28\"><strong>\u00a0<\/strong><\/td>\n<td width=\"28\"><strong>\u00a0<\/strong><\/td>\n<td width=\"28\"><strong>\u00a0<\/strong><\/td>\n<td width=\"28\"><strong>\u00a0<\/strong><\/td>\n<td width=\"47\"><strong>330<\/strong><\/td>\n<\/tr>\n<\/tbody>\n<\/table>\n<p>Legenda: PD \u2013 Padr\u00e3o; LB \u2013 Laborat\u00f3rio; CP \u2013 Campo; ES \u2013 Est\u00e1gio; OR \u2013 Orientada; PE \u2013 Pr\u00e1tica Espec\u00edfica; EFP \u2013 Est\u00e1gio de Forma\u00e7\u00e3o Pedag\u00f3gica<\/p>\n<p>&nbsp;<\/p>\n<div class=\"conteudo1\"><\/div>\n","protected":false},"excerpt":{"rendered":"<p>As disciplinas do Curso de Express\u00e3o Gr\u00e1fica est\u00e3o divididas em seis \u00e1reas: Forma\u00e7\u00e3o B\u00e1sica, Linguagem Gr\u00e1fica, Fundamentos de Projeto, Arquitetura, Produto e Extens\u00e3o Universit\u00e1ria. &nbsp; \u00c1rea de Arquitetura, corresponde aos conte\u00fados ligados aos fundamentos do projeto de arquitetura. Objetivam capacitar&hellip; <\/p>\n","protected":false},"author":1,"featured_media":0,"parent":0,"menu_order":0,"comment_status":"closed","ping_status":"closed","template":"","meta":{"footnotes":""},"class_list":["post-126","page","type-page","status-publish","hentry"],"_links":{"self":[{"href":"https:\/\/exatas.ufpr.br\/cegraf\/wp-json\/wp\/v2\/pages\/126","targetHints":{"allow":["GET"]}}],"collection":[{"href":"https:\/\/exatas.ufpr.br\/cegraf\/wp-json\/wp\/v2\/pages"}],"about":[{"href":"https:\/\/exatas.ufpr.br\/cegraf\/wp-json\/wp\/v2\/types\/page"}],"author":[{"embeddable":true,"href":"https:\/\/exatas.ufpr.br\/cegraf\/wp-json\/wp\/v2\/users\/1"}],"replies":[{"embeddable":true,"href":"https:\/\/exatas.ufpr.br\/cegraf\/wp-json\/wp\/v2\/comments?post=126"}],"version-history":[{"count":15,"href":"https:\/\/exatas.ufpr.br\/cegraf\/wp-json\/wp\/v2\/pages\/126\/revisions"}],"predecessor-version":[{"id":2057,"href":"https:\/\/exatas.ufpr.br\/cegraf\/wp-json\/wp\/v2\/pages\/126\/revisions\/2057"}],"wp:attachment":[{"href":"https:\/\/exatas.ufpr.br\/cegraf\/wp-json\/wp\/v2\/media?parent=126"}],"curies":[{"name":"wp","href":"https:\/\/api.w.org\/{rel}","templated":true}]}}