{"id":114,"date":"2014-09-10T21:06:37","date_gmt":"2014-09-11T00:06:37","guid":{"rendered":"https:\/\/exatas.ufpr.br\/cegraf\/?page_id=114"},"modified":"2023-03-10T14:46:24","modified_gmt":"2023-03-10T17:46:24","slug":"desenho-arquitetonico","status":"publish","type":"page","link":"https:\/\/exatas.ufpr.br\/cegraf\/desenho-arquitetonico\/","title":{"rendered":"Fundamentos de Projeto"},"content":{"rendered":"<p>As disciplinas do Curso de Express\u00e3o Gr\u00e1fica est\u00e3o divididas em seis \u00e1reas: Forma\u00e7\u00e3o B\u00e1sica, Linguagem Gr\u00e1fica, Fundamentos de Projeto, Arquitetura, Produto e Extens\u00e3o Universit\u00e1ria.<\/p>\n<p>&nbsp;<\/p>\n<p>\u00c1rea de Fundamentos de Projeto, corresponde aos conte\u00fados ligados a fundamenta\u00e7\u00e3o de projetos, relacionados aos seguintes temas: Fundamentos do Design, Hist\u00f3ria da Arquitetura, Hist\u00f3ria das Artes Visuais, Hist\u00f3ria do Design, Ergonomia, Tecnologias dos Materiais, Processos de Fabrica\u00e7\u00e3o: Industrial, Digital e R\u00e1pida.<\/p>\n<p>&nbsp;<\/p>\n<p><strong>DISCIPLINAS \u00c1REA DE FUNDAMENTOS DE PROJETO<\/strong><\/p>\n<table width=\"567\">\n<tbody>\n<tr>\n<td width=\"312\"><\/td>\n<td width=\"38\">PD<\/td>\n<td width=\"28\">LB<\/td>\n<td width=\"28\">CP<\/td>\n<td width=\"28\">ES<\/td>\n<td width=\"28\">OR<\/td>\n<td width=\"28\">PE<\/td>\n<td width=\"28\">EFP<\/td>\n<td width=\"47\">Total<\/td>\n<\/tr>\n<tr>\n<td width=\"312\">CEG316 &#8211; Hist\u00f3ria das Artes Visuais<\/td>\n<td width=\"38\">60<\/td>\n<td width=\"28\"><\/td>\n<td width=\"28\"><\/td>\n<td width=\"28\"><\/td>\n<td width=\"28\"><\/td>\n<td width=\"28\"><\/td>\n<td width=\"28\"><\/td>\n<td width=\"47\">60<\/td>\n<\/tr>\n<tr>\n<td width=\"312\">CEG317 &#8211; Introdu\u00e7\u00e3o \u00e0 Arquitetura<\/td>\n<td width=\"38\">45<\/td>\n<td width=\"28\"><\/td>\n<td width=\"28\"><\/td>\n<td width=\"28\"><\/td>\n<td width=\"28\"><\/td>\n<td width=\"28\"><\/td>\n<td width=\"28\"><\/td>\n<td width=\"47\">45<\/td>\n<\/tr>\n<tr>\n<td width=\"312\">CEG318 &#8211; Introdu\u00e7\u00e3o ao Design<\/td>\n<td width=\"38\">60<\/td>\n<td width=\"28\"><\/td>\n<td width=\"28\"><\/td>\n<td width=\"28\"><\/td>\n<td width=\"28\"><\/td>\n<td width=\"28\"><\/td>\n<td width=\"28\"><\/td>\n<td width=\"47\">60<\/td>\n<\/tr>\n<tr>\n<td width=\"312\">CEG319 &#8211; Ergonomia<\/td>\n<td width=\"38\">45<\/td>\n<td width=\"28\">15<\/td>\n<td width=\"28\"><\/td>\n<td width=\"28\"><\/td>\n<td width=\"28\"><\/td>\n<td width=\"28\"><\/td>\n<td width=\"28\"><\/td>\n<td width=\"47\">60<\/td>\n<\/tr>\n<tr>\n<td width=\"312\">CEG320 &#8211; Tecnologia dos Materiais<\/td>\n<td width=\"38\">45<\/td>\n<td width=\"28\">15<\/td>\n<td width=\"28\"><\/td>\n<td width=\"28\"><\/td>\n<td width=\"28\"><\/td>\n<td width=\"28\"><\/td>\n<td width=\"28\"><\/td>\n<td width=\"47\">60<\/td>\n<\/tr>\n<tr>\n<td width=\"312\">CEG321 &#8211; Processos de Fabrica\u00e7\u00e3o<\/td>\n<td width=\"38\">45<\/td>\n<td width=\"28\">15<\/td>\n<td width=\"28\"><\/td>\n<td width=\"28\"><\/td>\n<td width=\"28\"><\/td>\n<td width=\"28\"><\/td>\n<td width=\"28\"><\/td>\n<td width=\"47\">60<\/td>\n<\/tr>\n<tr>\n<td width=\"312\"><strong>Carga hor\u00e1ria da \u00e1rea<\/strong><\/td>\n<td width=\"38\"><strong>300<\/strong><\/td>\n<td width=\"28\"><strong>45<\/strong><\/td>\n<td width=\"28\"><strong>\u00a0<\/strong><\/td>\n<td width=\"28\"><strong>\u00a0<\/strong><\/td>\n<td width=\"28\"><strong>\u00a0<\/strong><\/td>\n<td width=\"28\"><strong>\u00a0<\/strong><\/td>\n<td width=\"28\"><strong>\u00a0<\/strong><\/td>\n<td width=\"47\"><strong>345<\/strong><\/td>\n<\/tr>\n<\/tbody>\n<\/table>\n<p>Legenda: PD \u2013 Padr\u00e3o; LB \u2013 Laborat\u00f3rio; CP \u2013 Campo; ES \u2013 Est\u00e1gio; OR \u2013 Orientada; PE \u2013 Pr\u00e1tica Espec\u00edfica; EFP \u2013 Est\u00e1gio de Forma\u00e7\u00e3o Pedag\u00f3gica.<\/p>\n","protected":false},"excerpt":{"rendered":"<p>As disciplinas do Curso de Express\u00e3o Gr\u00e1fica est\u00e3o divididas em seis \u00e1reas: Forma\u00e7\u00e3o B\u00e1sica, Linguagem Gr\u00e1fica, Fundamentos de Projeto, Arquitetura, Produto e Extens\u00e3o Universit\u00e1ria. &nbsp; \u00c1rea de Fundamentos de Projeto, corresponde aos conte\u00fados ligados a fundamenta\u00e7\u00e3o de projetos, relacionados aos&hellip; <\/p>\n","protected":false},"author":1,"featured_media":0,"parent":0,"menu_order":0,"comment_status":"closed","ping_status":"closed","template":"","meta":{"footnotes":""},"class_list":["post-114","page","type-page","status-publish","hentry"],"_links":{"self":[{"href":"https:\/\/exatas.ufpr.br\/cegraf\/wp-json\/wp\/v2\/pages\/114","targetHints":{"allow":["GET"]}}],"collection":[{"href":"https:\/\/exatas.ufpr.br\/cegraf\/wp-json\/wp\/v2\/pages"}],"about":[{"href":"https:\/\/exatas.ufpr.br\/cegraf\/wp-json\/wp\/v2\/types\/page"}],"author":[{"embeddable":true,"href":"https:\/\/exatas.ufpr.br\/cegraf\/wp-json\/wp\/v2\/users\/1"}],"replies":[{"embeddable":true,"href":"https:\/\/exatas.ufpr.br\/cegraf\/wp-json\/wp\/v2\/comments?post=114"}],"version-history":[{"count":17,"href":"https:\/\/exatas.ufpr.br\/cegraf\/wp-json\/wp\/v2\/pages\/114\/revisions"}],"predecessor-version":[{"id":2059,"href":"https:\/\/exatas.ufpr.br\/cegraf\/wp-json\/wp\/v2\/pages\/114\/revisions\/2059"}],"wp:attachment":[{"href":"https:\/\/exatas.ufpr.br\/cegraf\/wp-json\/wp\/v2\/media?parent=114"}],"curies":[{"name":"wp","href":"https:\/\/api.w.org\/{rel}","templated":true}]}}