{"id":112,"date":"2014-09-10T21:05:29","date_gmt":"2014-09-11T00:05:29","guid":{"rendered":"https:\/\/exatas.ufpr.br\/cegraf\/?page_id=112"},"modified":"2023-03-10T14:46:39","modified_gmt":"2023-03-10T17:46:39","slug":"disciplinas-linguagem","status":"publish","type":"page","link":"https:\/\/exatas.ufpr.br\/cegraf\/disciplinas-linguagem\/","title":{"rendered":"Linguagem Gr\u00e1fica"},"content":{"rendered":"<p>As disciplinas do Curso de Express\u00e3o Gr\u00e1fica est\u00e3o divididas em seis \u00e1reas: Forma\u00e7\u00e3o B\u00e1sica, Linguagem Gr\u00e1fica, Fundamentos de Projeto, Arquitetura, Produto e Extens\u00e3o Universit\u00e1ria.<\/p>\n<p>&nbsp;<\/p>\n<p>\u00c1rea de Linguagem Gr\u00e1fica, corresponde aos conte\u00fados te\u00f3ricos e pr\u00e1ticos relacionados aos seguintes temas: teoria da forma e da cor, teoria da imagem, tratamento e edi\u00e7\u00e3o da imagem, desenho, hist\u00f3ria do desenho, representa\u00e7\u00e3o gr\u00e1fica, modelagem e anima\u00e7\u00e3o.<\/p>\n<p>&nbsp;<\/p>\n<p><strong>DISCIPLINAS \u00c1REA DE LINGUAGEM GR\u00c1FICA<\/strong><\/p>\n<table width=\"567\">\n<tbody>\n<tr>\n<td width=\"312\"><\/td>\n<td width=\"38\">PD<\/td>\n<td width=\"28\">LB<\/td>\n<td width=\"28\">CP<\/td>\n<td width=\"28\">ES<\/td>\n<td width=\"28\">OR<\/td>\n<td width=\"28\">PE<\/td>\n<td width=\"28\">EFP<\/td>\n<td width=\"47\">Total<\/td>\n<\/tr>\n<tr>\n<td width=\"312\">CEG301 &#8211; Introdu\u00e7\u00e3o \u00e0 Express\u00e3o Gr\u00e1fica<\/td>\n<td width=\"38\">60<\/td>\n<td width=\"28\"><\/td>\n<td width=\"28\"><\/td>\n<td width=\"28\"><\/td>\n<td width=\"28\"><\/td>\n<td width=\"28\"><\/td>\n<td width=\"28\"><\/td>\n<td width=\"47\">60<\/td>\n<\/tr>\n<tr>\n<td width=\"312\">CEG307 &#8211; Representa\u00e7\u00e3o Gr\u00e1fica I<\/td>\n<td width=\"38\">15<\/td>\n<td width=\"28\">45<\/td>\n<td width=\"28\"><\/td>\n<td width=\"28\"><\/td>\n<td width=\"28\"><\/td>\n<td width=\"28\"><\/td>\n<td width=\"28\"><\/td>\n<td width=\"47\">60<\/td>\n<\/tr>\n<tr>\n<td width=\"312\">CEG308 &#8211; Representa\u00e7\u00e3o Gr\u00e1fica II<\/td>\n<td width=\"38\">15<\/td>\n<td width=\"28\">45<\/td>\n<td width=\"28\"><\/td>\n<td width=\"28\"><\/td>\n<td width=\"28\"><\/td>\n<td width=\"28\"><\/td>\n<td width=\"28\"><\/td>\n<td width=\"47\">60<\/td>\n<\/tr>\n<tr>\n<td width=\"312\">CEG309 &#8211; Composi\u00e7\u00e3o I<\/td>\n<td width=\"38\">15<\/td>\n<td width=\"28\">45<\/td>\n<td width=\"28\"><\/td>\n<td width=\"28\"><\/td>\n<td width=\"28\"><\/td>\n<td width=\"28\"><\/td>\n<td width=\"28\"><\/td>\n<td width=\"47\">60<\/td>\n<\/tr>\n<tr>\n<td width=\"312\">CEG310 &#8211; Composi\u00e7\u00e3o II<\/td>\n<td width=\"38\">15<\/td>\n<td width=\"28\">30<\/td>\n<td width=\"28\"><\/td>\n<td width=\"28\"><\/td>\n<td width=\"28\"><\/td>\n<td width=\"28\"><\/td>\n<td width=\"28\"><\/td>\n<td width=\"47\">45<\/td>\n<\/tr>\n<tr>\n<td width=\"312\">CEG311 &#8211; Fundamentos da Comunica\u00e7\u00e3o Visual<\/td>\n<td width=\"38\">15<\/td>\n<td width=\"28\">30<\/td>\n<td width=\"28\"><\/td>\n<td width=\"28\"><\/td>\n<td width=\"28\"><\/td>\n<td width=\"28\"><\/td>\n<td width=\"28\"><\/td>\n<td width=\"47\">45<\/td>\n<\/tr>\n<tr>\n<td width=\"312\">CEG312 &#8211; Tratamento e Edi\u00e7\u00e3o de Imagem<\/td>\n<td width=\"38\">15<\/td>\n<td width=\"28\">30<\/td>\n<td width=\"28\"><\/td>\n<td width=\"28\"><\/td>\n<td width=\"28\"><\/td>\n<td width=\"28\"><\/td>\n<td width=\"28\"><\/td>\n<td width=\"47\">45<\/td>\n<\/tr>\n<tr>\n<td width=\"312\">CEG313 &#8211; Modelagem Digital e Anima\u00e7\u00e3o I<\/td>\n<td width=\"38\">10<\/td>\n<td width=\"28\">35<\/td>\n<td width=\"28\"><\/td>\n<td width=\"28\"><\/td>\n<td width=\"28\"><\/td>\n<td width=\"28\"><\/td>\n<td width=\"28\"><\/td>\n<td width=\"47\">45<\/td>\n<\/tr>\n<tr>\n<td width=\"312\">CEG314 &#8211; Modelagem Digital e Anima\u00e7\u00e3o II<\/td>\n<td width=\"38\">10<\/td>\n<td width=\"28\">35<\/td>\n<td width=\"28\"><\/td>\n<td width=\"28\"><\/td>\n<td width=\"28\"><\/td>\n<td width=\"28\"><\/td>\n<td width=\"28\"><\/td>\n<td width=\"47\">45<\/td>\n<\/tr>\n<tr>\n<td width=\"312\">CEG315 &#8211; Modelagem Digital e Anima\u00e7\u00e3o III<\/td>\n<td width=\"38\">10<\/td>\n<td width=\"28\">35<\/td>\n<td width=\"28\"><\/td>\n<td width=\"28\"><\/td>\n<td width=\"28\"><\/td>\n<td width=\"28\"><\/td>\n<td width=\"28\"><\/td>\n<td width=\"47\">45<\/td>\n<\/tr>\n<tr>\n<td width=\"312\"><strong>Carga hor\u00e1ria da \u00e1rea<\/strong><\/td>\n<td width=\"38\"><strong>180<\/strong><\/td>\n<td width=\"28\"><strong>330<\/strong><\/td>\n<td width=\"28\"><strong>\u00a0<\/strong><\/td>\n<td width=\"28\"><strong>\u00a0<\/strong><\/td>\n<td width=\"28\"><strong>\u00a0<\/strong><\/td>\n<td width=\"28\"><strong>\u00a0<\/strong><\/td>\n<td width=\"28\"><strong>\u00a0<\/strong><\/td>\n<td width=\"47\"><strong>510<\/strong><\/td>\n<\/tr>\n<\/tbody>\n<\/table>\n<p>Legenda: PD \u2013 Padr\u00e3o; LB \u2013 Laborat\u00f3rio; CP \u2013 Campo; ES \u2013 Est\u00e1gio; OR \u2013 Orientada; PE \u2013 Pr\u00e1tica Espec\u00edfica; EFP \u2013 Est\u00e1gio de Forma\u00e7\u00e3o Pedag\u00f3gica.<\/p>\n","protected":false},"excerpt":{"rendered":"<p>As disciplinas do Curso de Express\u00e3o Gr\u00e1fica est\u00e3o divididas em seis \u00e1reas: Forma\u00e7\u00e3o B\u00e1sica, Linguagem Gr\u00e1fica, Fundamentos de Projeto, Arquitetura, Produto e Extens\u00e3o Universit\u00e1ria. &nbsp; \u00c1rea de Linguagem Gr\u00e1fica, corresponde aos conte\u00fados te\u00f3ricos e pr\u00e1ticos relacionados aos seguintes temas: teoria&hellip; <\/p>\n","protected":false},"author":1,"featured_media":0,"parent":0,"menu_order":0,"comment_status":"closed","ping_status":"closed","template":"","meta":{"footnotes":""},"class_list":["post-112","page","type-page","status-publish","hentry"],"_links":{"self":[{"href":"https:\/\/exatas.ufpr.br\/cegraf\/wp-json\/wp\/v2\/pages\/112","targetHints":{"allow":["GET"]}}],"collection":[{"href":"https:\/\/exatas.ufpr.br\/cegraf\/wp-json\/wp\/v2\/pages"}],"about":[{"href":"https:\/\/exatas.ufpr.br\/cegraf\/wp-json\/wp\/v2\/types\/page"}],"author":[{"embeddable":true,"href":"https:\/\/exatas.ufpr.br\/cegraf\/wp-json\/wp\/v2\/users\/1"}],"replies":[{"embeddable":true,"href":"https:\/\/exatas.ufpr.br\/cegraf\/wp-json\/wp\/v2\/comments?post=112"}],"version-history":[{"count":6,"href":"https:\/\/exatas.ufpr.br\/cegraf\/wp-json\/wp\/v2\/pages\/112\/revisions"}],"predecessor-version":[{"id":2060,"href":"https:\/\/exatas.ufpr.br\/cegraf\/wp-json\/wp\/v2\/pages\/112\/revisions\/2060"}],"wp:attachment":[{"href":"https:\/\/exatas.ufpr.br\/cegraf\/wp-json\/wp\/v2\/media?parent=112"}],"curies":[{"name":"wp","href":"https:\/\/api.w.org\/{rel}","templated":true}]}}