{"id":106,"date":"2014-09-10T21:01:00","date_gmt":"2014-09-11T00:01:00","guid":{"rendered":"https:\/\/exatas.ufpr.br\/cegraf\/?page_id=106"},"modified":"2023-03-10T14:46:08","modified_gmt":"2023-03-10T17:46:08","slug":"disciplinas-basicas","status":"publish","type":"page","link":"https:\/\/exatas.ufpr.br\/cegraf\/disciplinas-basicas\/","title":{"rendered":"B\u00e1sicas"},"content":{"rendered":"<hr \/>\n<p>As disciplinas do Curso de Express\u00e3o Gr\u00e1fica est\u00e3o divididas em seis \u00e1reas: Forma\u00e7\u00e3o B\u00e1sica, Linguagem Gr\u00e1fica, Fundamentos de Projeto, Arquitetura, Produto e Extens\u00e3o Universit\u00e1ria.<\/p>\n<p>&nbsp;<\/p>\n<p>\u00c1rea Forma\u00e7\u00e3o B\u00e1sica, nesse eixo s\u00e3o tratados os conte\u00fados b\u00e1sicos que fundamentam os alunos nas \u00e1reas de matem\u00e1tica, linguagem de programa\u00e7\u00e3o, geometria plana e espacial, desenho e representa\u00e7\u00e3o gr\u00e1fica e t\u00e9cnica. As disciplinas da \u00e1rea est\u00e3o descritas no quadro a seguir:<\/p>\n<p>&nbsp;<\/p>\n<p><strong>DISCIPLINAS \u00c1REA DE FORMA\u00c7\u00c3O B\u00c1SICA<\/strong><\/p>\n<table width=\"567\">\n<tbody>\n<tr>\n<td width=\"312\"><\/td>\n<td width=\"38\">PD<\/td>\n<td width=\"28\">LB<\/td>\n<td width=\"28\">CP<\/td>\n<td width=\"28\">ES<\/td>\n<td width=\"28\">OR<\/td>\n<td width=\"28\">PE<\/td>\n<td width=\"28\">EFP<\/td>\n<td width=\"47\">Total<\/td>\n<\/tr>\n<tr>\n<td width=\"312\">CEG302 &#8211; Desenho Geom\u00e9trico I<\/td>\n<td width=\"38\">45<\/td>\n<td width=\"28\">15<\/td>\n<td width=\"28\"><\/td>\n<td width=\"28\"><\/td>\n<td width=\"28\"><\/td>\n<td width=\"28\"><\/td>\n<td width=\"28\"><\/td>\n<td width=\"47\">60<\/td>\n<\/tr>\n<tr>\n<td width=\"312\">CEG303 &#8211; Geometria Descritiva I<\/td>\n<td width=\"38\">45<\/td>\n<td width=\"28\">15<\/td>\n<td width=\"28\"><\/td>\n<td width=\"28\"><\/td>\n<td width=\"28\"><\/td>\n<td width=\"28\"><\/td>\n<td width=\"28\"><\/td>\n<td width=\"47\">60<\/td>\n<\/tr>\n<tr>\n<td width=\"312\">CEG304 &#8211; Matem\u00e1tica Aplicada \u00e0 Express\u00e3o Gr\u00e1fica<\/td>\n<td width=\"38\"><\/td>\n<td width=\"28\">60<\/td>\n<td width=\"28\"><\/td>\n<td width=\"28\"><\/td>\n<td width=\"28\"><\/td>\n<td width=\"28\"><\/td>\n<td width=\"28\"><\/td>\n<td width=\"47\">60<\/td>\n<\/tr>\n<tr>\n<td width=\"312\">CEG305 &#8211; Fundamentos da Programa\u00e7\u00e3o Aplicados \u00e0 Express\u00e3o Gr\u00e1fica<\/td>\n<td width=\"38\">30<\/td>\n<td width=\"28\">30<\/td>\n<td width=\"28\"><\/td>\n<td width=\"28\"><\/td>\n<td width=\"28\"><\/td>\n<td width=\"28\"><\/td>\n<td width=\"28\"><\/td>\n<td width=\"47\">60<\/td>\n<\/tr>\n<tr>\n<td width=\"312\">CEG306 &#8211; Desenho T\u00e9cnico e CAD<\/td>\n<td width=\"38\">15<\/td>\n<td width=\"28\">45<\/td>\n<td width=\"28\"><\/td>\n<td width=\"28\"><\/td>\n<td width=\"28\"><\/td>\n<td width=\"28\"><\/td>\n<td width=\"28\"><\/td>\n<td width=\"47\">60<\/td>\n<\/tr>\n<tr>\n<td width=\"312\"><strong>Carga hor\u00e1ria da \u00e1rea<\/strong><\/td>\n<td width=\"38\"><strong>195<\/strong><\/td>\n<td width=\"28\"><strong>105<\/strong><\/td>\n<td width=\"28\"><strong>\u00a0<\/strong><\/td>\n<td width=\"28\"><strong>\u00a0<\/strong><\/td>\n<td width=\"28\"><strong>\u00a0<\/strong><\/td>\n<td width=\"28\"><strong>\u00a0<\/strong><\/td>\n<td width=\"28\"><strong>\u00a0<\/strong><\/td>\n<td width=\"47\"><strong>300<\/strong><\/td>\n<\/tr>\n<\/tbody>\n<\/table>\n<p>Legenda: PD \u2013 Padr\u00e3o; LB \u2013 Laborat\u00f3rio; CP \u2013 Campo; ES \u2013 Est\u00e1gio; OR \u2013 Orientada; PE \u2013 Pr\u00e1tica Espec\u00edfica; EFP \u2013 Est\u00e1gio de Forma\u00e7\u00e3o Pedag\u00f3gica.<\/p>\n<div class=\"conteudo1\"><\/div>\n","protected":false},"excerpt":{"rendered":"<p>As disciplinas do Curso de Express\u00e3o Gr\u00e1fica est\u00e3o divididas em seis \u00e1reas: Forma\u00e7\u00e3o B\u00e1sica, Linguagem Gr\u00e1fica, Fundamentos de Projeto, Arquitetura, Produto e Extens\u00e3o Universit\u00e1ria. &nbsp; \u00c1rea Forma\u00e7\u00e3o B\u00e1sica, nesse eixo s\u00e3o tratados os conte\u00fados b\u00e1sicos que fundamentam os alunos nas&hellip; <\/p>\n","protected":false},"author":1,"featured_media":0,"parent":0,"menu_order":0,"comment_status":"closed","ping_status":"closed","template":"","meta":{"footnotes":""},"class_list":["post-106","page","type-page","status-publish","hentry"],"_links":{"self":[{"href":"https:\/\/exatas.ufpr.br\/cegraf\/wp-json\/wp\/v2\/pages\/106","targetHints":{"allow":["GET"]}}],"collection":[{"href":"https:\/\/exatas.ufpr.br\/cegraf\/wp-json\/wp\/v2\/pages"}],"about":[{"href":"https:\/\/exatas.ufpr.br\/cegraf\/wp-json\/wp\/v2\/types\/page"}],"author":[{"embeddable":true,"href":"https:\/\/exatas.ufpr.br\/cegraf\/wp-json\/wp\/v2\/users\/1"}],"replies":[{"embeddable":true,"href":"https:\/\/exatas.ufpr.br\/cegraf\/wp-json\/wp\/v2\/comments?post=106"}],"version-history":[{"count":18,"href":"https:\/\/exatas.ufpr.br\/cegraf\/wp-json\/wp\/v2\/pages\/106\/revisions"}],"predecessor-version":[{"id":2058,"href":"https:\/\/exatas.ufpr.br\/cegraf\/wp-json\/wp\/v2\/pages\/106\/revisions\/2058"}],"wp:attachment":[{"href":"https:\/\/exatas.ufpr.br\/cegraf\/wp-json\/wp\/v2\/media?parent=106"}],"curies":[{"name":"wp","href":"https:\/\/api.w.org\/{rel}","templated":true}]}}